{"id":235466,"date":"2022-03-18T02:34:06","date_gmt":"2022-03-18T02:34:06","guid":{"rendered":"https:\/\/humicontrol.com\/ramon-mestre\/"},"modified":"2024-06-25T07:55:22","modified_gmt":"2024-06-25T07:55:22","slug":"ramon-mestre","status":"publish","type":"page","link":"https:\/\/humicontrol.com\/ca\/ramon-mestre\/","title":{"rendered":"Ramon Mestre"},"content":{"rendered":"<p>[et_pb_section fb_built=&#8221;1&#8243; inner_shadow=&#8221;on&#8221; next_background_color=&#8221;#ffffff&#8221; _builder_version=&#8221;4.17.6&#8243; background_color=&#8221;#c6c6c6&#8243; background_image=&#8221;https:\/\/humicontrol.com\/wp-content\/uploads\/2022\/03\/slide-ramon-mestre.jpg&#8221; background_position=&#8221;bottom_center&#8221; background_vertical_offset=&#8221;30%&#8221; background_blend=&#8221;overlay&#8221; min_height=&#8221;360px&#8221; height=&#8221;360px&#8221; max_height=&#8221;360px&#8221; custom_margin=&#8221;0px||||false|false&#8221; custom_padding=&#8221;50px||50px||true|false&#8221; bottom_divider_style=&#8221;asymmetric2&#8243; bottom_divider_flip=&#8221;horizontal&#8221; bottom_divider_height_tablet=&#8221;&#8221; bottom_divider_height_phone=&#8221;50px&#8221; bottom_divider_height_last_edited=&#8221;on|phone&#8221; background_last_edited=&#8221;on|phone&#8221; background_position_phone=&#8221;center_right&#8221; background_vertical_offset_phone=&#8221;-55%&#8221; global_colors_info=&#8221;{}&#8221;][et_pb_row column_structure=&#8221;1_2,1_2&#8243; make_equal=&#8221;on&#8221; _builder_version=&#8221;4.16&#8243; custom_padding=&#8221;0px||0px|||&#8221; global_colors_info=&#8221;{}&#8221;][et_pb_column type=&#8221;1_2&#8243; _builder_version=&#8221;4.16&#8243; background_enable_color=&#8221;off&#8221; pac_dcm_carousel_specific_module_num=&#8221;0&#8243; global_colors_info=&#8221;{}&#8221;][et_pb_text _builder_version=&#8221;4.17.6&#8243; text_font=&#8221;||||||||&#8221; text_text_color=&#8221;#000000&#8243; text_font_size=&#8221;24px&#8221; text_line_height=&#8221;1.2em&#8221; header_font=&#8221;|800|||||||&#8221; background_enable_color=&#8221;off&#8221; custom_margin=&#8221;||20px||false|false&#8221; custom_padding=&#8221;25px|0px||0px|false|false&#8221; text_font_size_tablet=&#8221;24px&#8221; text_font_size_phone=&#8221;16px&#8221; text_font_size_last_edited=&#8221;on|phone&#8221; header_font_size_tablet=&#8221;&#8221; header_font_size_phone=&#8221;30px&#8221; header_font_size_last_edited=&#8221;on|desktop&#8221; global_colors_info=&#8221;{}&#8221;]<\/p>\n<h1>Ramon Mestre<\/h1>\n<p>S\u00f3c CEO de Humicontrol<br \/>\ni la meva vida ha anat sempre lligada<br \/>\nal m\u00f3n de les humitats[\/et_pb_text][\/et_pb_column][et_pb_column type=&#8221;1_2&#8243; _builder_version=&#8221;4.16&#8243; pac_dcm_carousel_specific_module_num=&#8221;0&#8243; global_colors_info=&#8221;{}&#8221;][\/et_pb_column][\/et_pb_row][\/et_pb_section][et_pb_section fb_built=&#8221;1&#8243; custom_padding_last_edited=&#8221;on|phone&#8221; _builder_version=&#8221;4.25.2&#8243; custom_padding=&#8221;85px||40px||false|&#8221; custom_padding_tablet=&#8221;85px||40px||false|&#8221; custom_padding_phone=&#8221;40px||40px||false|false&#8221; hover_enabled=&#8221;0&#8243; global_colors_info=&#8221;{}&#8221; sticky_enabled=&#8221;0&#8243;][et_pb_row column_structure=&#8221;1_2,1_2&#8243; _builder_version=&#8221;4.17.6&#8243; background_color=&#8221;rgba(203,187,160,0.1)&#8221; global_colors_info=&#8221;{}&#8221;][et_pb_column type=&#8221;1_2&#8243; _builder_version=&#8221;4.17.6&#8243; custom_padding=&#8221;30px|||30px|false|false&#8221; custom_padding_tablet=&#8221;30px|||30px|false|false&#8221; custom_padding_phone=&#8221;30px|30px||30px|false|false&#8221; custom_padding_last_edited=&#8221;on|phone&#8221; pac_dcm_carousel_specific_module_num=&#8221;0&#8243; global_colors_info=&#8221;{}&#8221;][et_pb_text _builder_version=&#8221;4.17.6&#8243; header_3_font=&#8221;|700|||||||&#8221; header_3_font_size=&#8221;36px&#8221; custom_margin=&#8221;||0px||false|false&#8221; custom_padding=&#8221;||11px|||&#8221; global_colors_info=&#8221;{}&#8221;]<\/p>\n<h3 style=\"text-align: left;\">Cercant al meu bagul de <strong>els records<\/strong><\/h3>\n<p>[\/et_pb_text][et_pb_text _builder_version=&#8221;4.17.6&#8243; text_orientation=&#8221;justified&#8221; custom_padding=&#8221;||0px|||&#8221; global_colors_info=&#8221;{}&#8221;]<\/p>\n<p style=\"text-align: justify;\">Vaig trobar aquest dibuix que vaig fer fa molts anys.<\/p>\n<p>Aqu\u00ed estic jo, davant una paret amb humitats per capil\u00b7laritat i amb un higr\u00f2metre a la m\u00e0. &#8220;Humedades! Si? Visca!&#8221;<\/p>\n<p style=\"text-align: justify;\">S\u00f3c Ramon Mestre, CEO de Humicontrol, i com ja intueixes <strong>la meva vida ha anat sempre lligada a aquesta peculiar especialitat<\/strong> dins del camp de la rehabilitaci\u00f3 d&#8217;edificis .<\/p>\n<p style=\"text-align: justify;\">Aquest dibuix ho vaig fer amb 8 anys, i des de llavors he tingut temps d&#8217;aprendre-ho tot sobre el m\u00f3n de les humitats per capil\u00b7laritat.<\/p>\n<p>[\/et_pb_text][\/et_pb_column][et_pb_column type=&#8221;1_2&#8243; _builder_version=&#8221;4.16&#8243; pac_dcm_carousel_specific_module_num=&#8221;0&#8243; global_colors_info=&#8221;{}&#8221;][et_pb_image src=&#8221;https:\/\/humicontrol.com\/wp-content\/uploads\/2022\/04\/DIBUIX-8-ANYS_horitzontal.jpg&#8221; title_text=&#8221;DIBUIX-8 ANYS_horitzontal&#8221; align=&#8221;center&#8221; _builder_version=&#8221;4.16.1&#8243; height=&#8221;311px&#8221; custom_margin=&#8221;-100px||||false|false&#8221; custom_margin_tablet=&#8221;0px||||false|false&#8221; custom_margin_phone=&#8221;0px||||false|false&#8221; custom_margin_last_edited=&#8221;on|tablet&#8221; custom_padding=&#8221;||||false|false&#8221; global_colors_info=&#8221;{}&#8221;][\/et_pb_image][\/et_pb_column][\/et_pb_row][et_pb_row _builder_version=&#8221;4.16.1&#8243; _module_preset=&#8221;default&#8221; global_colors_info=&#8221;{}&#8221;][et_pb_column type=&#8221;4_4&#8243; _builder_version=&#8221;4.16.1&#8243; _module_preset=&#8221;default&#8221; pac_dcm_carousel_specific_module_num=&#8221;0&#8243; global_colors_info=&#8221;{}&#8221;][et_pb_text _builder_version=&#8221;4.17.6&#8243; _module_preset=&#8221;default&#8221; global_colors_info=&#8221;{}&#8221;]<\/p>\n<h3 style=\"text-align: center;\"><strong>&#8220;Humed\u00f2leg&#8221; de vocaci\u00f3<\/strong><\/h3>\n<p style==text-align: justify;\">Coses de la vida, hi ha qui des de petit ha viscut les pir\u00e0mides d&#8217;Egipte com ning\u00fa i s&#8217;ha convertit en egipt\u00f2leg.<\/p>\n<p style==text-align: justify;>>Hi ha qui des de petit s&#8217;ha dedicat a observar els ocells per acabar sent un reconegut ornit\u00f2leg.<br \/>\nI ja ho veus, jo des de petit em vaig fixar en les humitats i <strong>m&#8217;he convertit en un &#8220;humid\u00f2leg&#8221;<\/strong>.<\/p>\n<p style=\"text-align: justify;\">A <strong>Humicontrol<\/strong> hem dedicat totes les nostres energies a <strong>desenvolupar solucions tecnol\u00f2giques<\/strong> per assegurar que els nostres clients no hagin de patir mai m\u00e9s les humitats en baixos i soterranis.<\/p>\n<p style=\"text-align: justify;\">El <strong>nou dispositiu MURSEC ECO multifreq\u00fc\u00e8ncia d&#8217;electro-osmosi sense fil amb SmartPolar\u00ae<\/strong> representa una tercera revoluci\u00f3 tecnol\u00f2gica en el tractament de la humitat despr\u00e9s de la ja coneguda t\u00e8cnica MURSEC ECO d&#8217;electro-osmosi sense fil, del sistema MURSEC d&#8217;electro-osmosi activa i de la t\u00e8cnica TRABER d&#8217;electro-osmosi f\u00f2resi, millorant les prestacions i reduint-ne el cost.<\/p>\n<p style=\"text-align: justify;\">Humicontrol est\u00e0 creixent no nom\u00e9s a Espanya sin\u00f3 tamb\u00e9 a la resta d&#8217;Europa ia Am\u00e8rica Llatina.<\/p>\n<p style=\"text-align: justify;\">Si alguna cosa he apr\u00e8s en tot aquest temps, \u00e9s que <strong>les humitats s\u00f3n un problema complex<\/strong>.<\/p>\n<p style=\"text-align: justify;\">I aqu\u00ed estic, per poder compartir amb tu tot el meu coneixement i experi\u00e8ncia en aquest camp, i en definitiva ajudar-te a solucionar els problemes d&#8217;humitats per capil\u00b7laritat.<\/p>\n<p>[\/et_pb_text][\/et_pb_column][\/et_pb_row][\/et_pb_section][et_pb_section fb_built=&#8221;1&#8243; fullwidth=&#8221;on&#8221; _builder_version=&#8221;4.16.1&#8243; _module_preset=&#8221;default&#8221; global_colors_info=&#8221;{}&#8221;][et_pb_fullwidth_image src=&#8221;https:\/\/humicontrol.com\/wp-content\/uploads\/2022\/04\/DIBUIX-8-ANYS_vertical-peu-de-text-gris.png&#8221; title_text=&#8221;DIBUIX-8 ANYS_vertical peu de text-gris&#8221; _builder_version=&#8221;4.16.1&#8243; _module_preset=&#8221;default&#8221; max_height=&#8221;330px&#8221; global_colors_info=&#8221;{}&#8221;][\/et_pb_fullwidth_image][\/et_pb_section]<\/p>\n","protected":false},"excerpt":{"rendered":"<p>Ramon Mestre S\u00f3c CEO de Humicontrol i la meva vida ha anat sempre lligada al m\u00f3n de les humitatsCercant al meu bagul de els recordsVaig trobar aquest dibuix que vaig fer fa molts anys. Aqu\u00ed estic jo, davant una paret amb humitats per capil\u00b7laritat i amb un higr\u00f2metre a la m\u00e0. &#8220;Humedades! Si? Visca!&#8221; S\u00f3c [&hellip;]<\/p>\n","protected":false},"author":2,"featured_media":0,"parent":0,"menu_order":0,"comment_status":"closed","ping_status":"closed","template":"","meta":{"_et_pb_use_builder":"on","_et_pb_old_content":"","_et_gb_content_width":"","footnotes":""},"class_list":["post-235466","page","type-page","status-publish","hentry"],"_links":{"self":[{"href":"https:\/\/humicontrol.com\/ca\/wp-json\/wp\/v2\/pages\/235466","targetHints":{"allow":["GET"]}}],"collection":[{"href":"https:\/\/humicontrol.com\/ca\/wp-json\/wp\/v2\/pages"}],"about":[{"href":"https:\/\/humicontrol.com\/ca\/wp-json\/wp\/v2\/types\/page"}],"author":[{"embeddable":true,"href":"https:\/\/humicontrol.com\/ca\/wp-json\/wp\/v2\/users\/2"}],"replies":[{"embeddable":true,"href":"https:\/\/humicontrol.com\/ca\/wp-json\/wp\/v2\/comments?post=235466"}],"version-history":[{"count":0,"href":"https:\/\/humicontrol.com\/ca\/wp-json\/wp\/v2\/pages\/235466\/revisions"}],"wp:attachment":[{"href":"https:\/\/humicontrol.com\/ca\/wp-json\/wp\/v2\/media?parent=235466"}],"curies":[{"name":"wp","href":"https:\/\/api.w.org\/{rel}","templated":true}]}}