{"id":235486,"date":"2022-03-18T03:18:33","date_gmt":"2022-03-18T02:18:33","guid":{"rendered":"https:\/\/humicontrol.com\/solucions-humitats\/humitats-capilaritat\/humicream\/"},"modified":"2024-10-28T07:10:39","modified_gmt":"2024-10-28T07:10:39","slug":"humicream","status":"publish","type":"page","link":"https:\/\/humicontrol.com\/ca\/humitats-capilaritat\/humicream\/","title":{"rendered":"Humicream"},"content":{"rendered":"<p>[et_pb_section fb_built=&#8221;1&#8243; next_background_color=&#8221;#ffffff&#8221; _builder_version=&#8221;4.17.6&#8243; background_color=&#8221;#c6c6c6&#8243; background_image=&#8221;https:\/\/humicontrol.com\/wp-content\/uploads\/2022\/04\/Capc\u0327alera-HUMICREAM-scaled.jpg&#8221; background_blend=&#8221;overlay&#8221; min_height=&#8221;420px&#8221; custom_margin=&#8221;0px||||false|false&#8221; custom_padding=&#8221;0px||||false|false&#8221; bottom_divider_style=&#8221;asymmetric2&#8243; bottom_divider_flip=&#8221;horizontal&#8221; bottom_divider_height_tablet=&#8221;&#8221; bottom_divider_height_phone=&#8221;50px&#8221; bottom_divider_height_last_edited=&#8221;on|phone&#8221; border_width_all_last_edited=&#8221;off|desktop&#8221; global_colors_info=&#8221;{}&#8221;][et_pb_row column_structure=&#8221;1_2,1_2&#8243; make_equal=&#8221;on&#8221; _builder_version=&#8221;4.16&#8243; custom_padding=&#8221;59px|||||&#8221; global_colors_info=&#8221;{}&#8221;][et_pb_column type=&#8221;1_2&#8243; _builder_version=&#8221;4.16&#8243; background_enable_color=&#8221;off&#8221; pac_dcm_carousel_specific_module_num=&#8221;0&#8243; global_colors_info=&#8221;{}&#8221;][et_pb_text _builder_version=&#8221;4.27.2&#8243; text_font=&#8221;||||||||&#8221; text_text_color=&#8221;#000000&#8243; text_font_size=&#8221;24px&#8221; text_line_height=&#8221;1.2em&#8221; header_font=&#8221;|800|||||||&#8221; background_enable_color=&#8221;off&#8221; custom_margin=&#8221;||20px||false|false&#8221; custom_padding=&#8221;25px|0px||0px|false|false&#8221; text_font_size_tablet=&#8221;24px&#8221; text_font_size_phone=&#8221;16px&#8221; text_font_size_last_edited=&#8221;on|phone&#8221; header_font_size_tablet=&#8221;&#8221; header_font_size_phone=&#8221;30px&#8221; header_font_size_last_edited=&#8221;on|desktop&#8221; global_colors_info=&#8221;{}&#8221;]<\/p>\n<h1>HUMICREAM<\/h1>\n<h2>La injecci\u00f3 de gel antihumitat<\/h2>\n<p>crea una barrera contra la capil\u00b7laritat<br \/>Gran poder de difusi\u00f3<\/p>\n<p>[\/et_pb_text][et_pb_button button_url=&#8221;#formulario&#8221; button_text=&#8221;DESITJO PRESSUPOST&#8221; button_alignment=&#8221;left&#8221; _builder_version=&#8221;4.17.6&#8243; custom_button=&#8221;on&#8221; button_text_size=&#8221;15px&#8221; button_text_color=&#8221;#FFFFFF&#8221; button_bg_color=&#8221;#E30613&#8243; button_border_color=&#8221;#E30613&#8243; button_font=&#8221;|600|||||||&#8221; button_icon_color=&#8221;#FFFFFF&#8221; button_text_size_tablet=&#8221;15px&#8221; button_text_size_phone=&#8221;13px&#8221; button_text_size_last_edited=&#8221;on|phone&#8221; locked=&#8221;off&#8221; global_colors_info=&#8221;{}&#8221; button_border_color__hover_enabled=&#8221;on|hover&#8221; button_border_color__hover=&#8221;#E30613&#8243; button_bg_color__hover_enabled=&#8221;off|hover&#8221;][\/et_pb_button][\/et_pb_column][et_pb_column type=&#8221;1_2&#8243; _builder_version=&#8221;4.16&#8243; pac_dcm_carousel_specific_module_num=&#8221;0&#8243; global_colors_info=&#8221;{}&#8221;][\/et_pb_column][\/et_pb_row][\/et_pb_section][et_pb_section fb_built=&#8221;1&#8243; custom_padding_last_edited=&#8221;on|phone&#8221; _builder_version=&#8221;4.17.6&#8243; custom_padding=&#8221;85px||40px||false|&#8221; custom_padding_tablet=&#8221;85px||40px||false|&#8221; custom_padding_phone=&#8221;40px||0px||false|false&#8221; global_colors_info=&#8221;{}&#8221;][et_pb_row column_structure=&#8221;1_2,1_2&#8243; _builder_version=&#8221;4.17.6&#8243; background_color=&#8221;rgba(203,187,160,0.1)&#8221; global_colors_info=&#8221;{}&#8221;][et_pb_column type=&#8221;1_2&#8243; _builder_version=&#8221;4.17.6&#8243; custom_padding=&#8221;30px|||30px|false|false&#8221; custom_padding_tablet=&#8221;|30px|||false|false&#8221; custom_padding_phone=&#8221;30px|30px||30px|false|false&#8221; custom_padding_last_edited=&#8221;on|phone&#8221; pac_dcm_carousel_specific_module_num=&#8221;0&#8243; global_colors_info=&#8221;{}&#8221;][et_pb_text _builder_version=&#8221;4.27.2&#8243; header_3_font=&#8221;|700|||||||&#8221; header_3_font_size=&#8221;36px&#8221; custom_margin=&#8221;||0px||false|false&#8221; custom_padding=&#8221;||11px|||&#8221; global_colors_info=&#8221;{}&#8221;]<\/p>\n<h2>Injeccions <span style=\"font-weight: 900;\">Humicream<\/span><\/h2>\n<p>[\/et_pb_text][et_pb_text _builder_version=&#8221;4.19.5&#8243; text_orientation=&#8221;justified&#8221; global_colors_info=&#8221;{}&#8221;]El <strong>gel contra les humitats HUMICREAM<\/strong> t\u00e9 un <strong>gran poder de difusi\u00f3 gr\u00e0cies a la seva alta concentraci\u00f3 de mat\u00e8ria activa<\/strong>. L&#8217;injectem a les parets a intervals regulars propagant-se abans de vulcanitzar-se, aix\u00ed es crea una <strong>barrera contra les humitats per capil\u00b7laritat<\/strong> a la base del mur.[\/et_pb_text][\/et_pb_column][et_pb_column type=&#8221;1_2&#8243; _builder_version=&#8221;4.16&#8243; pac_dcm_carousel_specific_module_num=&#8221;0&#8243; global_colors_info=&#8221;{}&#8221;][et_pb_video src=&#8221;https:\/\/www.youtube.com\/watch?v=-11BVsJXCAE&#8221; image_src=&#8221;https:\/\/humicontrol.com\/wp-content\/uploads\/2023\/03\/humicream_ramon.jpg&#8221; _builder_version=&#8221;4.20.2&#8243; _module_preset=&#8221;default&#8221; custom_margin=&#8221;-100px||||false|false&#8221; custom_margin_tablet=&#8221;0px||||false|false&#8221; custom_margin_phone=&#8221;0px||||false|false&#8221; custom_margin_last_edited=&#8221;on|phone&#8221; global_colors_info=&#8221;{}&#8221;][\/et_pb_video][\/et_pb_column][\/et_pb_row][\/et_pb_section][et_pb_section fb_built=&#8221;1&#8243; custom_padding_last_edited=&#8221;on|phone&#8221; _builder_version=&#8221;4.17.6&#8243; custom_padding=&#8221;40px||40px||true|&#8221; custom_padding_tablet=&#8221;40px||40px||true|&#8221; custom_padding_phone=&#8221;20px||40px||false|false&#8221; global_colors_info=&#8221;{}&#8221;][et_pb_row column_structure=&#8221;1_4,1_4,1_4,1_4&#8243; use_custom_gutter=&#8221;on&#8221; gutter_width=&#8221;2&#8243; make_equal=&#8221;on&#8221; _builder_version=&#8221;4.16&#8243; width=&#8221;90%&#8221; max_width=&#8221;90%&#8221; global_colors_info=&#8221;{}&#8221;][et_pb_column type=&#8221;1_4&#8243; _builder_version=&#8221;4.16&#8243; pac_dcm_carousel_specific_module_num=&#8221;0&#8243; global_colors_info=&#8221;{}&#8221;][et_pb_text _builder_version=&#8221;4.16&#8243; _module_preset=&#8221;default&#8221; text_font=&#8221;|800|||||||&#8221; text_font_size=&#8221;40px&#8221; text_line_height=&#8221;1.9em&#8221; background_color=&#8221;#0084A1&#8243; background_layout=&#8221;dark&#8221; width=&#8221;75px&#8221; max_width=&#8221;75px&#8221; module_alignment=&#8221;center&#8221; height=&#8221;75px&#8221; border_radii=&#8221;on|50%|50%|50%|50%&#8221; global_colors_info=&#8221;{}&#8221;]<\/p>\n<p style=\"text-align: center;\">1<\/p>\n<p>[\/et_pb_text][et_pb_text _builder_version=&#8221;4.16&#8243; text_text_color=&#8221;#0084A1&#8243; header_3_font=&#8221;|700|||||||&#8221; header_3_text_color=&#8221;#0f859f&#8221; header_3_font_size=&#8221;32px&#8221; custom_margin=&#8221;||0px||false|false&#8221; header_3_font_size_tablet=&#8221;36px&#8221; header_3_font_size_phone=&#8221;36px&#8221; header_3_font_size_last_edited=&#8221;on|tablet&#8221; global_colors_info=&#8221;{}&#8221;]<\/p>\n<h3 style=\"text-align: center;\">M\u00e0xima efic\u00e0cia<\/h3>\n<p>[\/et_pb_text][et_pb_text _builder_version=&#8221;4.17.6&#8243; global_colors_info=&#8221;{}&#8221;]<\/p>\n<p style=\"text-align: center;\"><strong>Gran poder de difusi\u00f3<\/strong> del gel HUMICREAM a les parets amb humitats gr\u00e0cies a la<strong>alta concentraci\u00f3 de mat\u00e8ria activa<\/strong> superior al 60%.<\/p>\n<p>[\/et_pb_text][\/et_pb_column][et_pb_column type=&#8221;1_4&#8243; _builder_version=&#8221;4.16&#8243; pac_dcm_carousel_specific_module_num=&#8221;0&#8243; global_colors_info=&#8221;{}&#8221;][et_pb_text _builder_version=&#8221;4.16&#8243; _module_preset=&#8221;default&#8221; text_font=&#8221;|800|||||||&#8221; text_font_size=&#8221;40px&#8221; text_line_height=&#8221;1.9em&#8221; background_color=&#8221;#0084A1&#8243; background_layout=&#8221;dark&#8221; width=&#8221;75px&#8221; max_width=&#8221;75px&#8221; module_alignment=&#8221;center&#8221; height=&#8221;75px&#8221; border_radii=&#8221;on|50%|50%|50%|50%&#8221; global_colors_info=&#8221;{}&#8221;]<\/p>\n<p style=\"text-align: center;\">2<\/p>\n<p>[\/et_pb_text][et_pb_text _builder_version=&#8221;4.16&#8243; text_text_color=&#8221;#0084A1&#8243; header_3_font=&#8221;|700|||||||&#8221; header_3_text_color=&#8221;#0f859f&#8221; header_3_font_size=&#8221;32px&#8221; custom_margin=&#8221;||0px||false|false&#8221; header_3_font_size_tablet=&#8221;36px&#8221; header_3_font_size_phone=&#8221;36px&#8221; header_3_font_size_last_edited=&#8221;on|tablet&#8221; global_colors_info=&#8221;{}&#8221;]<\/p>\n<h3 style=\"text-align: center;\">R\u00e0pid<\/h3>\n<p>[\/et_pb_text][et_pb_text _builder_version=&#8221;4.17.6&#8243; global_colors_info=&#8221;{}&#8221;]<\/p>\n<p style=\"text-align: center;\">La majoria de productes del mercat nom\u00e9s tenen un 5% de mat\u00e8ria activa i van dissolts en grans quantitats de l\u00edquid per la qual cosa triguen molt m\u00e9s a assecar.<\/p>\n<p>[\/et_pb_text][\/et_pb_column][et_pb_column type=&#8221;1_4&#8243; _builder_version=&#8221;4.16&#8243; pac_dcm_carousel_specific_module_num=&#8221;0&#8243; global_colors_info=&#8221;{}&#8221;][et_pb_text _builder_version=&#8221;4.16&#8243; _module_preset=&#8221;default&#8221; text_font=&#8221;|800|||||||&#8221; text_font_size=&#8221;40px&#8221; text_line_height=&#8221;1.9em&#8221; background_color=&#8221;#0084A1&#8243; background_layout=&#8221;dark&#8221; width=&#8221;75px&#8221; max_width=&#8221;75px&#8221; module_alignment=&#8221;center&#8221; height=&#8221;75px&#8221; border_radii=&#8221;on|50%|50%|50%|50%&#8221; global_colors_info=&#8221;{}&#8221;]<\/p>\n<p style=\"text-align: center;\">3<\/p>\n<p>[\/et_pb_text][et_pb_text _builder_version=&#8221;4.16&#8243; text_text_color=&#8221;#0084A1&#8243; header_3_font=&#8221;|700|||||||&#8221; header_3_text_color=&#8221;#0f859f&#8221; header_3_font_size=&#8221;32px&#8221; custom_margin=&#8221;||0px||false|false&#8221; header_3_font_size_tablet=&#8221;36px&#8221; header_3_font_size_phone=&#8221;36px&#8221; header_3_font_size_last_edited=&#8221;on|tablet&#8221; global_colors_info=&#8221;{}&#8221;]<\/p>\n<h3 style=\"text-align: center;\">Net<\/h3>\n<p>[\/et_pb_text][et_pb_text _builder_version=&#8221;4.17.6&#8243; custom_padding=&#8221;||0px|||&#8221; global_colors_info=&#8221;{}&#8221;]<\/p>\n<p style=\"text-align: center;\">La injecci\u00f3 de l\u00edquids a pressi\u00f3 f\u00e0cilment acaba en fuites a la casa ve\u00efna a trav\u00e9s de la mitgera. Amb el sistema de gel els <strong>treballs s\u00f3n nets i sense olors.<\/strong><\/p>\n<p>[\/et_pb_text][\/et_pb_column][et_pb_column type=&#8221;1_4&#8243; _builder_version=&#8221;4.16&#8243; pac_dcm_carousel_specific_module_num=&#8221;0&#8243; global_colors_info=&#8221;{}&#8221;][et_pb_text _builder_version=&#8221;4.16&#8243; _module_preset=&#8221;default&#8221; text_font=&#8221;|800|||||||&#8221; text_font_size=&#8221;40px&#8221; text_line_height=&#8221;1.9em&#8221; background_color=&#8221;#0084A1&#8243; background_layout=&#8221;dark&#8221; width=&#8221;75px&#8221; max_width=&#8221;75px&#8221; module_alignment=&#8221;center&#8221; height=&#8221;75px&#8221; border_radii=&#8221;on|50%|50%|50%|50%&#8221; global_colors_info=&#8221;{}&#8221;]<\/p>\n<p style=\"text-align: center;\">4<\/p>\n<p>[\/et_pb_text][et_pb_text _builder_version=&#8221;4.16&#8243; text_text_color=&#8221;#0084A1&#8243; header_3_font=&#8221;|700|||||||&#8221; header_3_text_color=&#8221;#0f859f&#8221; header_3_font_size=&#8221;32px&#8221; custom_margin=&#8221;||0px||false|false&#8221; header_3_font_size_tablet=&#8221;36px&#8221; header_3_font_size_phone=&#8221;36px&#8221; header_3_font_size_last_edited=&#8221;on|tablet&#8221; global_colors_info=&#8221;{}&#8221;]<\/p>\n<h3 style=\"text-align: center;\">Qualitat i garantia<\/h3>\n<p>[\/et_pb_text][et_pb_text _builder_version=&#8221;4.17.6&#8243; global_colors_info=&#8221;{}&#8221;]<\/p>\n<p style=\"text-align: center;\">El nostre sistema incorpora la <strong>tecnologia m\u00e9s avan\u00e7ada del mercat<\/strong>. Disposem de nombrosos certificats que avalen la qualitat i l&#8217;efic\u00e0cia de HUMICREAM.<\/p>\n<p>[\/et_pb_text][\/et_pb_column][\/et_pb_row][\/et_pb_section][et_pb_section fb_built=&#8221;1&#8243; _builder_version=&#8221;4.16&#8243; _module_preset=&#8221;default&#8221; background_color=&#8221;#0084A1&#8243; custom_padding=&#8221;0px||0px||true|&#8221; global_colors_info=&#8221;{}&#8221;][et_pb_row use_custom_gutter=&#8221;on&#8221; make_equal=&#8221;on&#8221; custom_padding_last_edited=&#8221;on|phone&#8221; _builder_version=&#8221;4.17.6&#8243; background_enable_color=&#8221;off&#8221; custom_margin=&#8221;||0px||false|false&#8221; custom_padding=&#8221;35px||||false|false&#8221; custom_padding_tablet=&#8221;35px||||false|false&#8221; custom_padding_phone=&#8221;||||false|false&#8221; locked=&#8221;off&#8221; global_colors_info=&#8221;{}&#8221;][et_pb_column type=&#8221;4_4&#8243; _builder_version=&#8221;4.17.6&#8243; pac_dcm_carousel_specific_module_num=&#8221;0&#8243; global_colors_info=&#8221;{}&#8221;][et_pb_text _builder_version=&#8221;4.27.2&#8243; header_3_font=&#8221;|700|||||||&#8221; header_3_font_size=&#8221;36px&#8221; text_orientation=&#8221;center&#8221; background_layout=&#8221;dark&#8221; custom_margin=&#8221;||20px||false|false&#8221; hover_enabled=&#8221;0&#8243; global_colors_info=&#8221;{}&#8221; sticky_enabled=&#8221;0&#8243;]<\/p>\n<h3>HUMICREAM<\/h3>\n<h4>una barrera definitiva contra les humitats per capil\u00b7laritat<\/h4>\n<p>[\/et_pb_text][et_pb_video src=&#8221;https:\/\/www.youtube.com\/watch?v=aFbkSMkweSA&#8221; image_src=&#8221;https:\/\/humicontrol.com\/wp-content\/uploads\/2023\/04\/humicream.jpg&#8221; _builder_version=&#8221;4.20.2&#8243; _module_preset=&#8221;default&#8221; module_alignment=&#8221;center&#8221; global_colors_info=&#8221;{}&#8221;][\/et_pb_video][\/et_pb_column][\/et_pb_row][et_pb_row _builder_version=&#8221;4.16&#8243; _module_preset=&#8221;default&#8221; custom_padding=&#8221;0px||16px||false|false&#8221; global_colors_info=&#8221;{}&#8221;][et_pb_column type=&#8221;4_4&#8243; _builder_version=&#8221;4.16&#8243; _module_preset=&#8221;default&#8221; pac_dcm_carousel_specific_module_num=&#8221;0&#8243; global_colors_info=&#8221;{}&#8221;][et_pb_button button_url=&#8221;#formulario&#8221; button_text=&#8221;DESITJO PRESSUPOST&#8221; button_alignment=&#8221;center&#8221; _builder_version=&#8221;4.17.6&#8243; custom_button=&#8221;on&#8221; button_text_color=&#8221;#FFFFFF&#8221; button_bg_color=&#8221;#E30613&#8243; button_border_color=&#8221;#E30613&#8243; button_font=&#8221;|600|||||||&#8221; button_icon_color=&#8221;#FFFFFF&#8221; global_colors_info=&#8221;{}&#8221; button_border_color__hover=&#8221;#E30613&#8243; button_border_color__hover_enabled=&#8221;on|hover&#8221;][\/et_pb_button][\/et_pb_column][\/et_pb_row][\/et_pb_section][et_pb_section fb_built=&#8221;1&#8243; _builder_version=&#8221;4.16&#8243; custom_padding=&#8221;40px||40px||true|&#8221; global_colors_info=&#8221;{}&#8221;][et_pb_row _builder_version=&#8221;4.16&#8243; global_colors_info=&#8221;{}&#8221;][et_pb_column type=&#8221;4_4&#8243; _builder_version=&#8221;4.16&#8243; pac_dcm_carousel_specific_module_num=&#8221;0&#8243; global_colors_info=&#8221;{}&#8221;][et_pb_text _builder_version=&#8221;4.27.2&#8243; header_3_font=&#8221;|700|||||||&#8221; header_3_font_size=&#8221;36px&#8221; text_orientation=&#8221;center&#8221; custom_margin=&#8221;||20px||false|false&#8221; global_colors_info=&#8221;{}&#8221;]<\/p>\n<h2>La tecnologia d&#8217;injecci\u00f3 antihumitat m\u00e9s avan\u00e7ada<\/h2>\n<p>[\/et_pb_text][et_pb_text _builder_version=&#8221;4.17.6&#8243; global_colors_info=&#8221;{}&#8221;]El gel HUMICREAM <strong>\u00e9s una evoluci\u00f3 de les t\u00e8cniques d&#8217;injecci\u00f3 tradicionals<\/strong> que s&#8217;apliquen des dels anys 50.<\/p>\n<p>La f\u00f3rmula concentrada de HUMICREAM amb <strong>m\u00e9s d&#8217;un 60% de mat\u00e8ria activa<\/strong> permet aconseguir la <strong>m\u00e0xima difusi\u00f3 i efic\u00e0cia<\/strong>. La distribuci\u00f3 de la mat\u00e8ria activa \u00e9s perfecta.<\/p>\n<p>Els l\u00edquids tradicionals nom\u00e9s contenen un 5% de mat\u00e8ria activa, tota la resta \u00e9s aigua o dissolvent. Amb la injecci\u00f3 a pressi\u00f3 \u00e9s habitual que el l\u00edquid no es distribueixi homog\u00e8niament i la humitat pot trobar vies d&#8217;ascens.<\/p>\n<p>L&#8217;absorci\u00f3 del gel HUMICREAM es fa en unes tres setmanes i <strong>la paret ja inicia el proc\u00e9s d&#8217;assecatge immediatament<\/strong>. Amb el sistema tradicional s&#8217;injecta a pressi\u00f3 un l\u00edquid on m\u00e9s del 95% \u00e9s aigua o dissolvent amb la qual cosa el mur queda xopat i triga molt m\u00e9s a comen\u00e7ar a assecar les humitats per capil\u00b7laritat.<\/p>\n<p>HUMICREAM \u00e9s net en la seva aplicaci\u00f3, en no injectar a pressi\u00f3 evitem les fuites inoportunes de l\u00edquid a la casa ve\u00efna oa la pr\u00f2pia vivenda. La consist\u00e8ncia pr\u00f2pia del gel ens permet un control total sobre la dosificaci\u00f3 de material que injectem a cada perforaci\u00f3 i ens garanteix un <strong>nivell de qualitat m\u00e0xim<\/strong>.[\/et_pb_text][\/et_pb_column][\/et_pb_row][\/et_pb_section][et_pb_section fb_built=&#8221;1&#8243; _builder_version=&#8221;4.16&#8243; _module_preset=&#8221;default&#8221; background_color=&#8221;rgba(203,187,160,0.1)&#8221; background_color_gradient_start=&#8221;rgba(203,187,160,0.1)&#8221; background_color_gradient_end=&#8221;rgba(41,196,169,0)&#8221; custom_padding=&#8221;50px||50px||true|&#8221; global_colors_info=&#8221;{}&#8221;][et_pb_row _builder_version=&#8221;4.16&#8243; _module_preset=&#8221;default&#8221; custom_padding=&#8221;3px||13px|||&#8221; global_colors_info=&#8221;{}&#8221;][et_pb_column type=&#8221;4_4&#8243; _builder_version=&#8221;4.16&#8243; _module_preset=&#8221;default&#8221; pac_dcm_carousel_specific_module_num=&#8221;0&#8243; global_colors_info=&#8221;{}&#8221;][et_pb_text _builder_version=&#8221;4.17.6&#8243; _module_preset=&#8221;default&#8221; header_3_font=&#8221;|700|||||||&#8221; text_orientation=&#8221;center&#8221; locked=&#8221;off&#8221; global_colors_info=&#8221;{}&#8221;]<\/p>\n<h3>La nostra experi\u00e8ncia ens avala<\/h3>\n<p>[\/et_pb_text][\/et_pb_column][\/et_pb_row][et_pb_row column_structure=&#8221;1_3,1_3,1_3&#8243; use_custom_gutter=&#8221;on&#8221; gutter_width=&#8221;2&#8243; make_equal=&#8221;on&#8221; _builder_version=&#8221;4.16&#8243; width=&#8221;100%&#8221; max_width=&#8221;100%&#8221; custom_padding=&#8221;0px|20px|0px|20px|false|true&#8221; locked=&#8221;off&#8221; global_colors_info=&#8221;{}&#8221;][et_pb_column type=&#8221;1_3&#8243; _builder_version=&#8221;4.16&#8243; scroll_vertical_motion=&#8221;0|25|25|50|2|1|0&#8243; scroll_horizontal_motion=&#8221;0|50|50|100|-5|0|0&#8243; scroll_fade=&#8221;0|40|40|100|0|100|100&#8243; motion_trigger_start=&#8221;top&#8221; pac_dcm_carousel_specific_module_num=&#8221;0&#8243; global_colors_info=&#8221;{}&#8221;][dsm_before_after_image before_src=&#8221;https:\/\/humicontrol.com\/wp-content\/uploads\/2022\/04\/Diagonal-humedades-capilaridad-antes-2.jpg&#8221; after_src=&#8221;https:\/\/humicontrol.com\/wp-content\/uploads\/2022\/04\/Diagonal-humedades-capilaridad-despues-1-scaled.jpg&#8221; before_label_text=&#8221;Abans&#8221; after_label_text=&#8221;Despr\u00e9s&#8221; _builder_version=&#8221;4.17.6&#8243; global_colors_info=&#8221;{}&#8221;][\/dsm_before_after_image][\/et_pb_column][et_pb_column type=&#8221;1_3&#8243; _builder_version=&#8221;4.16&#8243; scroll_vertical_motion=&#8221;10|35|35|60|2|1|0&#8243; scroll_horizontal_motion=&#8221;0|50|50|100|-10|0|0&#8243; scroll_fade=&#8221;0|40|40|100|0|100|100&#8243; motion_trigger_start=&#8221;top&#8221; pac_dcm_carousel_specific_module_num=&#8221;0&#8243; global_colors_info=&#8221;{}&#8221;][dsm_before_after_image before_src=&#8221;https:\/\/humicontrol.com\/wp-content\/uploads\/2022\/04\/Humedades-casa-antes.jpg&#8221; after_src=&#8221;https:\/\/humicontrol.com\/wp-content\/uploads\/2022\/04\/Humedades-casa-despues-scaled.jpg&#8221; before_label_text=&#8221;Abans&#8221; after_label_text=&#8221;Despr\u00e9s&#8221; _builder_version=&#8221;4.17.6&#8243; global_colors_info=&#8221;{}&#8221;][\/dsm_before_after_image][\/et_pb_column][et_pb_column type=&#8221;1_3&#8243; _builder_version=&#8221;4.16&#8243; scroll_vertical_motion=&#8221;20|45|45|70|4|1|0&#8243; scroll_fade=&#8221;0|40|40|100|0|100|100&#8243; motion_trigger_start=&#8221;top&#8221; pac_dcm_carousel_specific_module_num=&#8221;0&#8243; global_colors_info=&#8221;{}&#8221;][dsm_before_after_image before_src=&#8221;https:\/\/humicontrol.com\/wp-content\/uploads\/2022\/04\/Mallorca-_-Antes-scaled.jpg&#8221; after_src=&#8221;https:\/\/humicontrol.com\/wp-content\/uploads\/2022\/04\/Mallorca-_-Despues-scaled.jpg&#8221; before_label_text=&#8221;Abans&#8221; after_label_text=&#8221;Despr\u00e9s&#8221; _builder_version=&#8221;4.17.6&#8243; global_colors_info=&#8221;{}&#8221;][\/dsm_before_after_image][\/et_pb_column][\/et_pb_row][\/et_pb_section][et_pb_section fb_built=&#8221;1&#8243; _builder_version=&#8221;4.16&#8243; _module_preset=&#8221;default&#8221; background_color=&#8221;#FFFFFF&#8221; custom_padding=&#8221;40px||40px||true|&#8221; global_colors_info=&#8221;{}&#8221;][et_pb_row _builder_version=&#8221;4.16&#8243; global_colors_info=&#8221;{}&#8221;][et_pb_column type=&#8221;4_4&#8243; _builder_version=&#8221;4.16&#8243; pac_dcm_carousel_specific_module_num=&#8221;0&#8243; global_colors_info=&#8221;{}&#8221;][et_pb_text _builder_version=&#8221;4.17.6&#8243; header_3_font=&#8221;|700|||||||&#8221; header_3_text_align=&#8221;center&#8221; header_3_font_size=&#8221;36px&#8221; custom_margin=&#8221;||20px||false|false&#8221; global_colors_info=&#8221;{}&#8221;]<\/p>\n<h3>Pot pintar al cap de 15 dies<\/h3>\n<p>[\/et_pb_text][et_pb_text _builder_version=&#8221;4.17.6&#8243; global_colors_info=&#8221;{}&#8221;]El morter especial micropor\u00f3s DRAINING \u00e9s el complement ideal, <strong>es pot aplicar immediatament despr\u00e9s les injeccions amb HUMICREAM<\/strong>, sense haver d&#8217;esperar que la paret estigui seca i <strong>pot ser pintada amb pintura transpirable als 15 dies <\/strong> de la finalitzaci\u00f3 de l&#8217;arrebossat.<\/p>\n<p>A Humicontrol som experts en el tractament d&#8217;humitats. <strong>El nostre departament t\u00e8cnic us aconsellar\u00e0<\/strong> quin \u00e9s el sistema m\u00e9s adequat per al vostre cas.[\/et_pb_text][\/et_pb_column][\/et_pb_row][\/et_pb_section]<\/p>\n","protected":false},"excerpt":{"rendered":"<p>HUMICREAM La injecci\u00f3 de gel antihumitat crea una barrera contra la capil\u00b7laritatGran poder de difusi\u00f3Injeccions HumicreamEl gel contra les humitats HUMICREAM t\u00e9 un gran poder de difusi\u00f3 gr\u00e0cies a la seva alta concentraci\u00f3 de mat\u00e8ria activa. L&#8217;injectem a les parets a intervals regulars propagant-se abans de vulcanitzar-se, aix\u00ed es crea una barrera contra les humitats [&hellip;]<\/p>\n","protected":false},"author":2,"featured_media":0,"parent":235357,"menu_order":0,"comment_status":"closed","ping_status":"closed","template":"","meta":{"_et_pb_use_builder":"on","_et_pb_old_content":"<!-- wp:divi\/placeholder \/-->","_et_gb_content_width":"","footnotes":""},"class_list":["post-235486","page","type-page","status-publish","hentry"],"_links":{"self":[{"href":"https:\/\/humicontrol.com\/ca\/wp-json\/wp\/v2\/pages\/235486","targetHints":{"allow":["GET"]}}],"collection":[{"href":"https:\/\/humicontrol.com\/ca\/wp-json\/wp\/v2\/pages"}],"about":[{"href":"https:\/\/humicontrol.com\/ca\/wp-json\/wp\/v2\/types\/page"}],"author":[{"embeddable":true,"href":"https:\/\/humicontrol.com\/ca\/wp-json\/wp\/v2\/users\/2"}],"replies":[{"embeddable":true,"href":"https:\/\/humicontrol.com\/ca\/wp-json\/wp\/v2\/comments?post=235486"}],"version-history":[{"count":0,"href":"https:\/\/humicontrol.com\/ca\/wp-json\/wp\/v2\/pages\/235486\/revisions"}],"up":[{"embeddable":true,"href":"https:\/\/humicontrol.com\/ca\/wp-json\/wp\/v2\/pages\/235357"}],"wp:attachment":[{"href":"https:\/\/humicontrol.com\/ca\/wp-json\/wp\/v2\/media?parent=235486"}],"curies":[{"name":"wp","href":"https:\/\/api.w.org\/{rel}","templated":true}]}}