{"id":235491,"date":"2022-03-18T03:19:13","date_gmt":"2022-03-18T03:19:13","guid":{"rendered":"https:\/\/humicontrol.com\/solucions-humitats\/humitats-capilaritat\/draining\/"},"modified":"2024-10-25T07:40:50","modified_gmt":"2024-10-25T07:40:50","slug":"draining","status":"publish","type":"page","link":"https:\/\/humicontrol.com\/ca\/humitats-capilaritat\/draining\/","title":{"rendered":"Draining"},"content":{"rendered":"<p>[et_pb_section fb_built=&#8221;1&#8243; next_background_color=&#8221;#ffffff&#8221; _builder_version=&#8221;4.17.6&#8243; background_color=&#8221;#c6c6c6&#8243; background_image=&#8221;https:\/\/humicontrol.com\/wp-content\/uploads\/2022\/04\/Capc\u0327alera-DRAINING-scaled-e1650619175903.jpg&#8221; background_blend=&#8221;overlay&#8221; min_height=&#8221;420px&#8221; custom_margin=&#8221;0px||||false|false&#8221; custom_padding=&#8221;0px||||false|false&#8221; bottom_divider_style=&#8221;asymmetric2&#8243; bottom_divider_flip=&#8221;horizontal&#8221; bottom_divider_height_tablet=&#8221;&#8221; bottom_divider_height_phone=&#8221;50px&#8221; bottom_divider_height_last_edited=&#8221;on|phone&#8221; global_colors_info=&#8221;{}&#8221;][et_pb_row column_structure=&#8221;1_2,1_2&#8243; make_equal=&#8221;on&#8221; _builder_version=&#8221;4.16&#8243; custom_padding=&#8221;59px|||||&#8221; global_colors_info=&#8221;{}&#8221;][et_pb_column type=&#8221;1_2&#8243; _builder_version=&#8221;4.16&#8243; background_enable_color=&#8221;off&#8221; pac_dcm_carousel_specific_module_num=&#8221;0&#8243; global_colors_info=&#8221;{}&#8221;][et_pb_text content_tablet=&#8221;<\/p>\n<h1>DRAINING<\/h1>\n<p>Morter Deshumidificant, Transpirable<br \/>i amb capacitat de contenci\u00f3 de sals<\/p>\n<p>&#8221; content_phone=&#8221;<\/p>\n<h1>DRAINING<\/h1>\n<p>Morter Deshumidificant, Transpirable i amb capacitat de contenci\u00f3 de sals&#8221; content_last_edited=&#8221;on|phone&#8221; _builder_version=&#8221;4.27.2&#8243; text_font=&#8221;||||||||&#8221; text_text_color=&#8221;#000000&#8243; text_font_size=&#8221;24px&#8221; text_line_height=&#8221;1.2em&#8221; header_font=&#8221;|800|||||||&#8221; background_enable_color=&#8221;off&#8221; custom_margin=&#8221;||20px||false|false&#8221; custom_padding=&#8221;25px|0px||0px|false|false&#8221; hover_enabled=&#8221;0&#8243; text_font_size_tablet=&#8221;24px&#8221; text_font_size_phone=&#8221;16px&#8221; text_font_size_last_edited=&#8221;on|desktop&#8221; header_font_size_tablet=&#8221;&#8221; header_font_size_phone=&#8221;30px&#8221; header_font_size_last_edited=&#8221;on|desktop&#8221; global_colors_info=&#8221;{}&#8221; sticky_enabled=&#8221;0&#8243;]<\/p>\n<h1>Morter Deshumidificant DRAINING<\/h1>\n<p>Morter Deshumidificant, Transpirable<br \/>i amb capacitat de contenci\u00f3 de sals<\/p>\n<p>[\/et_pb_text][et_pb_button button_url=&#8221;#formulario&#8221; button_text=&#8221;DESITJO PRESSUPOST&#8221; button_alignment=&#8221;left&#8221; _builder_version=&#8221;4.17.6&#8243; custom_button=&#8221;on&#8221; button_text_size=&#8221;15px&#8221; button_text_color=&#8221;#FFFFFF&#8221; button_bg_color=&#8221;#E30613&#8243; button_border_color=&#8221;#E30613&#8243; button_font=&#8221;|600|||||||&#8221; button_icon_color=&#8221;#FFFFFF&#8221; button_text_size_tablet=&#8221;15px&#8221; button_text_size_phone=&#8221;13px&#8221; button_text_size_last_edited=&#8221;on|phone&#8221; locked=&#8221;off&#8221; global_colors_info=&#8221;{}&#8221; button_border_color__hover_enabled=&#8221;on|hover&#8221; button_border_color__hover=&#8221;#E30613&#8243; button_bg_color__hover_enabled=&#8221;off|hover&#8221;][\/et_pb_button][\/et_pb_column][et_pb_column type=&#8221;1_2&#8243; _builder_version=&#8221;4.16&#8243; pac_dcm_carousel_specific_module_num=&#8221;0&#8243; global_colors_info=&#8221;{}&#8221;][\/et_pb_column][\/et_pb_row][\/et_pb_section][et_pb_section fb_built=&#8221;1&#8243; custom_padding_last_edited=&#8221;on|phone&#8221; _builder_version=&#8221;4.19.5&#8243; custom_padding=&#8221;85px||7px||false|&#8221; custom_padding_tablet=&#8221;85px||7px||false|&#8221; custom_padding_phone=&#8221;40px||7px||false|false&#8221; global_colors_info=&#8221;{}&#8221;][et_pb_row column_structure=&#8221;1_2,1_2&#8243; _builder_version=&#8221;4.17.6&#8243; background_color=&#8221;rgba(203,187,160,0.1)&#8221; global_colors_info=&#8221;{}&#8221;][et_pb_column type=&#8221;1_2&#8243; _builder_version=&#8221;4.17.6&#8243; custom_padding=&#8221;30px|||30px|false|false&#8221; custom_padding_tablet=&#8221;30px|||30px|false|false&#8221; custom_padding_phone=&#8221;30px|30px||30px|false|false&#8221; custom_padding_last_edited=&#8221;on|phone&#8221; pac_dcm_carousel_specific_module_num=&#8221;0&#8243; global_colors_info=&#8221;{}&#8221;][et_pb_text _builder_version=&#8221;4.27.2&#8243; header_3_font=&#8221;|700|||||||&#8221; header_3_font_size=&#8221;36px&#8221; custom_margin=&#8221;||0px||false|false&#8221; custom_padding=&#8221;||11px|||&#8221; hover_enabled=&#8221;0&#8243; global_colors_info=&#8221;{}&#8221; sticky_enabled=&#8221;0&#8243;]<\/p>\n<h2><span style=\"font-weight: 900;\">Morter transpirable DRAINING<\/span><\/h2>\n<p>[\/et_pb_text][et_pb_text _builder_version=&#8221;4.17.6&#8243; text_orientation=&#8221;justified&#8221; global_colors_info=&#8221;{}&#8221;]Immediatament despr\u00e9s d&#8217;instal\u00b7lar MURSEC ECO o de realitzar les injeccions amb HUMICREAM, i sense necessitat d&#8217;esperar que el mur s&#8217;assequi, ja es poden arrebossar els paraments amb el <strong>morter deshumidificant DRAINING<\/strong>, el qual <strong> accelera enormement el proc\u00e9s d&#8217;assecatge i evita els efectes de cristal\u00b7litzaci\u00f3 de les sals.<\/strong>[\/et_pb_text][\/et_pb_column][et_pb_column type=&#8221;1_2&#8243; _builder_version=&#8221;4.16&#8243; pac_dcm_carousel_specific_module_num=&#8221;0&#8243; global_colors_info=&#8221;{}&#8221;][et_pb_image src=&#8221;https:\/\/humicontrol.com\/wp-content\/uploads\/2022\/09\/humicontrol-draining-stop-humedades-capilaridadgif.gif&#8221; title_text=&#8221;gif draining&#8221; align=&#8221;center&#8221; _builder_version=&#8221;4.17.6&#8243; custom_margin=&#8221;-100px||||false|false&#8221; custom_margin_tablet=&#8221;0px||||false|false&#8221; custom_margin_phone=&#8221;0px||||false|false&#8221; custom_margin_last_edited=&#8221;on|tablet&#8221; custom_padding=&#8221;||||false|false&#8221; global_colors_info=&#8221;{}&#8221;][\/et_pb_image][\/et_pb_column][\/et_pb_row][et_pb_row column_structure=&#8221;1_4,1_4,1_4,1_4&#8243; use_custom_gutter=&#8221;on&#8221; gutter_width=&#8221;2&#8243; make_equal=&#8221;on&#8221; custom_padding_last_edited=&#8221;on|phone&#8221; _builder_version=&#8221;4.17.6&#8243; width=&#8221;90%&#8221; max_width=&#8221;90%&#8221; custom_padding=&#8221;50px||50px||true|false&#8221; custom_padding_tablet=&#8221;50px||50px||true|false&#8221; custom_padding_phone=&#8221;50px||50px||true|false&#8221; global_colors_info=&#8221;{}&#8221;][et_pb_column type=&#8221;1_4&#8243; _builder_version=&#8221;4.16&#8243; pac_dcm_carousel_specific_module_num=&#8221;0&#8243; global_colors_info=&#8221;{}&#8221;][et_pb_text _builder_version=&#8221;4.16&#8243; _module_preset=&#8221;default&#8221; text_font=&#8221;|800|||||||&#8221; text_font_size=&#8221;40px&#8221; text_line_height=&#8221;1.9em&#8221; background_color=&#8221;#0084A1&#8243; background_layout=&#8221;dark&#8221; width=&#8221;75px&#8221; max_width=&#8221;75px&#8221; module_alignment=&#8221;center&#8221; height=&#8221;75px&#8221; border_radii=&#8221;on|50%|50%|50%|50%&#8221; locked=&#8221;off&#8221; global_colors_info=&#8221;{}&#8221;]<\/p>\n<p style=\"text-align: center;\">1<\/p>\n<p>[\/et_pb_text][et_pb_text _builder_version=&#8221;4.17.6&#8243; text_text_color=&#8221;#0084A1&#8243; header_3_font=&#8221;|700|||||||&#8221; header_3_text_color=&#8221;#0f859f&#8221; header_3_font_size=&#8221;32px&#8221; custom_margin=&#8221;||0px||false|false&#8221; header_3_font_size_tablet=&#8221;36px&#8221; header_3_font_size_phone=&#8221;36px&#8221; header_3_font_size_last_edited=&#8221;on|tablet&#8221; global_colors_info=&#8221;{}&#8221;]<\/p>\n<h3 style=\"text-align: center;\"><strong>Pinta als 15 dies<\/strong><\/h3>\n<p>[\/et_pb_text][et_pb_text _builder_version=&#8221;4.20.4&#8243; global_colors_info=&#8221;{}&#8221;]<\/p>\n<p style=\"text-align: center;\">El morter es pot aplicar immediatament despr\u00e9s de MURSEC ECO o HUMICREAM, i <strong>pot ser pintat al cap de 15 dies<\/strong> de la seva aplicaci\u00f3 amb pintures transpirables<\/p>\n<p>[\/et_pb_text][\/et_pb_column][et_pb_column type=&#8221;1_4&#8243; _builder_version=&#8221;4.16&#8243; pac_dcm_carousel_specific_module_num=&#8221;0&#8243; global_colors_info=&#8221;{}&#8221;][et_pb_text _builder_version=&#8221;4.16&#8243; _module_preset=&#8221;default&#8221; text_font=&#8221;|800|||||||&#8221; text_font_size=&#8221;40px&#8221; text_line_height=&#8221;1.9em&#8221; background_color=&#8221;#0084A1&#8243; background_layout=&#8221;dark&#8221; width=&#8221;75px&#8221; max_width=&#8221;75px&#8221; module_alignment=&#8221;center&#8221; height=&#8221;75px&#8221; border_radii=&#8221;on|50%|50%|50%|50%&#8221; locked=&#8221;off&#8221; global_colors_info=&#8221;{}&#8221;]<\/p>\n<p style=\"text-align: center;\">2<\/p>\n<p>[\/et_pb_text][et_pb_text _builder_version=&#8221;4.16.1&#8243; text_text_color=&#8221;#0084A1&#8243; header_3_font=&#8221;|700|||||||&#8221; header_3_text_color=&#8221;#0f859f&#8221; header_3_font_size=&#8221;32px&#8221; custom_margin=&#8221;||0px||false|false&#8221; header_3_font_size_tablet=&#8221;36px&#8221; header_3_font_size_phone=&#8221;36px&#8221; header_3_font_size_last_edited=&#8221;on|tablet&#8221; global_colors_info=&#8221;{}&#8221;]<\/p>\n<h3 style=\"text-align: center;\"><strong>Super-transpirable<\/strong><\/h3>\n<p>[\/et_pb_text][et_pb_text _builder_version=&#8221;4.17.6&#8243; global_colors_info=&#8221;{}&#8221;]<\/p>\n<p style=\"text-align: center;\">La <strong>xarxa de microporus<\/strong> permet evaporar la humitat de la paret. No actuem per contenci\u00f3 ni impermeabilitzaci\u00f3 sin\u00f3 per <strong>difusi\u00f3<\/strong> i <strong>permeabilitat<\/strong>.<\/p>\n<p>[\/et_pb_text][\/et_pb_column][et_pb_column type=&#8221;1_4&#8243; _builder_version=&#8221;4.16&#8243; pac_dcm_carousel_specific_module_num=&#8221;0&#8243; global_colors_info=&#8221;{}&#8221;][et_pb_text _builder_version=&#8221;4.16&#8243; _module_preset=&#8221;default&#8221; text_font=&#8221;|800|||||||&#8221; text_font_size=&#8221;40px&#8221; text_line_height=&#8221;1.9em&#8221; background_color=&#8221;#0084A1&#8243; background_layout=&#8221;dark&#8221; width=&#8221;75px&#8221; max_width=&#8221;75px&#8221; module_alignment=&#8221;center&#8221; height=&#8221;75px&#8221; border_radii=&#8221;on|50%|50%|50%|50%&#8221; locked=&#8221;off&#8221; global_colors_info=&#8221;{}&#8221;]<\/p>\n<p style=\"text-align: center;\">3<\/p>\n<p>[\/et_pb_text][et_pb_text _builder_version=&#8221;4.17.6&#8243; text_text_color=&#8221;#0084A1&#8243; header_3_font=&#8221;|700|||||||&#8221; header_3_text_color=&#8221;#0f859f&#8221; header_3_font_size=&#8221;32px&#8221; custom_margin=&#8221;||0px||false|false&#8221; header_3_font_size_tablet=&#8221;36px&#8221; header_3_font_size_phone=&#8221;36px&#8221; header_3_font_size_last_edited=&#8221;on|tablet&#8221; global_colors_info=&#8221;{}&#8221;]<\/p>\n<h3 style=\"text-align: center;\"><strong>Anti sals<\/strong><\/h3>\n<p>[\/et_pb_text][et_pb_text _builder_version=&#8221;4.17.6&#8243; global_colors_info=&#8221;{}&#8221;]<\/p>\n<p style=\"text-align: center;\">La vostra estructura interna est\u00e0 dissenyada per <strong>contenir les sals higrosc\u00f2piques<\/strong>. Aix\u00ed s&#8217;eviten els escrostonaments i efloresc\u00e8ncies t\u00edpiques causades pel <strong>salitre<\/strong>.<\/p>\n<p>[\/et_pb_text][\/et_pb_column][et_pb_column type=&#8221;1_4&#8243; _builder_version=&#8221;4.16&#8243; pac_dcm_carousel_specific_module_num=&#8221;0&#8243; global_colors_info=&#8221;{}&#8221;][et_pb_text _builder_version=&#8221;4.16&#8243; _module_preset=&#8221;default&#8221; text_font=&#8221;|800|||||||&#8221; text_font_size=&#8221;40px&#8221; text_line_height=&#8221;1.9em&#8221; background_color=&#8221;#0084A1&#8243; background_layout=&#8221;dark&#8221; width=&#8221;75px&#8221; max_width=&#8221;75px&#8221; module_alignment=&#8221;center&#8221; height=&#8221;75px&#8221; border_radii=&#8221;on|50%|50%|50%|50%&#8221; locked=&#8221;off&#8221; global_colors_info=&#8221;{}&#8221;]<\/p>\n<p style=\"text-align: center;\">4<\/p>\n<p>[\/et_pb_text][et_pb_text _builder_version=&#8221;4.17.6&#8243; text_text_color=&#8221;#0084A1&#8243; header_3_font=&#8221;|700|||||||&#8221; header_3_text_color=&#8221;#0f859f&#8221; header_3_font_size=&#8221;32px&#8221; custom_margin=&#8221;||0px||false|false&#8221; header_3_font_size_tablet=&#8221;36px&#8221; header_3_font_size_phone=&#8221;36px&#8221; header_3_font_size_last_edited=&#8221;on|tablet&#8221; global_colors_info=&#8221;{}&#8221;]<\/p>\n<h3 style=\"text-align: center;\"><strong>Acabat extra-fi<\/strong><\/h3>\n<p>[\/et_pb_text][et_pb_text _builder_version=&#8221;4.17.6&#8243; global_colors_info=&#8221;{}&#8221;]<\/p>\n<p style=\"text-align: center;\">DRAINING us proporciona un acabat semi-fi. I si voleu un <strong>acabat similar al guix<\/strong> nom\u00e9s heu de donar-vos els 2mm finals amb DRAINING EXTRAF\u00cd.<\/p>\n<p>[\/et_pb_text][\/et_pb_column][\/et_pb_row][\/et_pb_section][et_pb_section fb_built=&#8221;1&#8243; _builder_version=&#8221;4.16&#8243; _module_preset=&#8221;default&#8221; background_color=&#8221;#0084A1&#8243; custom_padding=&#8221;0px||0px||true|&#8221; global_colors_info=&#8221;{}&#8221;][et_pb_row use_custom_gutter=&#8221;on&#8221; make_equal=&#8221;on&#8221; _builder_version=&#8221;4.17.6&#8243; background_enable_color=&#8221;off&#8221; custom_margin=&#8221;||0px||false|false&#8221; custom_padding=&#8221;35px||||false|false&#8221; locked=&#8221;off&#8221; global_colors_info=&#8221;{}&#8221;][et_pb_column type=&#8221;4_4&#8243; _builder_version=&#8221;4.16&#8243; pac_dcm_carousel_specific_module_num=&#8221;0&#8243; global_colors_info=&#8221;{}&#8221;][et_pb_video src=&#8221;https:\/\/www.youtube.com\/watch?v=vS6I01GTqmI&#8221; image_src=&#8221;https:\/\/humicontrol.com\/wp-content\/uploads\/2023\/03\/draining_ramon.jpg&#8221; _builder_version=&#8221;4.20.2&#8243; _module_preset=&#8221;default&#8221; global_colors_info=&#8221;{}&#8221;][\/et_pb_video][\/et_pb_column][\/et_pb_row][et_pb_row _builder_version=&#8221;4.16&#8243; _module_preset=&#8221;default&#8221; custom_padding=&#8221;0px||16px||false|false&#8221; global_colors_info=&#8221;{}&#8221;][et_pb_column type=&#8221;4_4&#8243; _builder_version=&#8221;4.16&#8243; _module_preset=&#8221;default&#8221; pac_dcm_carousel_specific_module_num=&#8221;0&#8243; global_colors_info=&#8221;{}&#8221;][et_pb_button button_url=&#8221;#formulario&#8221; button_text=&#8221;DESITJO PRESSUPOST&#8221; button_alignment=&#8221;center&#8221; _builder_version=&#8221;4.17.6&#8243; custom_button=&#8221;on&#8221; button_text_color=&#8221;#FFFFFF&#8221; button_bg_color=&#8221;#E30613&#8243; button_border_color=&#8221;#E30613&#8243; button_font=&#8221;|600|||||||&#8221; button_icon_color=&#8221;#FFFFFF&#8221; global_colors_info=&#8221;{}&#8221; button_border_color__hover=&#8221;#E30613&#8243; button_border_color__hover_enabled=&#8221;on|hover&#8221;][\/et_pb_button][\/et_pb_column][\/et_pb_row][\/et_pb_section][et_pb_section fb_built=&#8221;1&#8243; _builder_version=&#8221;4.16&#8243; _module_preset=&#8221;default&#8221; custom_padding=&#8221;||3px|||&#8221; global_colors_info=&#8221;{}&#8221;][et_pb_row _builder_version=&#8221;4.16&#8243; _module_preset=&#8221;default&#8221; global_colors_info=&#8221;{}&#8221;][et_pb_column type=&#8221;4_4&#8243; _builder_version=&#8221;4.16&#8243; _module_preset=&#8221;default&#8221; pac_dcm_carousel_specific_module_num=&#8221;0&#8243; global_colors_info=&#8221;{}&#8221;][et_pb_text _builder_version=&#8221;4.27.2&#8243; header_3_font=&#8221;|700|||||||&#8221; header_3_font_size=&#8221;36px&#8221; text_orientation=&#8221;center&#8221; custom_margin=&#8221;||20px||false|false&#8221; hover_enabled=&#8221;0&#8243; global_colors_info=&#8221;{}&#8221; sticky_enabled=&#8221;0&#8243;]<\/p>\n<h2>T&#8217;oferim<strong> una soluci\u00f3 integral<\/strong><\/h2>\n<p>[\/et_pb_text][et_pb_text _builder_version=&#8221;4.17.6&#8243; global_colors_info=&#8221;{}&#8221;]Les nostres delegacions es poden ocupar i responsabilitzar de tot el proc\u00e9s d&#8217;assecatge oferint una <strong>garantia completa i definitiva<\/strong>. Sense excuses.<\/p>\n<p>El morter micropor\u00f3s DRAINING <strong>s&#8217;aplica en substituci\u00f3 de l&#8217;arrebossat existent ja degradat<\/strong> per la humitat i les sals i permet eliminar la humitat de la paret i els murs.<\/p>\n<p>El morter DRAINING t\u00e9 unes <strong>propietats excepcionals<\/strong> podent aplicar sobre pedra, ma\u00f3, formig\u00f3 o qualsevol superf\u00edcie que no sigui morter de cal\u00e7, guix o ciment.<\/p>\n<p>El morter DRAINING \u00e9s el <strong>complement ideal<\/strong> dels sistemes MURSEC ECO i HUMICREAM.<\/p>\n<p>Recomanem procedir des de l&#8217;inici a la substituci\u00f3 del revestiment hidratat existent per morter micropor\u00f3s DRAINING. Cal tenir en compte que un cop hagi disminu\u00eft la humitat del mur, caldr\u00e0 igualment procedir al canvi del revestiment hidratat que ja no s&#8217;hagi substitu\u00eft per morter DRAINING. Les sals higrosc\u00f2piques acumulades mantenen la humitat i fins i tot absorbeixen la humitat ambient.[\/et_pb_text][\/et_pb_column][\/et_pb_row][\/et_pb_section][et_pb_section fb_built=&#8221;1&#8243; _builder_version=&#8221;4.16&#8243; _module_preset=&#8221;default&#8221; background_color=&#8221;rgba(203,187,160,0.1)&#8221; background_color_gradient_start=&#8221;rgba(203,187,160,0.1)&#8221; background_color_gradient_end=&#8221;rgba(41,196,169,0)&#8221; custom_padding=&#8221;50px||50px||true|&#8221; global_colors_info=&#8221;{}&#8221;][et_pb_row _builder_version=&#8221;4.16&#8243; _module_preset=&#8221;default&#8221; custom_padding=&#8221;3px||13px|||&#8221; global_colors_info=&#8221;{}&#8221;][et_pb_column type=&#8221;4_4&#8243; _builder_version=&#8221;4.16&#8243; _module_preset=&#8221;default&#8221; pac_dcm_carousel_specific_module_num=&#8221;0&#8243; global_colors_info=&#8221;{}&#8221;][et_pb_text _builder_version=&#8221;4.17.6&#8243; _module_preset=&#8221;default&#8221; header_3_font=&#8221;|700|||||||&#8221; text_orientation=&#8221;center&#8221; locked=&#8221;off&#8221; global_colors_info=&#8221;{}&#8221;]<\/p>\n<h3>La nostra experi\u00e8ncia ens avala<\/h3>\n<p>[\/et_pb_text][\/et_pb_column][\/et_pb_row][et_pb_row column_structure=&#8221;1_3,1_3,1_3&#8243; use_custom_gutter=&#8221;on&#8221; gutter_width=&#8221;2&#8243; make_equal=&#8221;on&#8221; _builder_version=&#8221;4.16&#8243; width=&#8221;100%&#8221; max_width=&#8221;100%&#8221; custom_padding=&#8221;0px|20px|0px|20px|false|true&#8221; locked=&#8221;off&#8221; global_colors_info=&#8221;{}&#8221;][et_pb_column type=&#8221;1_3&#8243; _builder_version=&#8221;4.16&#8243; scroll_vertical_motion=&#8221;0|25|25|50|2|1|0&#8243; scroll_horizontal_motion=&#8221;0|50|50|100|-5|0|0&#8243; scroll_fade=&#8221;0|40|40|100|0|100|100&#8243; motion_trigger_start=&#8221;top&#8221; pac_dcm_carousel_specific_module_num=&#8221;0&#8243; global_colors_info=&#8221;{}&#8221;][dsm_before_after_image before_src=&#8221;https:\/\/humicontrol.com\/wp-content\/uploads\/2022\/04\/Mallorca-_-Antes-scaled.jpg&#8221; after_src=&#8221;https:\/\/humicontrol.com\/wp-content\/uploads\/2022\/04\/Mallorca-_-Despues-scaled.jpg&#8221; before_label_text=&#8221;Abans&#8221; after_label_text=&#8221;Despr\u00e9s&#8221; _builder_version=&#8221;4.17.6&#8243; global_colors_info=&#8221;{}&#8221;][\/dsm_before_after_image][\/et_pb_column][et_pb_column type=&#8221;1_3&#8243; _builder_version=&#8221;4.16&#8243; scroll_vertical_motion=&#8221;10|35|35|60|2|1|0&#8243; scroll_horizontal_motion=&#8221;0|50|50|100|-10|0|0&#8243; scroll_fade=&#8221;0|40|40|100|0|100|100&#8243; motion_trigger_start=&#8221;top&#8221; pac_dcm_carousel_specific_module_num=&#8221;0&#8243; global_colors_info=&#8221;{}&#8221;][dsm_before_after_image before_src=&#8221;https:\/\/humicontrol.com\/wp-content\/uploads\/2022\/03\/humedades-capilaridad_humicontrol.png&#8221; after_src=&#8221;https:\/\/humicontrol.com\/wp-content\/uploads\/2022\/03\/Humedades-capilaridad_despue\u0301s.png&#8221; before_label_text=&#8221;Abans&#8221; after_label_text=&#8221;Despr\u00e9s&#8221; _builder_version=&#8221;4.17.6&#8243; global_colors_info=&#8221;{}&#8221;][\/dsm_before_after_image][\/et_pb_column][et_pb_column type=&#8221;1_3&#8243; _builder_version=&#8221;4.16&#8243; scroll_vertical_motion=&#8221;20|45|45|70|4|1|0&#8243; scroll_fade=&#8221;0|40|40|100|0|100|100&#8243; motion_trigger_start=&#8221;top&#8221; pac_dcm_carousel_specific_module_num=&#8221;0&#8243; global_colors_info=&#8221;{}&#8221;][dsm_before_after_image before_src=&#8221;https:\/\/humicontrol.com\/wp-content\/uploads\/2022\/04\/Diagonal-humedades-capilaridad-antes-2.jpg&#8221; after_src=&#8221;https:\/\/humicontrol.com\/wp-content\/uploads\/2022\/04\/Diagonal-humedades-capilaridad-despues-1-scaled.jpg&#8221; before_label_text=&#8221;Abans&#8221; after_label_text=&#8221;Despr\u00e9s&#8221; _builder_version=&#8221;4.17.6&#8243; global_colors_info=&#8221;{}&#8221;][\/dsm_before_after_image][\/et_pb_column][\/et_pb_row][\/et_pb_section][et_pb_section fb_built=&#8221;1&#8243; _builder_version=&#8221;4.16&#8243; _module_preset=&#8221;default&#8221; background_color=&#8221;#FFFFFF&#8221; custom_padding=&#8221;40px||40px||true|&#8221; global_colors_info=&#8221;{}&#8221;][et_pb_row _builder_version=&#8221;4.16&#8243; _module_preset=&#8221;default&#8221; global_colors_info=&#8221;{}&#8221;][et_pb_column type=&#8221;4_4&#8243; _builder_version=&#8221;4.16&#8243; _module_preset=&#8221;default&#8221; pac_dcm_carousel_specific_module_num=&#8221;0&#8243; global_colors_info=&#8221;{}&#8221;][et_pb_text _builder_version=&#8221;4.27.2&#8243; header_3_font=&#8221;|700|||||||&#8221; header_3_font_size=&#8221;36px&#8221; text_orientation=&#8221;center&#8221; custom_margin=&#8221;||20px||false|false&#8221; hover_enabled=&#8221;0&#8243; global_colors_info=&#8221;{}&#8221; sticky_enabled=&#8221;0&#8243;]<\/p>\n<h2>Amb DRAINING la soluci\u00f3 \u00e9s completa<\/h2>\n<p>[\/et_pb_text][et_pb_text _builder_version=&#8221;4.20.4&#8243; global_colors_info=&#8221;{}&#8221;]<\/p>\n<p>El morter DRAINING se serveix en <strong>diferents formats<\/strong>:<\/p>\n<p>\u2013 <strong>DRAINING POWDER <\/strong>(bossa 200gr): Ideal per <strong>minimitzar despeses de transport<\/strong> i reduir costos.<br \/>\u2013 <strong>DRAINING BLANC<\/strong> (sac 25Kg): El m\u00e9s venut. De forjat r\u00e0pid, <strong>ideal per poder pintar a les 2 setmanes<\/strong>.<br \/>\u2013 <strong>DRAINING CAL<\/strong> (sac 25Kg): A base de cal\u00e7 NHL3,5. Ideal per a <strong>edificis hist\u00f2rics<\/strong>.<br \/>\u2013 <strong>DRAINING EXTRAF\u00cd<\/strong> (sac 15Kg): <strong>Acabat remolinat<\/strong> extraf\u00ed de 2mm<\/p>\n<p>DRAINING CAL es pot aplicar a m\u00e0quina, permetent un estalvi notable en els temps d&#8217;execuci\u00f3 de grans feines.<\/p>\n<p><strong>Les propietats de transpiraci\u00f3 del morter micropor\u00f3s DRAINING s\u00f3n excepcionals<\/strong> tal com se certifica a l&#8217;informe d&#8217;APPLUS.<\/p>\n<p>Al nostre canal de v\u00eddeos trobareu uns pr\u00e0ctics tutorials que us explicaran com realitzar pas a pas el canvi de revestiment.<\/p>\n<p>[\/et_pb_text][et_pb_video src=&#8221;https:\/\/www.youtube.com\/watch?v=LVPhT1vu7DE&#8221; image_src=&#8221;https:\/\/humicontrol.com\/wp-content\/uploads\/2023\/04\/draining.jpg&#8221; _builder_version=&#8221;4.20.2&#8243; _module_preset=&#8221;default&#8221; global_colors_info=&#8221;{}&#8221;][\/et_pb_video][\/et_pb_column][\/et_pb_row][\/et_pb_section]<\/p>\n","protected":false},"excerpt":{"rendered":"<p>Morter Deshumidificant DRAINING Morter Deshumidificant, Transpirablei amb capacitat de contenci\u00f3 de salsMorter transpirable DRAININGImmediatament despr\u00e9s d&#8217;instal\u00b7lar MURSEC ECO o de realitzar les injeccions amb HUMICREAM, i sense necessitat d&#8217;esperar que el mur s&#8217;assequi, ja es poden arrebossar els paraments amb el morter deshumidificant DRAINING, el qual accelera enormement el proc\u00e9s d&#8217;assecatge i evita els efectes [&hellip;]<\/p>\n","protected":false},"author":2,"featured_media":0,"parent":235357,"menu_order":0,"comment_status":"closed","ping_status":"closed","template":"","meta":{"_et_pb_use_builder":"on","_et_pb_old_content":"<!-- wp:divi\/placeholder \/-->","_et_gb_content_width":"","footnotes":""},"class_list":["post-235491","page","type-page","status-publish","hentry"],"_links":{"self":[{"href":"https:\/\/humicontrol.com\/ca\/wp-json\/wp\/v2\/pages\/235491","targetHints":{"allow":["GET"]}}],"collection":[{"href":"https:\/\/humicontrol.com\/ca\/wp-json\/wp\/v2\/pages"}],"about":[{"href":"https:\/\/humicontrol.com\/ca\/wp-json\/wp\/v2\/types\/page"}],"author":[{"embeddable":true,"href":"https:\/\/humicontrol.com\/ca\/wp-json\/wp\/v2\/users\/2"}],"replies":[{"embeddable":true,"href":"https:\/\/humicontrol.com\/ca\/wp-json\/wp\/v2\/comments?post=235491"}],"version-history":[{"count":0,"href":"https:\/\/humicontrol.com\/ca\/wp-json\/wp\/v2\/pages\/235491\/revisions"}],"up":[{"embeddable":true,"href":"https:\/\/humicontrol.com\/ca\/wp-json\/wp\/v2\/pages\/235357"}],"wp:attachment":[{"href":"https:\/\/humicontrol.com\/ca\/wp-json\/wp\/v2\/media?parent=235491"}],"curies":[{"name":"wp","href":"https:\/\/api.w.org\/{rel}","templated":true}]}}