{"id":235496,"date":"2022-03-18T02:34:38","date_gmt":"2022-03-18T01:34:38","guid":{"rendered":"https:\/\/humicontrol.com\/partners\/"},"modified":"2023-03-20T10:43:53","modified_gmt":"2023-03-20T10:43:53","slug":"partners","status":"publish","type":"page","link":"https:\/\/humicontrol.com\/ca\/partners\/","title":{"rendered":"Partners"},"content":{"rendered":"<p>[et_pb_section fb_built=&#8221;1&#8243; inner_shadow=&#8221;on&#8221; next_background_color=&#8221;#ffffff&#8221; _builder_version=&#8221;4.17.6&#8243; background_color=&#8221;#c6c6c6&#8243; background_image=&#8221;https:\/\/humicontrol.com\/wp-content\/uploads\/2022\/04\/IMG_1834-1-scaled.jpg&#8221; background_blend=&#8221;overlay&#8221; min_height=&#8221;360px&#8221; height=&#8221;360px&#8221; max_height=&#8221;360px&#8221; custom_margin=&#8221;0px||||false|false&#8221; custom_padding=&#8221;50px||50px||true|false&#8221; bottom_divider_style=&#8221;asymmetric2&#8243; bottom_divider_flip=&#8221;horizontal&#8221; bottom_divider_height_tablet=&#8221;&#8221; bottom_divider_height_phone=&#8221;50px&#8221; bottom_divider_height_last_edited=&#8221;on|phone&#8221; global_colors_info=&#8221;{}&#8221;][et_pb_row column_structure=&#8221;1_2,1_2&#8243; make_equal=&#8221;on&#8221; _builder_version=&#8221;4.16&#8243; custom_padding=&#8221;0px||0px|||&#8221; global_colors_info=&#8221;{}&#8221;][et_pb_column type=&#8221;1_2&#8243; _builder_version=&#8221;4.16&#8243; background_enable_color=&#8221;off&#8221; pac_dcm_carousel_specific_module_num=&#8221;0&#8243; global_colors_info=&#8221;{}&#8221;][et_pb_text _builder_version=&#8221;4.17.6&#8243; text_font=&#8221;||||||||&#8221; text_text_color=&#8221;#000000&#8243; text_font_size=&#8221;24px&#8221; text_line_height=&#8221;1.2em&#8221; header_font=&#8221;|800|||||||&#8221; background_enable_color=&#8221;off&#8221; custom_margin=&#8221;||20px||false|false&#8221; custom_padding=&#8221;25px|0px||0px|false|false&#8221; text_font_size_tablet=&#8221;24px&#8221; text_font_size_phone=&#8221;16px&#8221; text_font_size_last_edited=&#8221;on|phone&#8221; header_font_size_tablet=&#8221;&#8221; header_font_size_phone=&#8221;30px&#8221; header_font_size_last_edited=&#8221;on|phone&#8221; global_colors_info=&#8221;{}&#8221;]<\/p>\n<h1>PARTNERS<\/h1>\n<p>Si la vostra empresa est\u00e0 <strong>especialitzada en el tractament d&#8217;humitats<\/strong>, aqu\u00ed teniu una bona <strong>oportunitat de negoci<\/strong>[\/et_pb_text][\/et_pb_column][et_pb_column type=&#8221;1_2&#8243; _builder_version=&#8221;4.16&#8243; pac_dcm_carousel_specific_module_num=&#8221;0&#8243; global_colors_info=&#8221;{}&#8221;][\/et_pb_column][\/et_pb_row][\/et_pb_section][et_pb_section fb_built=&#8221;1&#8243; _builder_version=&#8221;4.16&#8243; custom_padding=&#8221;50px||0px||false|&#8221; global_colors_info=&#8221;{}&#8221;][et_pb_row _builder_version=&#8221;4.17.6&#8243; custom_padding=&#8221;0px||60px|||&#8221; global_colors_info=&#8221;{}&#8221;][et_pb_column type=&#8221;4_4&#8243; _builder_version=&#8221;4.16&#8243; pac_dcm_carousel_specific_module_num=&#8221;0&#8243; global_colors_info=&#8221;{}&#8221;][et_pb_text _builder_version=&#8221;4.17.6&#8243; _module_preset=&#8221;default&#8221; text_font=&#8221;||||||||&#8221; header_3_font=&#8221;|600|||||||&#8221; text_orientation=&#8221;center&#8221; custom_margin=&#8221;||20px||false|false&#8221; global_colors_info=&#8221;{}&#8221;]<\/p>\n<h3>Una oportunitat de negoci<br \/>\namb la tecnologia m\u00e9s avan\u00e7ada<\/h3>\n<p>[\/et_pb_text][et_pb_text _builder_version=&#8221;4.17.6&#8243; _module_preset=&#8221;default&#8221; global_colors_info=&#8221;{}&#8221;]<strong>Si la vostra empresa est\u00e0 especialitzada en el tractament d&#8217;humitats per capil\u00b7laritat, tens un web enfocat a aquesta patologia i vols treballar amb la tecnologia m\u00e9s avan\u00e7ada, nom\u00e9s has d&#8217;emplenar el formulari adjunt.<\/strong><\/p>\n<p>Cada cop est\u00e0 m\u00e9s clar que les empreses necessiten <strong>especialitzar-se per ser les millors al seu camp<\/strong> i poder aportar un valor afegit als seus clients.<\/p>\n<p>Amb milers de tractaments realitzats hem adquirit un profund coneixement sobre tot el proc\u00e9s per diagnosticar i solucionar les humitats per capil\u00b7laritat amb les m\u00e0ximes garanties.<\/p>\n<p><strong>Humicontrol est\u00e0 en proc\u00e9s d&#8217;expansi\u00f3 tant a nivell d&#8217;Espanya com internacional.<\/strong><\/p>\n<p>Tenim una <strong>tecnologia l\u00edder a un preu molt competitiu<\/strong>, i tot el <strong>know-how<\/strong> perqu\u00e8 puguis desenvolupar amb \u00e8xit el mercat de la teva zona.<\/p>\n<p>Si vols ser Partner de Humicontrol omple el formulari, t&#8217;interessar\u00e0 molt el que t&#8217;explicar\u00e9.[\/et_pb_text][et_pb_code _builder_version=&#8221;4.16.1&#8243; _module_preset=&#8221;default&#8221; global_colors_info=&#8221;{}&#8221;][\/et_pb_code][et_pb_video_slider _builder_version=&#8221;4.20.2&#8243; _module_preset=&#8221;default&#8221; hover_enabled=&#8221;0&#8243; global_colors_info=&#8221;{}&#8221; show_image_overlay=&#8221;on&#8221; sticky_enabled=&#8221;0&#8243;][et_pb_video_slider_item src=&#8221;https:\/\/www.youtube.com\/watch?v=oTDx7wrdg2E&#8221; _builder_version=&#8221;4.20.2&#8243; _module_preset=&#8221;default&#8221; hover_enabled=&#8221;0&#8243; global_colors_info=&#8221;{}&#8221; show_image_overlay=&#8221;on&#8221; title_text=&#8221;PARTNER_ESP_RAMON&#8221; image_src=&#8221;https:\/\/humicontrol.com\/wp-content\/uploads\/2023\/03\/partner_esp_ramon.png&#8221; sticky_enabled=&#8221;0&#8243;][\/et_pb_video_slider_item][\/et_pb_video_slider][\/et_pb_column][\/et_pb_row][et_pb_row column_structure=&#8221;1_3,1_3,1_3&#8243; use_custom_gutter=&#8221;on&#8221; gutter_width=&#8221;1&#8243; make_equal=&#8221;on&#8221; disabled_on=&#8221;on|off|off&#8221; _builder_version=&#8221;4.17.6&#8243; width=&#8221;100%&#8221; max_width=&#8221;100%&#8221; height=&#8221;250px&#8221; custom_margin=&#8221;||0px||false|false&#8221; custom_padding=&#8221;0px||0px||false|false&#8221; global_colors_info=&#8221;{}&#8221;][et_pb_column type=&#8221;1_3&#8243; _builder_version=&#8221;4.16.1&#8243; background_image=&#8221;https:\/\/humicontrol.com\/wp-content\/uploads\/2022\/04\/Imatge-part-baixa-de-Partner-1-scaled.jpg&#8221; pac_dcm_carousel_specific_module_num=&#8221;0&#8243; global_colors_info=&#8221;{}&#8221;][\/et_pb_column][et_pb_column type=&#8221;1_3&#8243; _builder_version=&#8221;4.16.1&#8243; background_image=&#8221;https:\/\/humicontrol.com\/wp-content\/uploads\/2022\/04\/Imatge-part-baixa-de-Partner-2.jpg&#8221; pac_dcm_carousel_specific_module_num=&#8221;0&#8243; global_colors_info=&#8221;{}&#8221;][\/et_pb_column][et_pb_column type=&#8221;1_3&#8243; _builder_version=&#8221;4.16.1&#8243; background_image=&#8221;https:\/\/humicontrol.com\/wp-content\/uploads\/2022\/04\/Imatge-part-baixa-de-Partner-3-e1650620548921.jpg&#8221; pac_dcm_carousel_specific_module_num=&#8221;0&#8243; global_colors_info=&#8221;{}&#8221;][\/et_pb_column][\/et_pb_row][\/et_pb_section][et_pb_section fb_built=&#8221;1&#8243; custom_padding_last_edited=&#8221;on|phone&#8221; _builder_version=&#8221;4.17.6&#8243; _module_preset=&#8221;default&#8221; custom_margin=&#8221;||||false|false&#8221; custom_padding=&#8221;||||false|false&#8221; custom_padding_tablet=&#8221;||||false|false&#8221; custom_padding_phone=&#8221;0px||||false|false&#8221; global_colors_info=&#8221;{}&#8221;][et_pb_row _builder_version=&#8221;4.16.1&#8243; _module_preset=&#8221;default&#8221; global_colors_info=&#8221;{}&#8221;][et_pb_column type=&#8221;4_4&#8243; _builder_version=&#8221;4.16.1&#8243; _module_preset=&#8221;default&#8221; pac_dcm_carousel_specific_module_num=&#8221;0&#8243; global_colors_info=&#8221;{}&#8221;][et_pb_code _builder_version=&#8221;4.17.6&#8243; _module_preset=&#8221;default&#8221; global_colors_info=&#8221;{}&#8221;]<div id=\"quform-4c4e97\" class=\"quform quform-30 quform-support-page-caching\"><form id=\"quform-form-4c4e97\" class=\"quform-form quform-form-30\" action=\"\/ca\/wp-json\/wp\/v2\/pages\/235496#quform-4c4e97\" method=\"post\" enctype=\"multipart\/form-data\" novalidate=\"novalidate\" data-options=\"{&quot;id&quot;:30,&quot;uniqueId&quot;:&quot;4c4e97&quot;,&quot;theme&quot;:&quot;&quot;,&quot;ajax&quot;:true,&quot;logic&quot;:{&quot;logic&quot;:[],&quot;dependents&quot;:[],&quot;elementIds&quot;:[],&quot;dependentElementIds&quot;:[],&quot;animate&quot;:true},&quot;currentPageId&quot;:1,&quot;errorsIcon&quot;:&quot;&quot;,&quot;updateFancybox&quot;:true,&quot;hasPages&quot;:false,&quot;pages&quot;:[1],&quot;pageProgressType&quot;:&quot;numbers&quot;,&quot;tooltipsEnabled&quot;:true,&quot;tooltipClasses&quot;:&quot;qtip-quform-dark qtip-shadow&quot;,&quot;tooltipMy&quot;:&quot;left center&quot;,&quot;tooltipAt&quot;:&quot;right center&quot;,&quot;isRtl&quot;:false,&quot;scrollOffset&quot;:-50,&quot;scrollSpeed&quot;:800}\"><button class=\"quform-default-submit\" name=\"quform_submit\" type=\"submit\" value=\"submit\" aria-hidden=\"true\" tabindex=\"-1\"><\/button><div class=\"quform-form-inner quform-form-inner-30\"><input type=\"hidden\" name=\"quform_form_id\" value=\"30\" \/><input type=\"hidden\" name=\"quform_form_uid\" value=\"4c4e97\" \/><input type=\"hidden\" name=\"quform_count\" value=\"1\" \/><input type=\"hidden\" name=\"form_url\" value=\"https:\/\/humicontrol.com\/ca\/wp-json\/wp\/v2\/pages\/235496\" \/><input type=\"hidden\" name=\"referring_url\" value=\"\" \/><input type=\"hidden\" name=\"post_id\" value=\"\" \/><input type=\"hidden\" name=\"post_title\" value=\"\" \/><input type=\"hidden\" name=\"quform_current_page_id\" value=\"1\" \/><input type=\"hidden\" name=\"quform_csrf_token\" value=\"1loZEqw8KyFJu96C6wa5R4N83AS8aks5ZVdZpLte\" \/><div class=\"quform-elements quform-elements-30 quform-cf quform-responsive-elements-phone-landscape\"><div class=\"quform-element quform-element-page quform-page-1 quform-page-30_1 quform-cf quform-group-style-plain quform-first-page quform-last-page quform-current-page\"><div class=\"quform-child-elements\"><div class=\"quform-element quform-element-row quform-element-row-30_11 quform-1-columns quform-element-row-size-fixed quform-responsive-columns-phone-landscape\"><div class=\"quform-element quform-element-column quform-element-30_12\"><div class=\"quform-element quform-element-row quform-element-row-30_43 quform-3-columns quform-element-row-size-fixed quform-responsive-columns-phone-landscape\"><div class=\"quform-element quform-element-column quform-element-30_44\"><div class=\"quform-element quform-element-name quform-element-30_3 quform-cf quform-element-required\"><div class=\"quform-spacer\"><div class=\"quform-inner quform-inner-name quform-inner-30_3 quform-field-size-slim\"><div class=\"quform-input quform-input-name quform-input-30_3 quform-cf\"><div class=\"quform-element-row quform-1-columns quform-element-row-size-fixed quform-responsive-columns-phone-landscape\"><div class=\"quform-element-column\"><div class=\"quform-element quform-element-text quform-element-30_3_2 quform-cf quform-element-required\"><div class=\"quform-spacer\"><div class=\"quform-inner quform-inner-text quform-inner-30_3_2 quform-field-size-slim\"><div class=\"quform-input quform-input-text quform-input-30_3_2 quform-cf\"><input type=\"text\" id=\"quform_30_3_2_4c4e97\" name=\"quform_30_3[2]\" class=\"quform-field quform-field-text quform-field-30_3_2\" placeholder=\"NOMBRE EMPRESA\" \/><\/div><\/div><\/div><\/div><\/div><\/div><\/div><\/div><\/div><\/div><\/div><div class=\"quform-element quform-element-column quform-element-30_45\"><div class=\"quform-element quform-element-name quform-element-30_102 quform-cf quform-element-required\"><div class=\"quform-spacer\"><div class=\"quform-inner quform-inner-name quform-inner-30_102 quform-field-size-slim\"><div class=\"quform-input quform-input-name quform-input-30_102 quform-cf\"><div class=\"quform-element-row quform-1-columns quform-element-row-size-fixed quform-responsive-columns-phone-landscape\"><div class=\"quform-element-column\"><div class=\"quform-element quform-element-text quform-element-30_102_2 quform-cf quform-element-required\"><div class=\"quform-spacer\"><div class=\"quform-inner quform-inner-text quform-inner-30_102_2 quform-field-size-slim\"><div class=\"quform-input quform-input-text quform-input-30_102_2 quform-cf\"><input type=\"text\" id=\"quform_30_102_2_4c4e97\" name=\"quform_30_102[2]\" class=\"quform-field quform-field-text quform-field-30_102_2\" placeholder=\"NOM I COGNOMS\" \/><\/div><\/div><\/div><\/div><\/div><\/div><\/div><\/div><\/div><\/div><\/div><div class=\"quform-element quform-element-column quform-element-30_58\"><div class=\"quform-element quform-element-text quform-element-30_4 quform-cf quform-labels-inside quform-element-required\"><div class=\"quform-spacer\"><div class=\"quform-inner quform-inner-text quform-inner-30_4 quform-field-size-slim\"><div class=\"quform-input quform-input-text quform-input-30_4 quform-cf\"><input type=\"text\" id=\"quform_30_4_4c4e97\" name=\"quform_30_4\" class=\"quform-field quform-field-text quform-field-30_4\" placeholder=\"TEL\u00c8FON\" \/><\/div><\/div><\/div><\/div><\/div><\/div><div class=\"quform-element quform-element-row quform-element-row-30_109 quform-3-columns quform-element-row-size-fixed quform-responsive-columns-phone-landscape\"><div class=\"quform-element quform-element-column quform-element-30_110\"><div class=\"quform-element quform-element-email quform-element-30_115 quform-cf quform-labels-inside quform-element-required\"><div class=\"quform-spacer\"><div class=\"quform-inner quform-inner-email quform-inner-30_115 quform-field-size-slim\"><div class=\"quform-input quform-input-email quform-input-30_115 quform-cf\"><input type=\"email\" id=\"quform_30_115_4c4e97\" name=\"quform_30_115\" class=\"quform-field quform-field-email quform-field-30_115\" placeholder=\"EMAIL\" \/><\/div><\/div><\/div><\/div><\/div><div class=\"quform-element quform-element-column quform-element-30_113\"><div class=\"quform-element quform-element-text quform-element-30_112 quform-cf quform-labels-inside quform-element-required\"><div class=\"quform-spacer\"><div class=\"quform-inner quform-inner-text quform-inner-30_112 quform-field-size-slim\"><div class=\"quform-input quform-input-text quform-input-30_112 quform-cf\"><input type=\"text\" id=\"quform_30_112_4c4e97\" name=\"quform_30_112\" class=\"quform-field quform-field-text quform-field-30_112\" placeholder=\"POBLACI\u00d3\" \/><\/div><\/div><\/div><\/div><\/div><div class=\"quform-element quform-element-column quform-element-30_116\"><div class=\"quform-element quform-element-text quform-element-30_117 quform-cf quform-labels-inside quform-element-required\"><div class=\"quform-spacer\"><div class=\"quform-inner quform-inner-text quform-inner-30_117 quform-field-size-slim\"><div class=\"quform-input quform-input-text quform-input-30_117 quform-cf\"><input type=\"text\" id=\"quform_30_117_4c4e97\" name=\"quform_30_117\" class=\"quform-field quform-field-text quform-field-30_117\" placeholder=\"PA\u00cdS\" \/><\/div><\/div><\/div><\/div><\/div><\/div><div class=\"quform-element quform-element-row quform-element-row-30_46 quform-1-columns quform-element-row-size-fixed quform-responsive-columns-phone-landscape\"><div class=\"quform-element quform-element-column quform-element-30_47\"><div class=\"quform-element quform-element-text quform-element-30_106 quform-cf quform-labels-inside quform-element-optional\"><div class=\"quform-spacer\"><div class=\"quform-inner quform-inner-text quform-inner-30_106 quform-field-size-slim\"><div class=\"quform-input quform-input-text quform-input-30_106 quform-cf\"><input type=\"text\" id=\"quform_30_106_4c4e97\" name=\"quform_30_106\" class=\"quform-field quform-field-text quform-field-30_106\" placeholder=\"WEB\" \/><\/div><\/div><\/div><\/div><\/div><\/div><div class=\"quform-element quform-element-row quform-element-row-30_69 quform-1-columns quform-element-row-size-fixed quform-responsive-columns-phone-landscape\"><div class=\"quform-element quform-element-column quform-element-30_70\"><div class=\"quform-element quform-element-textarea quform-element-30_29 quform-cf quform-labels-inside quform-element-optional\"><div class=\"quform-spacer\"><div class=\"quform-inner quform-inner-textarea quform-inner-30_29 quform-field-size-slim\"><div class=\"quform-input quform-input-textarea quform-input-30_29 quform-cf\"><textarea id=\"quform_30_29_4c4e97\" name=\"quform_30_29\" class=\"quform-field quform-field-textarea quform-field-30_29\" placeholder=\"Explica&#039;ns breument com treballa la teva empresa\"><\/textarea><\/div><\/div><\/div><\/div><\/div><\/div><\/div><\/div><div class=\"quform-element quform-element-row quform-element-row-30_78 quform-1-columns quform-element-row-size-fixed quform-responsive-columns-phone-landscape\"><div class=\"quform-element quform-element-column quform-element-30_79\"><div class=\"quform-element quform-element-html quform-element-30_108 quform-cf\"><div class=\"quform-spacer\"><strong>Avaluarem r\u00e0pidament la vostra sol\u00b7licitud i us direm com procedir perqu\u00e8 pugueu tenir \u00e8xit amb aquesta oportunitat de negoci.<\/strong><\/div><\/div><\/div><\/div><div class=\"quform-element quform-element-row quform-element-row-30_97 quform-1-columns quform-element-row-size-fixed quform-responsive-columns-phone-landscape\"><div class=\"quform-element quform-element-column quform-element-30_98\"><div class=\"quform-element quform-element-checkbox quform-element-30_100 quform-cf quform-element-required\"><div class=\"quform-spacer\"><div class=\"quform-label quform-label-30_100\"><label class=\"quform-label-text\" id=\"quform_30_100_4c4e97_label\">Pol\u00edtica de privacitat<span class=\"quform-required\">*<\/span><\/label><\/div><div class=\"quform-inner quform-inner-checkbox quform-inner-30_100 quform-field-size-slim\"><div class=\"quform-input quform-input-checkbox quform-input-30_100 quform-cf\"><div class=\"quform-options quform-cf quform-options-block quform-options-simple\" role=\"group\" aria-labelledby=\"quform_30_100_4c4e97_label\"><div class=\"quform-option\"><input type=\"checkbox\" name=\"quform_30_100[]\" id=\"quform_30_100_4c4e97_1\" class=\"quform-field quform-field-checkbox quform-field-30_100 quform-field-30_100_1\" value=\"He llegit i accepto les condicions legals\" \/><label for=\"quform_30_100_4c4e97_1\" class=\"quform-option-label quform-option-label-30_100_1\"><span class=\"quform-option-text\">He llegit i accepto les condicions legals<\/span><\/label><\/div><\/div><\/div><\/div><\/div><\/div><div class=\"quform-element quform-element-checkbox quform-element-30_101 quform-cf quform-element-optional\"><div class=\"quform-spacer\"><div class=\"quform-label quform-label-30_101\"><label class=\"quform-label-text\" id=\"quform_30_101_4c4e97_label\">Publicitat<\/label><\/div><div class=\"quform-inner quform-inner-checkbox quform-inner-30_101 quform-field-size-slim\"><div class=\"quform-input quform-input-checkbox quform-input-30_101 quform-cf\"><div class=\"quform-options quform-cf quform-options-block quform-options-simple\" role=\"group\" aria-labelledby=\"quform_30_101_4c4e97_label\"><div class=\"quform-option\"><input type=\"checkbox\" name=\"quform_30_101[]\" id=\"quform_30_101_4c4e97_1\" class=\"quform-field quform-field-checkbox quform-field-30_101 quform-field-30_101_1\" value=\"Accepto rebre informaci\u00f3 de Humicontrol SL i delegacions per atendre la meva petici\u00f3\" \/><label for=\"quform_30_101_4c4e97_1\" class=\"quform-option-label quform-option-label-30_101_1\"><span class=\"quform-option-text\">Accepto rebre informaci\u00f3 de Humicontrol SL i delegacions per atendre la meva petici\u00f3<\/span><\/label><\/div><\/div><\/div><\/div><\/div><\/div><\/div><\/div><div class=\"quform-element quform-element-submit quform-element-30_2 quform-cf quform-button-style-theme quform-button-width-medium\"><div class=\"quform-button-submit quform-button-submit-default quform-button-submit-30_2 quform-button-icon-right\"><button name=\"quform_submit\" type=\"submit\" class=\"quform-submit\" value=\"submit\"><span class=\"quform-button-text quform-button-submit-text\">Enviar Missatge<\/span><span class=\"quform-button-icon quform-button-submit-icon\"><i class=\"fa fa-chevron-right\"><\/i><\/span><\/button><\/div><div class=\"quform-loading quform-loading-position-left quform-loading-type-spinner-1\"><div class=\"quform-loading-inner\"><div class=\"quform-loading-spinner\"><div class=\"quform-loading-spinner-inner\"><\/div><\/div><\/div><\/div><\/div><div class=\"quform-element-tree\"><label for=\"quform_30_0_4c4e97\">This field should be left blank<\/label><input type=\"text\" id=\"quform_30_0_4c4e97\" name=\"quform_30_0\" class=\"quform-field quform-field-tree quform-field-30_0\" tabindex=\"-1\" autocomplete=\"off\" \/><\/div><\/div><\/div><\/div><\/div><\/form><\/div>[\/et_pb_code][\/et_pb_column][\/et_pb_row][\/et_pb_section]<\/p>\n","protected":false},"excerpt":{"rendered":"<p>PARTNERS Si la vostra empresa est\u00e0 especialitzada en el tractament d&#8217;humitats, aqu\u00ed teniu una bona oportunitat de negociUna oportunitat de negoci amb la tecnologia m\u00e9s avan\u00e7adaSi la vostra empresa est\u00e0 especialitzada en el tractament d&#8217;humitats per capil\u00b7laritat, tens un web enfocat a aquesta patologia i vols treballar amb la tecnologia m\u00e9s avan\u00e7ada, nom\u00e9s has d&#8217;emplenar [&hellip;]<\/p>\n","protected":false},"author":2,"featured_media":0,"parent":0,"menu_order":0,"comment_status":"closed","ping_status":"closed","template":"","meta":{"_et_pb_use_builder":"on","_et_pb_old_content":"","_et_gb_content_width":"","footnotes":""},"class_list":["post-235496","page","type-page","status-publish","hentry"],"_links":{"self":[{"href":"https:\/\/humicontrol.com\/ca\/wp-json\/wp\/v2\/pages\/235496","targetHints":{"allow":["GET"]}}],"collection":[{"href":"https:\/\/humicontrol.com\/ca\/wp-json\/wp\/v2\/pages"}],"about":[{"href":"https:\/\/humicontrol.com\/ca\/wp-json\/wp\/v2\/types\/page"}],"author":[{"embeddable":true,"href":"https:\/\/humicontrol.com\/ca\/wp-json\/wp\/v2\/users\/2"}],"replies":[{"embeddable":true,"href":"https:\/\/humicontrol.com\/ca\/wp-json\/wp\/v2\/comments?post=235496"}],"version-history":[{"count":0,"href":"https:\/\/humicontrol.com\/ca\/wp-json\/wp\/v2\/pages\/235496\/revisions"}],"wp:attachment":[{"href":"https:\/\/humicontrol.com\/ca\/wp-json\/wp\/v2\/media?parent=235496"}],"curies":[{"name":"wp","href":"https:\/\/api.w.org\/{rel}","templated":true}]}}