{"id":236417,"date":"2022-03-18T09:04:27","date_gmt":"2022-03-18T09:04:27","guid":{"rendered":"https:\/\/humicontrol.com\/avis-legal\/"},"modified":"2023-07-27T06:19:12","modified_gmt":"2023-07-27T06:19:12","slug":"avis-legal","status":"publish","type":"page","link":"https:\/\/humicontrol.com\/ca\/avis-legal\/","title":{"rendered":"Av\u00eds legal"},"content":{"rendered":"<p>[et_pb_section fb_built=&#8221;1&#8243; _builder_version=&#8221;4.16.1&#8243; _module_preset=&#8221;default&#8221; global_colors_info=&#8221;{}&#8221;][et_pb_row _builder_version=&#8221;4.16.1&#8243; _module_preset=&#8221;default&#8221; global_colors_info=&#8221;{}&#8221;][et_pb_column type=&#8221;4_4&#8243; _builder_version=&#8221;4.16.1&#8243; _module_preset=&#8221;default&#8221; pac_dcm_carousel_specific_module_num=&#8221;0&#8243; global_colors_info=&#8221;{}&#8221;][et_pb_text _builder_version=&#8221;4.20.0&#8243; _module_preset=&#8221;default&#8221; hover_enabled=&#8221;0&#8243; sticky_enabled=&#8221;0&#8243;]<\/p>\n<p><span><nav aria-label=\"breadcrumbs\" class=\"rank-math-breadcrumb\"><p><span class=\"last\">Inicio<\/span><\/p><\/nav><\/span><\/p>\n<p>[\/et_pb_text][et_pb_text _builder_version=&#8221;4.16.1&#8243; _module_preset=&#8221;default&#8221; global_colors_info=&#8221;{}&#8221;]<\/p>\n<h1><strong>AV\u00cdS LEGAL<\/strong><\/h1>\n<p>[\/et_pb_text][et_pb_text _builder_version=&#8221;4.16.1&#8243; _module_preset=&#8221;default&#8221; global_colors_info=&#8221;{}&#8221;]<\/p>\n<p><strong><span>B08708364<\/span>CL\u00c0USULES I AVISOS LEGALS<\/strong> de www.humicontrol.com<\/p>\n<p><strong>1.- NORMES D&#8217;US DEL WEBSITE<\/strong>.<\/p>\n<ul>\n<li>1.1.- L&#8217;acc\u00e9s a aquest lloc web \u00e9s responsabilitat exclusiva dels usuaris.<\/li>\n<li>1.2.- L&#8217;acc\u00e9s o \u201cvisita\u201d a aquest lloc web no suposa entaular cap relaci\u00f3 comercial amb Humicontrol SL i l&#8217;usuari.<\/li>\n<li>1.3.- L&#8217;acc\u00e9s i la navegaci\u00f3 d&#8217;aquest Website suposa acceptar i con\u00e8ixer els advertiments, avisos legals i condicions d&#8217;\u00fas previstos en ell. Aquell usuari que hi estigui en contra o no estigui disposat a complir-les, se li prohibeix l&#8217;acc\u00e9s.<\/li>\n<\/ul>\n<p><strong>2.- ACC\u00c9S AL WEBSITE I SEGURETAT.<\/strong><\/p>\n<p>L&#8217;usuari s&#8217;obliga a fer \u00fas dels serveis oferts en aquest website de forma diligent, correcta i l\u00edcita i s&#8217;abstindr\u00e0 expressament de realitzar qualsevol tipus de les accions descrites a continuaci\u00f3:<\/p>\n<ul>\n<li>Utilitzar els serveis oferts en aquest website de forma contr\u00e0ria a les lleis, a la moral, a l&#8217;ordre p\u00fablic o als bons costums.<\/li>\n<li>Reproduir, copiar, distribuir transformar o modificar els serveis o contingut del webs tret que compti amb autoritzaci\u00f3 escrita i expressa del titular del website. Si aquesta autoritzaci\u00f3 s&#8217;accepta, l&#8217;autoritzat haur\u00e0 de citar en tot moment la font de qu\u00e8 prov\u00e9 la informaci\u00f3.<\/li>\n<li>Violar els drets de propietat intel\u00b7lectual o industrial de Humicontrol SL<\/li>\n<li>Emprar els serveis i la informaci\u00f3 obtinguda a trav\u00e9s del lloc web per remetre publicitat, venda directa o qualsevol altra classe de finalitat comercial. L&#8217;usuari respondr\u00e0 dels danys i perjudicis que Humicontrol SL pugui patir, directament o indirectament com a conseq\u00fc\u00e8ncia de l&#8217;incompliment de les obligacions derivades de l&#8217;av\u00eds legal o la llei en relaci\u00f3 amb la utilitzaci\u00f3 del lloc web.<\/li>\n<\/ul>\n<p><strong>3.- ACTUALITAT I MODIFICACI\u00d3 DE LA INFORMACI\u00d3<\/strong><\/p>\n<p>La informaci\u00f3 que apareix en aquest website \u00e9s la vigent a la data de la seva \u00faltima actualitzaci\u00f3. Humicontrol SL es reserva el dret d&#8217;actualitzar, modificar o eliminar la informaci\u00f3 d&#8217;aquest website, podent limitar o no permetre l&#8217;acc\u00e9s a aquest website. No es podr\u00e0 alterar, canviar, modificar o adaptar aquest website. No obstant aix\u00f2, Humicontrol SL es reserva la facultat d&#8217;efectuar, en qualsevol moment, quants canvis i modificacions estimi convenients, podent fer \u00fas de tal facultat en qualsevol moment i sense previ av\u00eds.<\/p>\n<p><strong>4.- DRETS DE PROPIETAT:<\/strong><\/p>\n<p>Tots els continguts del Website, com ara textos, gr\u00e0fics, fotografies, logotips, icones i imatges, aix\u00ed com el disseny gr\u00e0fic, codi font i programari s\u00f3n d&#8217;exclusiva propietat de Humicontrol SL i estan subjectes als drets de propietat intel\u00b7lectual i industrial protegits per la legislaci\u00f3 internacional i nacional, sense que es pugui entendre que l&#8217;\u00fas o acc\u00e9s a la web i\/o als Serveis atribueixi a l&#8217;Usuari cap dret sobre les esmentades marques, noms comercials i\/o signes distintius.<\/p>\n<p>Queda terminantment prohibida la utilitzaci\u00f3 de tots els elements de propietat intel\u00b7lectual i industrial amb fins comercials, aix\u00ed com la seva distribuci\u00f3, modificaci\u00f3, alteraci\u00f3 o descompilaci\u00f3<\/p>\n<p>L&#8217;incompliment d&#8217;aquestes obligacions poden donar lloc a responsabilitat criminal, segons el codi penal vigent i les lleis especials de protecci\u00f3 de la propietat intel\u00b7lectual i industrial.<\/p>\n<p><strong>5.- CL\u00c0USULA DE CONFIDENCIALITAT I PROTECCI\u00d3 DE DADES PERSONALS.<\/strong><\/p>\n<p>En compliment amb all\u00f2 establert al Nou Reglament General de Protecci\u00f3 de Dades, informem als usuaris que les seves dades personals facilitades mitjan\u00e7ant l&#8217;\u00fas de formularis seran incloses en el tractament de dades de clients de l&#8217;empresa Humicontrol, S.L. amb CIF <span>B08708364<\/span>.<\/p>\n<p>El lloc web a trav\u00e9s dels formularis de contacte, podr\u00e0 recollir dades personals com ara: nom, domicili, adre\u00e7a de correu electr\u00f2nic o tel\u00e8fon.<\/p>\n<p>El nostre lloc web utilitza la informaci\u00f3 per tal de proporcionar el millor servei possible. Concretament per donar resposta a les peticions d&#8217;informaci\u00f3 i contacte que el client ens sol\u00b7licita i per enviar informaci\u00f3 d&#8217;inter\u00e8s per a l&#8217;usuari.<\/p>\n<p>Humicontrol, S.L. tractar\u00e0 de forma electr\u00f2nica les dades anteriorment esmentades, i es comprometr\u00e0 a mantenir la m\u00e9s estricta confidencialitat respecte a les dades facilitades per l&#8217;usuari. Aquestes dades nom\u00e9s podran ser utilitzades per Humicontrol, S.L. i pels col\u00b7laboradors necessaris per prestar el servei.<\/p>\n<p>Les dades proporcionades es conservaran mentre es mantingui la relaci\u00f3 comercial o durant els anys necessaris per complir les obligacions legals.<\/p>\n<p>L&#8217;usuari podr\u00e0 exercir el seu dret a acc\u00e9s, rectificaci\u00f3, oposici\u00f3 o cancel\u00b7laci\u00f3 quan ja no sigui necessari per al manteniment de la relaci\u00f3 comercial, mitjan\u00e7ant sol\u00b7licitud per correu postal a Humicontrol, SL, c\/Padilla 240, interior, 08013 Barcelona o mitjan\u00e7ant el correu electr\u00f2nic <a href=\"mailto:info@humicontrol.com\">info@humicontrol.com<\/a>, incloent la c\u00f2pia del DNI, NIE o document identificatiu equivalent.<\/p>\n<p><strong>6.- EXCLUSI\u00d3 DE GARANTIES I RESPONSABILITAT.<\/strong><\/p>\n<p>Humicontrol SL no es responsabilitza ni garanteix que l&#8217;acc\u00e9s a aquest lloc web sigui ininterromput o que aquest lliure d&#8217;error. En cap cas Humicontrol SL ser\u00e0 responsable per les p\u00e8rdues, danys o perjudicis de qualsevol tipus que puguin sorgir per l&#8217;acc\u00e9s i \u00fas de la p\u00e0gina web, incloent-hi (per\u00f2 no limitant-se) els ocasionats als sistemes inform\u00e0tics o els provocats per la introducci\u00f3 de virus. Humicontrol SL no es fa responsable dels danys que poguessin ocasionar-se als usuaris per \u00fas inadequat del mateix.<\/p>\n<p>Humicontrol SL no assumeix cap responsabilitat per les discrep\u00e0ncies que poguessin existir entre els documents impresos i la versi\u00f3 electr\u00f2nica publicada en aquest website. En cas de discrep\u00e0ncia entre totes dues, prevaldr\u00e0 la versi\u00f3 impresa.<\/p>\n<p>Humicontrol SL realitza els m\u00e0xims esfor\u00e7os per evitar qualsevol error en els continguts que poguessin apar\u00e8ixer en aquest website, no garanteix, ni es responsabilitza de les conseq\u00fc\u00e8ncies que poguessin derivar-se dels errors dels continguts que poguessin apar\u00e8ixer en aquest Website.<\/p>\n<p>Humicontrol SL no assumeix la responsabilitat pel contingut de qualsevol f\u00f2rum o debat al ciberespai, butlletins o qualsevol altre tipus de transmissions, que estiguin vinculats a aquest website i cooperar\u00e0, si \u00e9s requerit per autoritat judicial o per les autoritats pertinents en la identificaci\u00f3 de les persones responsables dels continguts que violin la llei. Les garanties que Humicontrol SL ofereix dels seus productes i t\u00e8cniques es regeixen pels contractes que s&#8217;estableixin en el seu moment entre Humicontrol SL i els seus clients directes. Tota informaci\u00f3 publicada a la web de Humicontrol SL \u00e9s orientativa. Humicontrol SL no es responsabilitza de les condicions que no hagin estat establertes directament per Humicontrol SL.<\/p>\n<p><strong>7.- JURISDICCI\u00d3 I COMPET\u00c8NCIA.<\/strong><\/p>\n<p>Amb car\u00e0cter general, les relacions entre Humicontrol SL i els seus clients o usuaris, derivades de la contractaci\u00f3 dels productes i serveis continguts a la present Web es troba sotm\u00e8s a la legislaci\u00f3 i jurisdicci\u00f3 espanyola, i establint-se o aplicant-se la mateixa en cas de conflicte entre ambdues parts. (Humicontrol SL i els seus Clients\/usuaris).<\/p>\n<p>[\/et_pb_text][\/et_pb_column][\/et_pb_row][\/et_pb_section]<\/p>\n","protected":false},"excerpt":{"rendered":"<p><nav aria-label=\"breadcrumbs\" class=\"rank-math-breadcrumb\"><p><span class=\"last\">Inicio<\/span><\/p><\/nav>AV\u00cdS LEGALB08708364CL\u00c0USULES I AVISOS LEGALS de www.humicontrol.com 1.- NORMES D&#8217;US DEL WEBSITE. 1.1.- L&#8217;acc\u00e9s a aquest lloc web \u00e9s responsabilitat exclusiva dels usuaris. 1.2.- L&#8217;acc\u00e9s o \u201cvisita\u201d a aquest lloc web no suposa entaular cap relaci\u00f3 comercial amb Humicontrol SL i l&#8217;usuari. 1.3.- L&#8217;acc\u00e9s i la navegaci\u00f3 d&#8217;aquest Website suposa acceptar i con\u00e8ixer els advertiments, [&hellip;]<\/p>\n","protected":false},"author":2,"featured_media":0,"parent":0,"menu_order":0,"comment_status":"closed","ping_status":"closed","template":"","meta":{"_et_pb_use_builder":"on","_et_pb_old_content":"","_et_gb_content_width":"","footnotes":""},"class_list":["post-236417","page","type-page","status-publish","hentry"],"_links":{"self":[{"href":"https:\/\/humicontrol.com\/ca\/wp-json\/wp\/v2\/pages\/236417","targetHints":{"allow":["GET"]}}],"collection":[{"href":"https:\/\/humicontrol.com\/ca\/wp-json\/wp\/v2\/pages"}],"about":[{"href":"https:\/\/humicontrol.com\/ca\/wp-json\/wp\/v2\/types\/page"}],"author":[{"embeddable":true,"href":"https:\/\/humicontrol.com\/ca\/wp-json\/wp\/v2\/users\/2"}],"replies":[{"embeddable":true,"href":"https:\/\/humicontrol.com\/ca\/wp-json\/wp\/v2\/comments?post=236417"}],"version-history":[{"count":0,"href":"https:\/\/humicontrol.com\/ca\/wp-json\/wp\/v2\/pages\/236417\/revisions"}],"wp:attachment":[{"href":"https:\/\/humicontrol.com\/ca\/wp-json\/wp\/v2\/media?parent=236417"}],"curies":[{"name":"wp","href":"https:\/\/api.w.org\/{rel}","templated":true}]}}