{"id":240400,"date":"2022-03-18T09:04:27","date_gmt":"2022-03-18T09:04:27","guid":{"rendered":"https:\/\/humicontrol.com\/rechtliche-warnung\/"},"modified":"2025-01-13T09:48:58","modified_gmt":"2025-01-13T09:48:58","slug":"rechtliche-warnung","status":"publish","type":"page","link":"https:\/\/humicontrol.com\/de\/rechtliche-warnung\/","title":{"rendered":"Rechtliche Warnung"},"content":{"rendered":"<p>[et_pb_section fb_built=&#8220;1&#8243; _builder_version=&#8220;4.16.1&#8243; _module_preset=&#8220;default&#8220; global_colors_info=&#8220;{}&#8220;][et_pb_row _builder_version=&#8220;4.16.1&#8243; _module_preset=&#8220;default&#8220; global_colors_info=&#8220;{}&#8220;][et_pb_column type=&#8220;4_4&#8243; _builder_version=&#8220;4.16.1&#8243; _module_preset=&#8220;default&#8220; pac_dcm_carousel_specific_module_num=&#8220;0&#8243; global_colors_info=&#8220;{}&#8220;][et_pb_text _builder_version=&#8220;4.20.0&#8243; _module_preset=&#8220;default&#8220; global_colors_info=&#8220;{}&#8220;]<\/p>\n<p><span><nav aria-label=\"breadcrumbs\" class=\"rank-math-breadcrumb\"><p><span class=\"last\">Inicio<\/span><\/p><\/nav><\/span><\/p>\n<p>[\/et_pb_text][et_pb_text _builder_version=&#8220;4.16.1&#8243; _module_preset=&#8220;default&#8220; global_colors_info=&#8220;{}&#8220;]<\/p>\n<h1><strong>RECHTLICHER HINWEIS<\/strong><\/h1>\n<p>[\/et_pb_text][et_pb_text _builder_version=&#8220;4.16.1&#8243; _module_preset=&#8220;default&#8220; global_colors_info=&#8220;{}&#8220;]<\/p>\n<p><strong><span>B08708364<\/span> KLAUSELN UND RECHTLICHE HINWEISE<\/strong> von www.humicontrol.com<\/p>\n<p><strong>1.- NUTZUNGSREGELN DER WEBSITE<\/strong>.<\/p>\n<ul>\n<li>1.1.- Der Zugriff auf diese Website unterliegt der ausschlie\u00dflichen Verantwortung der Benutzer.<\/li>\n<li>1.2.- Der Zugriff oder \u201eBesuch\u201c dieser Website bedeutet nicht, dass eine Gesch\u00e4ftsbeziehung zwischen Humicontrol SL und dem Benutzer begr\u00fcndet wird.<\/li>\n<li>1.3.- Der Zugriff auf und das Durchsuchen dieser Website setzt voraus, dass Sie die darin enthaltenen Warnungen, rechtlichen Hinweise und Nutzungsbedingungen akzeptieren und kennen. Jedem Benutzer, der dagegen ist oder nicht bereit ist, sie einzuhalten, ist der Zugriff darauf untersagt. <\/li>\n<\/ul>\n<p><strong>2.- ZUGRIFF AUF DIE WEBSITE UND SICHERHEIT.<\/strong><\/p>\n<p>Der Nutzer verpflichtet sich, die auf dieser Website angebotenen Dienste gewissenhaft, korrekt und rechtm\u00e4\u00dfig zu nutzen und wird ausdr\u00fccklich von der Durchf\u00fchrung nachfolgend beschriebener Handlungen Abstand nehmen:<\/p>\n<ul>\n<li>Nutzen Sie die auf dieser Website angebotenen Dienste in einer Weise, die gegen Gesetze, die guten Sitten, die \u00f6ffentliche Ordnung oder die guten Sitten verst\u00f6\u00dft.<\/li>\n<li>Die Dienste oder Inhalte der Website zu reproduzieren, zu kopieren, zu verbreiten, umzuwandeln oder zu modifizieren, es sei denn, Sie haben die ausdr\u00fcckliche schriftliche Genehmigung des Eigent\u00fcmers der Website. Wird diese Genehmigung akzeptiert, muss der Bevollm\u00e4chtigte jederzeit die Quelle angeben, aus der die Informationen stammen. <\/li>\n<li>Die geistigen oder gewerblichen Eigentumsrechte von Humicontrol SL verletzen<\/li>\n<li>Nutzen Sie die \u00fcber die Website erhaltenen Dienste und Informationen, um Werbung, Direktverk\u00e4ufe oder andere kommerzielle Zwecke zu versenden. Der Nutzer haftet f\u00fcr alle Sch\u00e4den, die Humicontrol SL direkt oder indirekt durch die Nichteinhaltung der sich aus den rechtlichen Hinweisen oder dem Gesetz ergebenden Verpflichtungen im Zusammenhang mit der Nutzung der Website erleiden. <\/li>\n<\/ul>\n<p><strong>3.- AKTUELLE UND \u00c4NDERUNG DER INFORMATIONEN<\/strong><\/p>\n<p>Die auf dieser Website angezeigten Informationen sind zum Zeitpunkt ihrer letzten Aktualisierung aktuell. Humicontrol SL beh\u00e4lt sich das Recht vor, die Informationen auf dieser Website zu aktualisieren, zu \u00e4ndern oder zu l\u00f6schen und kann den Zugriff auf diese Website einschr\u00e4nken oder nicht zulassen. Diese Website darf nicht ver\u00e4ndert, ver\u00e4ndert, modifiziert oder angepasst werden. Humicontrol SL beh\u00e4lt sich jedoch das Recht vor, jederzeit \u00c4nderungen und Modifikationen vorzunehmen, die es f\u00fcr angemessen h\u00e4lt, und kann von dieser Befugnis jederzeit und ohne vorherige Ank\u00fcndigung Gebrauch machen.   <\/p>\n<p><strong>4.- EIGENTUMSRECHTE:<\/strong><\/p>\n<p>Alle Inhalte der Website, wie Texte, Grafiken, Fotos, Logos, Symbole und Bilder, sowie das Grafikdesign, der Quellcode und die Software sind ausschlie\u00dfliches Eigentum von Humicontrol SL und unterliegen gesch\u00fctzten geistigen und gewerblichen Eigentumsrechten. durch internationale und nationale Gesetzgebung, ohne dass davon ausgegangen wird, dass die Nutzung oder der Zugriff auf die Website und\/oder die Dienste dem Benutzer ein Recht an den oben genannten Marken, Handelsnamen und\/oder Unterscheidungszeichen einr\u00e4umt.<\/p>\n<p>Die Nutzung aller Elemente des geistigen und gewerblichen Eigentums f\u00fcr kommerzielle Zwecke sowie deren Verbreitung, Modifizierung, \u00c4nderung oder Dekompilierung ist strengstens untersagt.<\/p>\n<p>Die Nichteinhaltung dieser Verpflichtungen kann gem\u00e4\u00df dem geltenden Strafgesetzbuch und den Sondergesetzen zum Schutz des geistigen und gewerblichen Eigentums strafrechtlich verfolgt werden.<\/p>\n<p><strong>5.- VERTRAULICHKEIT UND SCHUTZKLAUSEL PERSONENBEZOGENER DATEN.<\/strong><\/p>\n<p>In \u00dcbereinstimmung mit den Bestimmungen der neuen Datenschutz-Grundverordnung informieren wir die Nutzer dar\u00fcber, dass ihre \u00fcber Formulare angegebenen personenbezogenen Daten in die Verarbeitung von Kundendaten der Firma Humicontrol, SL mit CIF <span>B08708364<\/span> einbezogen werden.<\/p>\n<p>Die Website kann \u00fcber die Kontaktformulare personenbezogene Daten wie Name, Adresse, E-Mail-Adresse oder Telefonnummer erfassen.<\/p>\n<p>Unsere Website nutzt die Informationen, um Ihnen den bestm\u00f6glichen Service bieten zu k\u00f6nnen. Insbesondere um auf Informations- und Kontaktanfragen zu reagieren, die der Kunde von uns verlangt, und um f\u00fcr den Benutzer interessante Informationen zu senden. <\/p>\n<p>Humicontrol, SL verarbeitet die oben genannten Daten elektronisch und verpflichtet sich zur strengsten Vertraulichkeit der vom Benutzer bereitgestellten Daten. Diese Daten d\u00fcrfen nur von Humicontrol, SL und den f\u00fcr die Erbringung der Dienstleistung erforderlichen Mitarbeitern verwendet werden. <\/p>\n<p>Die bereitgestellten Daten werden so lange aufbewahrt, wie die Gesch\u00e4ftsbeziehung aufrechterhalten wird oder f\u00fcr die Jahre, die zur Erf\u00fcllung gesetzlicher Verpflichtungen erforderlich sind.<\/p>\n<p>Der Nutzer kann sein Recht auf Zugang, Berichtigung, Widerspruch oder L\u00f6schung aus\u00fcben, wenn dies f\u00fcr die Aufrechterhaltung der Gesch\u00e4ftsbeziehung nicht mehr erforderlich ist, indem er eine Anfrage per Post an Humicontrol, SL, c\/Padilla 240, Interior, 08013 Barcelona oder per E-Mail sendet . elektronisch <a href=\"mailto:info@humicontrol.com\">info@humicontrol.com<\/a>, einschlie\u00dflich einer Kopie des DNI, NIE oder eines gleichwertigen Ausweisdokuments.<\/p>\n<p><strong>6.- GEW\u00c4HRLEISTUNGS- UND HAFTUNGSAUSSCHLUSS.<\/strong><\/p>\n<p>Humicontrol SL \u00fcbernimmt keine Verantwortung oder Garantie daf\u00fcr, dass der Zugriff auf diese Website ununterbrochen oder fehlerfrei ist. Humicontrol SL haftet in keinem Fall f\u00fcr Verluste, Sch\u00e4den oder Verluste jeglicher Art, die durch den Zugriff und die Nutzung der Website entstehen k\u00f6nnen, einschlie\u00dflich (aber nicht beschr\u00e4nkt auf) Sch\u00e4den, die an Computersystemen oder durch die Einf\u00fchrung von Viren verursacht werden. Humicontrol SL haftet nicht f\u00fcr Sch\u00e4den, die dem Benutzer durch unsachgem\u00e4\u00dfen Gebrauch entstehen.  <\/p>\n<p>Humicontrol SL \u00fcbernimmt keine Verantwortung f\u00fcr eventuelle Unstimmigkeiten zwischen den gedruckten Dokumenten und der auf dieser Website ver\u00f6ffentlichten elektronischen Version. Im Falle von Unstimmigkeiten zwischen beiden ist die gedruckte Version ma\u00dfgebend. <\/p>\n<p>Humicontrol SL unternimmt alle Anstrengungen, um etwaige Fehler in den auf dieser Website erscheinenden Inhalten zu vermeiden. Sie \u00fcbernimmt keine Garantie und ist nicht verantwortlich f\u00fcr die Folgen, die sich aus Fehlern in den auf dieser Website erscheinenden Inhalten ergeben k\u00f6nnen.<\/p>\n<p>Humicontrol SL \u00fcbernimmt keine Verantwortung f\u00fcr den Inhalt von Foren oder Debatten im Cyberspace, von Bulletins oder anderen Arten von \u00dcbermittlungen, die mit dieser Website verlinkt sind, und wird auf Verlangen der Justizbeh\u00f6rde oder der zust\u00e4ndigen Beh\u00f6rden bei der Identifizierung der Personen mitwirken Personen, die f\u00fcr Inhalte verantwortlich sind, die gegen das Gesetz versto\u00dfen. Die Garantien, die Humicontrol SL f\u00fcr seine Produkte und Techniken bietet, unterliegen den zu diesem Zeitpunkt zwischen Humicontrol SL und seinen Direktkunden geschlossenen Vertr\u00e4gen. Alle auf der Website von Humicontrol SL ver\u00f6ffentlichten Informationen sind Richtwerte. Humicontrol SL ist nicht verantwortlich f\u00fcr Bedingungen, die nicht direkt von Humicontrol SL festgestellt wurden.   <\/p>\n<p><strong>7.- GERICHTSSTAND UND KOMPETENZ.<\/strong><\/p>\n<p>Im Allgemeinen unterliegen die Beziehungen zwischen Humicontrol SL und seinen Kunden oder Nutzern, die sich aus der Beauftragung der auf dieser Website enthaltenen Produkte und Dienstleistungen ergeben, der spanischen Gesetzgebung und Gerichtsbarkeit, die im Falle eines Konflikts festgelegt oder angewendet wird zwischen beiden Parteien. (Humicontrol SL und seine Kunden\/Benutzer). <\/p>\n<p>[\/et_pb_text][\/et_pb_column][\/et_pb_row][\/et_pb_section]<\/p>\n","protected":false},"excerpt":{"rendered":"<p><nav aria-label=\"breadcrumbs\" class=\"rank-math-breadcrumb\"><p><span class=\"last\">Inicio<\/span><\/p><\/nav>RECHTLICHER HINWEISB08708364 KLAUSELN UND RECHTLICHE HINWEISE von www.humicontrol.com 1.- NUTZUNGSREGELN DER WEBSITE. 1.1.- Der Zugriff auf diese Website unterliegt der ausschlie\u00dflichen Verantwortung der Benutzer. 1.2.- Der Zugriff oder \u201eBesuch\u201c dieser Website bedeutet nicht, dass eine Gesch\u00e4ftsbeziehung zwischen Humicontrol SL und dem Benutzer begr\u00fcndet wird. 1.3.- Der Zugriff auf und das Durchsuchen dieser Website setzt voraus, [&hellip;]<\/p>\n","protected":false},"author":2,"featured_media":0,"parent":0,"menu_order":0,"comment_status":"closed","ping_status":"closed","template":"","meta":{"_et_pb_use_builder":"on","_et_pb_old_content":"","_et_gb_content_width":"","footnotes":""},"class_list":["post-240400","page","type-page","status-publish","hentry"],"_links":{"self":[{"href":"https:\/\/humicontrol.com\/de\/wp-json\/wp\/v2\/pages\/240400","targetHints":{"allow":["GET"]}}],"collection":[{"href":"https:\/\/humicontrol.com\/de\/wp-json\/wp\/v2\/pages"}],"about":[{"href":"https:\/\/humicontrol.com\/de\/wp-json\/wp\/v2\/types\/page"}],"author":[{"embeddable":true,"href":"https:\/\/humicontrol.com\/de\/wp-json\/wp\/v2\/users\/2"}],"replies":[{"embeddable":true,"href":"https:\/\/humicontrol.com\/de\/wp-json\/wp\/v2\/comments?post=240400"}],"version-history":[{"count":0,"href":"https:\/\/humicontrol.com\/de\/wp-json\/wp\/v2\/pages\/240400\/revisions"}],"wp:attachment":[{"href":"https:\/\/humicontrol.com\/de\/wp-json\/wp\/v2\/media?parent=240400"}],"curies":[{"name":"wp","href":"https:\/\/api.w.org\/{rel}","templated":true}]}}