{"id":240471,"date":"2022-03-18T02:34:06","date_gmt":"2022-03-18T02:34:06","guid":{"rendered":"https:\/\/humicontrol.com\/?page_id=240471"},"modified":"2024-09-26T06:07:36","modified_gmt":"2024-09-26T06:07:36","slug":"ramon-mestre","status":"publish","type":"page","link":"https:\/\/humicontrol.com\/de\/ramon-mestre\/","title":{"rendered":"Ramon Mestre"},"content":{"rendered":"<p>[et_pb_section fb_built=&#8220;1&#8243; inner_shadow=&#8220;on&#8220; next_background_color=&#8220;#ffffff&#8220; _builder_version=&#8220;4.24.3&#8243; background_color=&#8220;#c6c6c6&#8243; background_image=&#8220;https:\/\/humicontrol.com\/wp-content\/uploads\/2022\/03\/slide-ramon-mestre.jpg&#8220; background_position=&#8220;bottom_center&#8220; background_vertical_offset=&#8220;30%&#8220; background_blend=&#8220;overlay&#8220; min_height=&#8220;360px&#8220; height=&#8220;360px&#8220; max_height=&#8220;360px&#8220; custom_margin=&#8220;0px||||false|false&#8220; custom_padding=&#8220;50px||50px||true|false&#8220; bottom_divider_style=&#8220;asymmetric2&#8243; bottom_divider_flip=&#8220;horizontal&#8220; bottom_divider_height_tablet=&#8220;&#8220; bottom_divider_height_phone=&#8220;50px&#8220; bottom_divider_height_last_edited=&#8220;on|phone&#8220; background_last_edited=&#8220;on|phone&#8220; background_position_phone=&#8220;bottom_right&#8220; global_colors_info=&#8220;{}&#8220;][et_pb_row column_structure=&#8220;1_2,1_2&#8243; make_equal=&#8220;on&#8220; _builder_version=&#8220;4.16&#8243; custom_padding=&#8220;0px||0px|||&#8220; global_colors_info=&#8220;{}&#8220;][et_pb_column type=&#8220;1_2&#8243; _builder_version=&#8220;4.16&#8243; background_enable_color=&#8220;off&#8220; pac_dcm_carousel_specific_module_num=&#8220;0&#8243; global_colors_info=&#8220;{}&#8220;][et_pb_text _builder_version=&#8220;4.24.3&#8243; text_font=&#8220;||||||||&#8220; text_text_color=&#8220;#000000&#8243; text_font_size=&#8220;24px&#8220; text_line_height=&#8220;1.2em&#8220; header_font=&#8220;|800|||||||&#8220; background_enable_color=&#8220;off&#8220; custom_margin=&#8220;||20px||false|false&#8220; custom_padding=&#8220;25px|0px||0px|false|false&#8220; text_font_size_tablet=&#8220;24px&#8220; text_font_size_phone=&#8220;16px&#8220; text_font_size_last_edited=&#8220;on|phone&#8220; header_font_size_tablet=&#8220;&#8220; header_font_size_phone=&#8220;30px&#8220; header_font_size_last_edited=&#8220;on|desktop&#8220; global_colors_info=&#8220;{}&#8220;]<\/p>\n<h1>Ramon Mestre<\/h1>\n<p>Ich bin CEO bei Humicontrol<br \/>\nund mein Leben war schon immer miteinander verbunden<br \/>\nin die Welt der Feuchtigkeit[\/et_pb_text][\/et_pb_column][et_pb_column type=&#8220;1_2&#8243; _builder_version=&#8220;4.16&#8243; pac_dcm_carousel_specific_module_num=&#8220;0&#8243; global_colors_info=&#8220;{}&#8220;][\/et_pb_column][\/et_pb_row][\/et_pb_section][et_pb_section fb_built=&#8220;1&#8243; custom_padding_last_edited=&#8220;on|phone&#8220; _builder_version=&#8220;4.24.3&#8243; custom_padding=&#8220;85px||40px||false|&#8220; custom_padding_tablet=&#8220;85px||40px||false|&#8220; custom_padding_phone=&#8220;40px||40px||false|false&#8220; global_colors_info=&#8220;{}&#8220;][et_pb_row column_structure=&#8220;1_2,1_2&#8243; _builder_version=&#8220;4.17.6&#8243; background_color=&#8220;rgba(203,187,160,0.1)&#8220; global_colors_info=&#8220;{}&#8220;][et_pb_column type=&#8220;1_2&#8243; _builder_version=&#8220;4.17.6&#8243; custom_padding=&#8220;30px|||30px|false|false&#8220; custom_padding_tablet=&#8220;30px|||30px|false|false&#8220; custom_padding_phone=&#8220;30px|30px||30px|false|false&#8220; custom_padding_last_edited=&#8220;on|phone&#8220; pac_dcm_carousel_specific_module_num=&#8220;0&#8243; global_colors_info=&#8220;{}&#8220;][et_pb_text _builder_version=&#8220;4.24.3&#8243; header_3_font=&#8220;|700|||||||&#8220; header_3_font_size=&#8220;36px&#8220; custom_margin=&#8220;||0px||false|false&#8220; custom_padding=&#8220;||11px|||&#8220; global_colors_info=&#8220;{}&#8220;]<\/p>\n<h3>Suche in meinem Erinnerungskoffer<\/h3>\n<p>[\/et_pb_text][et_pb_text _builder_version=&#8220;4.24.3&#8243; text_orientation=&#8220;justified&#8220; custom_padding=&#8220;||0px|||&#8220; global_colors_info=&#8220;{}&#8220;]\u201eIch habe diese Zeichnung gefunden, die ich vor vielen Jahren gemacht habe.<\/p>\n<p>Hier stehe ich vor einer durch aufsteigende Feuchtigkeit besch\u00e4digten Wand und habe ein Hygrometer in der Hand.<br \/>\n&#8222;Feuchtigkeit! Ja? Hurra!&#8220;<\/p>\n<p>Ich bin Ramon Mestre, CEO von Humicontrol, und wie Sie bereits erraten k\u00f6nnen, war <strong>mein Leben schon immer mit dieser besonderen Spezialit\u00e4t<\/strong> im Bereich der Geb\u00e4udesanierung verbunden.<\/p>\n<p>Diese Zeichnung entstand, als ich 8 Jahre alt war, also hatte ich viel Zeit, alles \u00fcber die aufsteigende feuchte Welt zu lernen.\u201c[\/et_pb_text][\/et_pb_column][et_pb_column type=&#8220;1_2&#8243; _builder_version=&#8220;4.16&#8243; pac_dcm_carousel_specific_module_num=&#8220;0&#8243; global_colors_info=&#8220;{}&#8220;][et_pb_image src=&#8220;https:\/\/humicontrol.com\/wp-content\/uploads\/2022\/04\/DIBUIX-8-ANYS_horitzontal.jpg&#8220; title_text=&#8220;DIBUIX-8 ANYS_horitzontal&#8220; align=&#8220;center&#8220; _builder_version=&#8220;4.16.1&#8243; height=&#8220;311px&#8220; custom_margin=&#8220;-100px||||false|false&#8220; custom_margin_tablet=&#8220;0px||||false|false&#8220; custom_margin_phone=&#8220;0px||||false|false&#8220; custom_margin_last_edited=&#8220;on|tablet&#8220; custom_padding=&#8220;||||false|false&#8220; global_colors_info=&#8220;{}&#8220;][\/et_pb_image][\/et_pb_column][\/et_pb_row][et_pb_row _builder_version=&#8220;4.16.1&#8243; _module_preset=&#8220;default&#8220; global_colors_info=&#8220;{}&#8220;][et_pb_column type=&#8220;4_4&#8243; _builder_version=&#8220;4.16.1&#8243; _module_preset=&#8220;default&#8220; pac_dcm_carousel_specific_module_num=&#8220;0&#8243; global_colors_info=&#8220;{}&#8220;][et_pb_text _builder_version=&#8220;4.24.3&#8243; _module_preset=&#8220;default&#8220; global_colors_info=&#8220;{}&#8220;]<\/p>\n<h3 style=\"text-align: center;\"><strong>\u201eHumidologe\u201c aus Berufung<\/strong><\/h3>\n<p>Manchen Menschen gefallen die Pyramiden \u00c4gyptens seit ihrer Kindheit, als sie \u00c4gyptologen wurden.<\/p>\n<p>Manche Menschen besch\u00e4ftigen sich seit ihrer Kindheit leidenschaftlich mit der Vogelbeobachtung und werden zu ber\u00fchmten Ornithologen.<\/p>\n<p>Und ja, ich kam als kleiner Junge mit Feuchtigkeit in Ber\u00fchrung und bin \u201eHumedologe\u201c geworden.<\/p>\n<p>Bei <strong>Humicontrol<\/strong> haben wir unsere ganze Energie auf die <strong>Entwicklung technologischer L\u00f6sungen<\/strong> konzentriert, um sicherzustellen, dass unsere Kunden nicht erneut unter Feuchtigkeit in Erdgeschossen und Kellern leiden m\u00fcssen.<\/p>\n<p>Das <strong>neue drahtlose Mehrfrequenz-Elektroosmoseger\u00e4t MURSEC ECO mit SmartPolar\u00ae<\/strong> ist die dritte technologische Revolution in der Behandlung aufsteigender Feuchtigkeit nach dem bekannten aktiven Elektroosmosesystem MURSEC und dem passiven Elektroosmosesystem TRABER -Osmose-Phorese-Technik, die die Leistung verbessert und die Kosten senkt.<\/p>\n<p>Humicontrol w\u00e4chst in Europa, Lateinamerika und weltweit.<\/p>\n<p>Wenn ich in all dieser Zeit eines gelernt habe, dann ist es, dass <strong>aufsteigende Feuchtigkeit ein komplexes Problem ist<\/strong>.<\/p>\n<p>Und hier bin ich bereit, mein gesamtes Wissen und meine Erfahrung auf diesem Gebiet mit Ihnen zu teilen und Ihnen letztendlich bei der L\u00f6sung der Probleme mit aufsteigender Feuchtigkeit zu helfen.[\/et_pb_text][\/et_pb_column][\/et_pb_row][\/et_pb_section][et_pb_section fb_built=&#8220;1&#8243; fullwidth=&#8220;on&#8220; _builder_version=&#8220;4.16.1&#8243; _module_preset=&#8220;default&#8220; global_colors_info=&#8220;{}&#8220;][et_pb_fullwidth_image src=&#8220;https:\/\/humicontrol.com\/wp-content\/uploads\/2022\/04\/DIBUIX-8-ANYS_vertical-peu-de-text-gris.png&#8220; title_text=&#8220;DIBUIX-8 ANYS_vertical peu de text-gris&#8220; _builder_version=&#8220;4.16.1&#8243; _module_preset=&#8220;default&#8220; max_height=&#8220;330px&#8220; global_colors_info=&#8220;{}&#8220;][\/et_pb_fullwidth_image][\/et_pb_section]<\/p>\n","protected":false},"excerpt":{"rendered":"<p>Ramon Mestre Ich bin CEO bei Humicontrol und mein Leben war schon immer miteinander verbunden in die Welt der FeuchtigkeitSuche in meinem Erinnerungskoffer\u201eIch habe diese Zeichnung gefunden, die ich vor vielen Jahren gemacht habe. Hier stehe ich vor einer durch aufsteigende Feuchtigkeit besch\u00e4digten Wand und habe ein Hygrometer in der Hand. &#8222;Feuchtigkeit! Ja? Hurra!&#8220; Ich [&hellip;]<\/p>\n","protected":false},"author":2,"featured_media":0,"parent":0,"menu_order":0,"comment_status":"closed","ping_status":"closed","template":"","meta":{"_et_pb_use_builder":"on","_et_pb_old_content":"[et_pb_section fb_built=\"1\" inner_shadow=\"on\" next_background_color=\"#ffffff\" _builder_version=\"4.17.6\" background_color=\"#c6c6c6\" background_image=\"https:\/\/humicontrol.com\/wp-content\/uploads\/2022\/03\/slide-ramon-mestre.jpg\" background_position=\"bottom_center\" background_vertical_offset=\"30%\" background_blend=\"overlay\" min_height=\"360px\" height=\"360px\" max_height=\"360px\" custom_margin=\"0px||||false|false\" custom_padding=\"50px||50px||true|false\" bottom_divider_style=\"asymmetric2\" bottom_divider_flip=\"horizontal\" bottom_divider_height_tablet=\"\" bottom_divider_height_phone=\"50px\" bottom_divider_height_last_edited=\"on|phone\" background_last_edited=\"on|phone\" background_position_phone=\"center_right\" background_vertical_offset_phone=\"-55%\" global_colors_info=\"{}\"][et_pb_row column_structure=\"1_2,1_2\" make_equal=\"on\" _builder_version=\"4.16\" custom_padding=\"0px||0px|||\" global_colors_info=\"{}\"][et_pb_column type=\"1_2\" _builder_version=\"4.16\" background_enable_color=\"off\" pac_dcm_carousel_specific_module_num=\"0\" global_colors_info=\"{}\"][et_pb_text _builder_version=\"4.16.1\" text_font=\"||||||||\" text_text_color=\"#000000\" text_font_size=\"24px\" text_line_height=\"1.2em\" header_font=\"|800|||||||\" background_enable_color=\"off\" custom_margin=\"||20px||false|false\" custom_padding=\"25px|0px||0px|false|false\" text_font_size_tablet=\"24px\" text_font_size_phone=\"16px\" text_font_size_last_edited=\"on|phone\" header_font_size_tablet=\"\" header_font_size_phone=\"30px\" header_font_size_last_edited=\"on|desktop\" global_colors_info=\"{}\"]\n<h1>Ramon Mestre<\/h1>\nSoy CEO de Humicontrol\ny mi vida ha ido siempre ligada\nal mundo de las humedades\n\n[\/et_pb_text][\/et_pb_column][et_pb_column type=\"1_2\" _builder_version=\"4.16\" pac_dcm_carousel_specific_module_num=\"0\" global_colors_info=\"{}\"][\/et_pb_column][\/et_pb_row][\/et_pb_section][et_pb_section fb_built=\"1\" custom_padding_last_edited=\"on|phone\" _builder_version=\"4.17.6\" custom_padding=\"85px||40px||false|\" custom_padding_tablet=\"85px||40px||false|\" custom_padding_phone=\"40px||40px||false|false\" border_width_top=\"1px\" global_colors_info=\"{}\"][et_pb_row column_structure=\"1_2,1_2\" _builder_version=\"4.17.6\" background_color=\"rgba(203,187,160,0.1)\" global_colors_info=\"{}\"][et_pb_column type=\"1_2\" _builder_version=\"4.17.6\" custom_padding=\"30px|||30px|false|false\" custom_padding_tablet=\"30px|||30px|false|false\" custom_padding_phone=\"30px|30px||30px|false|false\" custom_padding_last_edited=\"on|phone\" pac_dcm_carousel_specific_module_num=\"0\" global_colors_info=\"{}\"][et_pb_text _builder_version=\"4.20.0\" _module_preset=\"default\" global_colors_info=\"{}\"]\n\n<span>[rank_math_breadcrumb]<\/span>\n\n[\/et_pb_text][et_pb_text _builder_version=\"4.16.1\" header_3_font=\"|700|||||||\" header_3_font_size=\"36px\" custom_margin=\"||0px||false|false\" custom_padding=\"||11px|||\" global_colors_info=\"{}\"]\n<h3 style=\"text-align: left;\">Buscando en mi ba\u00fal de <strong>los recuerdos<\/strong><\/h3>\n[\/et_pb_text][et_pb_text _builder_version=\"4.24.0\" text_orientation=\"justified\" custom_padding=\"||0px|||\" hover_enabled=\"0\" global_colors_info=\"{}\" sticky_enabled=\"0\"]\n<p style=\"text-align: justify;\">Encontr\u00e9 este dibujo que hice hace muchos a\u00f1os.<\/p>\n<p style=\"text-align: justify;\">Aqu\u00ed estoy yo, delante de una pared con humedades por capilaridad y con un higr\u00f3metro en la mano. \"\u00a1Humedades! \u00bfSi? \u00a1Viva!\"<\/p>\n<p style=\"text-align: justify;\">Soy Ramon Mestre, CEO de Humicontrol, y como ya intuyes <strong>mi vida ha ido siempre ligada a esta peculiar especialidad<\/strong> dentro del campo de la rehabilitaci\u00f3n de edificios.<\/p>\n<p style=\"text-align: justify;\">Este dibujo lo hice con 8 a\u00f1os, y desde entonces he tenido tiempo de aprenderlo todo sobre el mundo de las humedades por capilaridad.<\/p>\n[\/et_pb_text][\/et_pb_column][et_pb_column type=\"1_2\" _builder_version=\"4.16\" pac_dcm_carousel_specific_module_num=\"0\" global_colors_info=\"{}\"][et_pb_image src=\"https:\/\/humicontrol.com\/wp-content\/uploads\/2022\/04\/DIBUIX-8-ANYS_horitzontal.jpg\" title_text=\"DIBUIX-8 ANYS_horitzontal\" align=\"center\" _builder_version=\"4.16.1\" height=\"311px\" custom_margin=\"-100px||||false|false\" custom_margin_tablet=\"0px||||false|false\" custom_margin_phone=\"0px||||false|false\" custom_margin_last_edited=\"on|tablet\" custom_padding=\"||||false|false\" global_colors_info=\"{}\"][\/et_pb_image][\/et_pb_column][\/et_pb_row][et_pb_row _builder_version=\"4.16.1\" _module_preset=\"default\" global_colors_info=\"{}\"][et_pb_column type=\"4_4\" _builder_version=\"4.16.1\" _module_preset=\"default\" pac_dcm_carousel_specific_module_num=\"0\" global_colors_info=\"{}\"][et_pb_text _builder_version=\"4.16.1\" _module_preset=\"default\" global_colors_info=\"{}\"]\n<h3 style=\"text-align: center;\"><strong>\"Humed\u00f3logo\" de vocaci\u00f3n<\/strong><\/h3>\n<p style=\"text-align: justify;\">Cosas de la vida, hay qui\u00e9n desde peque\u00f1o ha vivido las pir\u00e1mides de Egipto como nadie y se ha convertido en egipt\u00f3logo.<\/p>\n<p style=\"text-align: justify;\">Hay quien desde peque\u00f1o se ha dedicado a observar a los p\u00e1jaros para acabar siendo un reconocido ornit\u00f3logo.\nY ya ves, yo desde peque\u00f1o me fij\u00e9 en las humedades y <strong>me he convertido en un \"humed\u00f3logo\"<\/strong>.<\/p>\n<p style=\"text-align: justify;\">En <strong>Humicontrol<\/strong> hemos dedicado todas nuestras energ\u00edas a <strong>desarrollar soluciones tecnol\u00f3gicas<\/strong> para asegurar que nuestros clientes no tengan que padecer nunca m\u00e1s las humedades en bajos y s\u00f3tanos.<\/p>\n<p style=\"text-align: justify;\">El <strong>nuevo dispositivo MURSEC ECO multifrecuencia de electro-\u00f3smosis inal\u00e1mbrica con SmartPolar\u00ae<\/strong> representa una tercera revoluci\u00f3n tecnol\u00f3gica en el tratamiento de la humedad despu\u00e9s de la ya conocida t\u00e9cnica MURSEC ECO de electro-\u00f3smosis inal\u00e1mbrica, del sistema MURSEC de electro-\u00f3smosis activa y de la t\u00e9cnica TRABER de electro-\u00f3smosis f\u00f3resis, mejorando las prestaciones y reduciendo su coste.<\/p>\n<p style=\"text-align: justify;\">Humicontrol est\u00e1 creciendo no s\u00f3lo en Espa\u00f1a sino tambi\u00e9n en el resto de Europa y en Am\u00e9rica Latina.<\/p>\n<p style=\"text-align: justify;\">Si algo he aprendido en todo este tiempo, es que <strong>las humedades son un problema complejo<\/strong>.<\/p>\n<p style=\"text-align: justify;\">Y aqu\u00ed estoy, para poder compartir contigo todo mi conocimiento y experiencia en este campo, y en definitiva ayudarte a solucionar los problemas de humedades por capilaridad.<\/p>\n[\/et_pb_text][\/et_pb_column][\/et_pb_row][\/et_pb_section][et_pb_section fb_built=\"1\" fullwidth=\"on\" _builder_version=\"4.16.1\" _module_preset=\"default\" global_colors_info=\"{}\"][et_pb_fullwidth_image src=\"https:\/\/humicontrol.com\/wp-content\/uploads\/2022\/04\/DIBUIX-8-ANYS_vertical-peu-de-text-gris.png\" title_text=\"DIBUIX-8 ANYS_vertical peu de text-gris\" _builder_version=\"4.16.1\" _module_preset=\"default\" max_height=\"330px\" global_colors_info=\"{}\"][\/et_pb_fullwidth_image][\/et_pb_section]","_et_gb_content_width":"","footnotes":""},"class_list":["post-240471","page","type-page","status-publish","hentry"],"_links":{"self":[{"href":"https:\/\/humicontrol.com\/de\/wp-json\/wp\/v2\/pages\/240471","targetHints":{"allow":["GET"]}}],"collection":[{"href":"https:\/\/humicontrol.com\/de\/wp-json\/wp\/v2\/pages"}],"about":[{"href":"https:\/\/humicontrol.com\/de\/wp-json\/wp\/v2\/types\/page"}],"author":[{"embeddable":true,"href":"https:\/\/humicontrol.com\/de\/wp-json\/wp\/v2\/users\/2"}],"replies":[{"embeddable":true,"href":"https:\/\/humicontrol.com\/de\/wp-json\/wp\/v2\/comments?post=240471"}],"version-history":[{"count":0,"href":"https:\/\/humicontrol.com\/de\/wp-json\/wp\/v2\/pages\/240471\/revisions"}],"wp:attachment":[{"href":"https:\/\/humicontrol.com\/de\/wp-json\/wp\/v2\/media?parent=240471"}],"curies":[{"name":"wp","href":"https:\/\/api.w.org\/{rel}","templated":true}]}}