{"id":233503,"date":"2022-03-18T02:34:38","date_gmt":"2022-03-18T01:34:38","guid":{"rendered":"https:\/\/humicontrol.negociactiu.cat\/partners\/"},"modified":"2026-05-04T12:32:15","modified_gmt":"2026-05-04T10:32:15","slug":"partners","status":"publish","type":"page","link":"https:\/\/humicontrol.com\/es-lat\/partners\/","title":{"rendered":"Partners"},"content":{"rendered":"<p>[et_pb_section fb_built=&#8221;1&#8243; inner_shadow=&#8221;on&#8221; next_background_color=&#8221;#ffffff&#8221; _builder_version=&#8221;4.16.1&#8243; background_color=&#8221;#c6c6c6&#8243; background_image=&#8221;https:\/\/humicontrol.com\/wp-content\/uploads\/2022\/04\/IMG_1834-1-scaled.jpg&#8221; background_blend=&#8221;overlay&#8221; min_height=&#8221;360px&#8221; height=&#8221;360px&#8221; max_height=&#8221;360px&#8221; custom_margin=&#8221;0px||||false|false&#8221; custom_padding=&#8221;50px||50px||true|false&#8221; bottom_divider_style=&#8221;asymmetric2&#8243; bottom_divider_flip=&#8221;horizontal&#8221; locked=&#8221;off&#8221; global_colors_info=&#8221;{}&#8221;][et_pb_row column_structure=&#8221;1_2,1_2&#8243; make_equal=&#8221;on&#8221; _builder_version=&#8221;4.16&#8243; custom_padding=&#8221;0px||0px|||&#8221; global_colors_info=&#8221;{}&#8221;][et_pb_column type=&#8221;1_2&#8243; _builder_version=&#8221;4.16&#8243; background_enable_color=&#8221;off&#8221; pac_dcm_carousel_specific_module_num=&#8221;0&#8243; global_colors_info=&#8221;{}&#8221;][et_pb_text _builder_version=&#8221;4.17.6&#8243; text_font=&#8221;||||||||&#8221; text_text_color=&#8221;#000000&#8243; text_font_size=&#8221;24px&#8221; text_line_height=&#8221;1.2em&#8221; header_font=&#8221;|800|||||||&#8221; background_enable_color=&#8221;off&#8221; custom_margin=&#8221;||20px||false|false&#8221; custom_padding=&#8221;25px|0px||0px|false|false&#8221; text_font_size_tablet=&#8221;24px&#8221; text_font_size_phone=&#8221;16px&#8221; text_font_size_last_edited=&#8221;on|phone&#8221; header_font_size_tablet=&#8221;&#8221; header_font_size_phone=&#8221;30px&#8221; header_font_size_last_edited=&#8221;on|phone&#8221; global_colors_info=&#8221;{}&#8221;]<\/p>\n<h1>PARTNERS<\/h1>\n<p>Si su empresa est\u00e1 <strong>especializada en tratamientos de humedad de cimientos<\/strong>, esta es una <strong>gran oportunidad de negocio<\/strong> para usted<\/p>\n<p>[\/et_pb_text][\/et_pb_column][et_pb_column type=&#8221;1_2&#8243; _builder_version=&#8221;4.16&#8243; pac_dcm_carousel_specific_module_num=&#8221;0&#8243; global_colors_info=&#8221;{}&#8221;][\/et_pb_column][\/et_pb_row][\/et_pb_section][et_pb_section fb_built=&#8221;1&#8243; _builder_version=&#8221;4.16&#8243; custom_padding=&#8221;50px||0px||false|&#8221; locked=&#8221;off&#8221; global_colors_info=&#8221;{}&#8221;][et_pb_row _builder_version=&#8221;4.16&#8243; custom_padding=&#8221;||60px|||&#8221; global_colors_info=&#8221;{}&#8221;][et_pb_column type=&#8221;4_4&#8243; _builder_version=&#8221;4.16&#8243; pac_dcm_carousel_specific_module_num=&#8221;0&#8243; global_colors_info=&#8221;{}&#8221;][et_pb_text _builder_version=&#8221;4.17.6&#8243; _module_preset=&#8221;default&#8221; header_3_font=&#8221;|700|||||||&#8221; global_colors_info=&#8221;{}&#8221;]<\/p>\n<h3 style=\"text-align: center;\">Una oportunidad de negocio con tecnolog\u00eda punta<\/h3>\n<p>&nbsp;<\/p>\n<p><strong>Si su empresa est\u00e1 especializada en tratamientos de humedad de cimientos, tiene una web dirigida a este mercado y quiere adoptar la tecnolog\u00eda Humicontrol, s\u00f3lo tiene que rellenar el formulario adjunto<\/strong>.<\/p>\n<p>Est\u00e1 claro que las empresas deben <strong>especializarse para ser las mejores en su campo de actividad<\/strong> y aportar valor a\u00f1adido a sus clientes.<\/p>\n<p>Con miles de tratamientos realizados, hemos adquirido un conocimiento profundo de todo el proceso, desde el diagn\u00f3stico hasta el tratamiento de humedad ascendente de cimientos, y siempre con las m\u00e1ximas garant\u00edas.<\/p>\n<p><strong>Humicontrol ahora est\u00e1 creciendo internacionalmente en toda Europa, Am\u00e9rica Latina y en todo el mundo<\/strong>.<\/p>\n<p>Le proporcionaremos la <strong>tecnolog\u00eda l\u00edder del mercado a un precio muy competitivo<\/strong>, y todo nuestro <strong>know-how<\/strong> que podr\u00e1 aprovechar para crear un modelo de negocio exitoso en su zona.<\/p>\n<p>Si quiere ser Partner de Humicontrol rellene el formulario, le va a interesar mucho lo que le voy a contar.<\/p>\n<p>[\/et_pb_text][et_pb_code _builder_version=&#8221;4.16.1&#8243; _module_preset=&#8221;default&#8221; global_colors_info=&#8221;{}&#8221;][\/et_pb_code][et_pb_video_slider show_image_overlay=&#8221;on&#8221; _builder_version=&#8221;4.20.2&#8243; _module_preset=&#8221;default&#8221; global_colors_info=&#8221;{}&#8221;][et_pb_video_slider_item src=&#8221;https:\/\/www.youtube.com\/watch?v=oTDx7wrdg2E&#8221; image_src=&#8221;https:\/\/humicontrol.com\/wp-content\/uploads\/2023\/03\/partner_esp_ramon.png&#8221; _builder_version=&#8221;4.20.2&#8243; _module_preset=&#8221;default&#8221; global_colors_info=&#8221;{}&#8221; show_image_overlay=&#8221;on&#8221;][\/et_pb_video_slider_item][\/et_pb_video_slider][\/et_pb_column][\/et_pb_row][et_pb_row column_structure=&#8221;1_3,1_3,1_3&#8243; use_custom_gutter=&#8221;on&#8221; gutter_width=&#8221;1&#8243; make_equal=&#8221;on&#8221; _builder_version=&#8221;4.16.1&#8243; width=&#8221;100%&#8221; max_width=&#8221;100%&#8221; height=&#8221;250px&#8221; custom_margin=&#8221;||0px||false|false&#8221; custom_padding=&#8221;0px||0px||false|false&#8221; global_colors_info=&#8221;{}&#8221;][et_pb_column type=&#8221;1_3&#8243; _builder_version=&#8221;4.16.1&#8243; background_image=&#8221;https:\/\/humicontrol.com\/wp-content\/uploads\/2022\/04\/Imatge-part-baixa-de-Partner-1-scaled.jpg&#8221; pac_dcm_carousel_specific_module_num=&#8221;0&#8243; global_colors_info=&#8221;{}&#8221;][\/et_pb_column][et_pb_column type=&#8221;1_3&#8243; _builder_version=&#8221;4.16.1&#8243; background_image=&#8221;https:\/\/humicontrol.com\/wp-content\/uploads\/2022\/04\/Imatge-part-baixa-de-Partner-2.jpg&#8221; pac_dcm_carousel_specific_module_num=&#8221;0&#8243; global_colors_info=&#8221;{}&#8221;][\/et_pb_column][et_pb_column type=&#8221;1_3&#8243; _builder_version=&#8221;4.16.1&#8243; background_image=&#8221;https:\/\/humicontrol.com\/wp-content\/uploads\/2022\/04\/Imatge-part-baixa-de-Partner-3-e1650620548921.jpg&#8221; pac_dcm_carousel_specific_module_num=&#8221;0&#8243; global_colors_info=&#8221;{}&#8221;][\/et_pb_column][\/et_pb_row][\/et_pb_section][et_pb_section fb_built=&#8221;1&#8243; _builder_version=&#8221;4.16.1&#8243; _module_preset=&#8221;default&#8221; locked=&#8221;off&#8221; global_colors_info=&#8221;{}&#8221;][et_pb_row _builder_version=&#8221;4.16.1&#8243; _module_preset=&#8221;default&#8221; global_colors_info=&#8221;{}&#8221;][et_pb_column type=&#8221;4_4&#8243; _builder_version=&#8221;4.16.1&#8243; _module_preset=&#8221;default&#8221; pac_dcm_carousel_specific_module_num=&#8221;0&#8243; global_colors_info=&#8221;{}&#8221;][et_pb_code _builder_version=&#8221;4.17.6&#8243; _module_preset=&#8221;default&#8221; global_colors_info=&#8221;{}&#8221;]<div id=\"quform-1c9a27\" class=\"quform quform-11 quform-support-page-caching\"><form id=\"quform-form-1c9a27\" class=\"quform-form quform-form-11\" action=\"\/es-lat\/wp-json\/wp\/v2\/pages\/233503#quform-1c9a27\" method=\"post\" enctype=\"multipart\/form-data\" novalidate=\"novalidate\" data-options=\"{&quot;id&quot;:11,&quot;uniqueId&quot;:&quot;1c9a27&quot;,&quot;theme&quot;:&quot;&quot;,&quot;ajax&quot;:true,&quot;logic&quot;:{&quot;logic&quot;:[],&quot;dependents&quot;:[],&quot;elementIds&quot;:[],&quot;dependentElementIds&quot;:[],&quot;animate&quot;:true},&quot;currentPageId&quot;:1,&quot;errorsIcon&quot;:&quot;&quot;,&quot;updateFancybox&quot;:true,&quot;hasPages&quot;:false,&quot;pages&quot;:[1],&quot;pageProgressType&quot;:&quot;numbers&quot;,&quot;tooltipsEnabled&quot;:true,&quot;tooltipClasses&quot;:&quot;qtip-quform-dark qtip-shadow&quot;,&quot;tooltipMy&quot;:&quot;left center&quot;,&quot;tooltipAt&quot;:&quot;right center&quot;,&quot;isRtl&quot;:false,&quot;scrollOffset&quot;:-50,&quot;scrollSpeed&quot;:800}\"><button class=\"quform-default-submit\" name=\"quform_submit\" type=\"submit\" value=\"submit\" aria-hidden=\"true\" tabindex=\"-1\"><\/button><div class=\"quform-form-inner quform-form-inner-11\"><input type=\"hidden\" name=\"quform_form_id\" value=\"11\" \/><input type=\"hidden\" name=\"quform_form_uid\" value=\"1c9a27\" \/><input type=\"hidden\" name=\"quform_count\" value=\"1\" \/><input type=\"hidden\" name=\"form_url\" value=\"https:\/\/humicontrol.com\/es-lat\/wp-json\/wp\/v2\/pages\/233503\" \/><input type=\"hidden\" name=\"referring_url\" value=\"\" \/><input type=\"hidden\" name=\"post_id\" value=\"\" \/><input type=\"hidden\" name=\"post_title\" value=\"\" \/><input type=\"hidden\" name=\"quform_current_page_id\" value=\"1\" \/><input type=\"hidden\" name=\"quform_csrf_token\" value=\"pdCwXBMnywf8oAg4asrPugE5ivV2nnvdddEJ9LEf\" \/><div class=\"quform-elements quform-elements-11 quform-cf quform-responsive-elements-phone-landscape\"><div class=\"quform-element quform-element-page quform-page-1 quform-page-11_1 quform-cf quform-group-style-plain quform-first-page quform-last-page quform-current-page\"><div class=\"quform-child-elements\"><div class=\"quform-element quform-element-row quform-element-row-11_11 quform-1-columns quform-element-row-size-fixed quform-responsive-columns-phone-landscape\"><div class=\"quform-element quform-element-column quform-element-11_12\"><div class=\"quform-element quform-element-row quform-element-row-11_43 quform-3-columns quform-element-row-size-fixed quform-responsive-columns-phone-landscape\"><div class=\"quform-element quform-element-column quform-element-11_44\"><div class=\"quform-element quform-element-name quform-element-11_3 quform-cf quform-element-required\"><div class=\"quform-spacer\"><div class=\"quform-inner quform-inner-name quform-inner-11_3 quform-field-size-slim\"><div class=\"quform-input quform-input-name quform-input-11_3 quform-cf\"><div class=\"quform-element-row quform-1-columns quform-element-row-size-fixed quform-responsive-columns-phone-landscape\"><div class=\"quform-element-column\"><div class=\"quform-element quform-element-text quform-element-11_3_2 quform-cf quform-element-required\"><div class=\"quform-spacer\"><div class=\"quform-inner quform-inner-text quform-inner-11_3_2 quform-field-size-slim\"><div class=\"quform-input quform-input-text quform-input-11_3_2 quform-cf\"><input type=\"text\" id=\"quform_11_3_2_1c9a27\" name=\"quform_11_3[2]\" class=\"quform-field quform-field-text quform-field-11_3_2\" placeholder=\"NOMBRE EMPRESA\" \/><\/div><\/div><\/div><\/div><\/div><\/div><\/div><\/div><\/div><\/div><\/div><div class=\"quform-element quform-element-column quform-element-11_45\"><div class=\"quform-element quform-element-name quform-element-11_102 quform-cf quform-element-required\"><div class=\"quform-spacer\"><div class=\"quform-inner quform-inner-name quform-inner-11_102 quform-field-size-slim\"><div class=\"quform-input quform-input-name quform-input-11_102 quform-cf\"><div class=\"quform-element-row quform-1-columns quform-element-row-size-fixed quform-responsive-columns-phone-landscape\"><div class=\"quform-element-column\"><div class=\"quform-element quform-element-text quform-element-11_102_2 quform-cf quform-element-required\"><div class=\"quform-spacer\"><div class=\"quform-inner quform-inner-text quform-inner-11_102_2 quform-field-size-slim\"><div class=\"quform-input quform-input-text quform-input-11_102_2 quform-cf\"><input type=\"text\" id=\"quform_11_102_2_1c9a27\" name=\"quform_11_102[2]\" class=\"quform-field quform-field-text quform-field-11_102_2\" placeholder=\"NOMBRE Y APELLIDOS\" \/><\/div><\/div><\/div><\/div><\/div><\/div><\/div><\/div><\/div><\/div><\/div><div class=\"quform-element quform-element-column quform-element-11_58\"><div class=\"quform-element quform-element-text quform-element-11_4 quform-cf quform-labels-inside quform-element-required\"><div class=\"quform-spacer\"><div class=\"quform-inner quform-inner-text quform-inner-11_4 quform-field-size-slim\"><div class=\"quform-input quform-input-text quform-input-11_4 quform-cf\"><input type=\"text\" id=\"quform_11_4_1c9a27\" name=\"quform_11_4\" class=\"quform-field quform-field-text quform-field-11_4\" placeholder=\"TEL\u00c9FONO\" \/><\/div><\/div><\/div><\/div><\/div><\/div><div class=\"quform-element quform-element-row quform-element-row-11_109 quform-3-columns quform-element-row-size-fixed quform-responsive-columns-phone-landscape\"><div class=\"quform-element quform-element-column quform-element-11_110\"><div class=\"quform-element quform-element-email quform-element-11_115 quform-cf quform-labels-inside quform-element-required\"><div class=\"quform-spacer\"><div class=\"quform-inner quform-inner-email quform-inner-11_115 quform-field-size-slim\"><div class=\"quform-input quform-input-email quform-input-11_115 quform-cf\"><input type=\"email\" id=\"quform_11_115_1c9a27\" name=\"quform_11_115\" class=\"quform-field quform-field-email quform-field-11_115\" placeholder=\"EMAIL\" \/><\/div><\/div><\/div><\/div><\/div><div class=\"quform-element quform-element-column quform-element-11_113\"><div class=\"quform-element quform-element-text quform-element-11_112 quform-cf quform-labels-inside quform-element-required\"><div class=\"quform-spacer\"><div class=\"quform-inner quform-inner-text quform-inner-11_112 quform-field-size-slim\"><div class=\"quform-input quform-input-text quform-input-11_112 quform-cf\"><input type=\"text\" id=\"quform_11_112_1c9a27\" name=\"quform_11_112\" class=\"quform-field quform-field-text quform-field-11_112\" placeholder=\"CIUDAD\" \/><\/div><\/div><\/div><\/div><\/div><div class=\"quform-element quform-element-column quform-element-11_116\"><div class=\"quform-element quform-element-text quform-element-11_117 quform-cf quform-labels-inside quform-element-required\"><div class=\"quform-spacer\"><div class=\"quform-inner quform-inner-text quform-inner-11_117 quform-field-size-slim\"><div class=\"quform-input quform-input-text quform-input-11_117 quform-cf\"><input type=\"text\" id=\"quform_11_117_1c9a27\" name=\"quform_11_117\" class=\"quform-field quform-field-text quform-field-11_117\" placeholder=\"PA\u00cdS\" \/><\/div><\/div><\/div><\/div><\/div><\/div><div class=\"quform-element quform-element-row quform-element-row-11_46 quform-1-columns quform-element-row-size-fixed quform-responsive-columns-phone-landscape\"><div class=\"quform-element quform-element-column quform-element-11_47\"><div class=\"quform-element quform-element-text quform-element-11_106 quform-cf quform-labels-inside quform-element-optional\"><div class=\"quform-spacer\"><div class=\"quform-inner quform-inner-text quform-inner-11_106 quform-field-size-slim\"><div class=\"quform-input quform-input-text quform-input-11_106 quform-cf\"><input type=\"text\" id=\"quform_11_106_1c9a27\" name=\"quform_11_106\" class=\"quform-field quform-field-text quform-field-11_106\" placeholder=\"WEB\" \/><\/div><\/div><\/div><\/div><\/div><\/div><div class=\"quform-element quform-element-row quform-element-row-11_69 quform-1-columns quform-element-row-size-fixed quform-responsive-columns-phone-landscape\"><div class=\"quform-element quform-element-column quform-element-11_70\"><div class=\"quform-element quform-element-textarea quform-element-11_29 quform-cf quform-labels-inside quform-element-optional\"><div class=\"quform-spacer\"><div class=\"quform-inner quform-inner-textarea quform-inner-11_29 quform-field-size-slim\"><div class=\"quform-input quform-input-textarea quform-input-11_29 quform-cf\"><textarea id=\"quform_11_29_1c9a27\" name=\"quform_11_29\" class=\"quform-field quform-field-textarea quform-field-11_29\" placeholder=\"Cu\u00e9ntanos brevemente c\u00f3mo trabaja tu empresa\"><\/textarea><\/div><\/div><\/div><\/div><\/div><\/div><\/div><\/div><div class=\"quform-element quform-element-row quform-element-row-11_78 quform-1-columns quform-element-row-size-fixed quform-responsive-columns-phone-landscape\"><div class=\"quform-element quform-element-column quform-element-11_79\"><div class=\"quform-element quform-element-html quform-element-11_108 quform-cf\"><div class=\"quform-spacer\"><strong>Evaluaremos r\u00e1pidamente tu solicitud y te diremos como proceder para que puedas tener \u00e9xito con esta oportunidad de negocio.<\/strong><\/div><\/div><\/div><\/div><div class=\"quform-element quform-element-row quform-element-row-11_97 quform-1-columns quform-element-row-size-fixed quform-responsive-columns-phone-landscape\"><div class=\"quform-element quform-element-column quform-element-11_98\"><div class=\"quform-element quform-element-checkbox quform-element-11_100 quform-cf quform-element-required\"><div class=\"quform-spacer\"><div class=\"quform-label quform-label-11_100\"><label class=\"quform-label-text\" id=\"quform_11_100_1c9a27_label\">Pol\u00edtica de privacidad<span class=\"quform-required\">*<\/span><\/label><\/div><div class=\"quform-inner quform-inner-checkbox quform-inner-11_100 quform-field-size-slim\"><div class=\"quform-input quform-input-checkbox quform-input-11_100 quform-cf\"><div class=\"quform-options quform-cf quform-options-block quform-options-simple\" role=\"group\" aria-labelledby=\"quform_11_100_1c9a27_label\"><div class=\"quform-option\"><input type=\"checkbox\" name=\"quform_11_100[]\" id=\"quform_11_100_1c9a27_1\" class=\"quform-field quform-field-checkbox quform-field-11_100 quform-field-11_100_1\" value=\"He le\u00eddo y acepto las condiciones legales\" \/><label for=\"quform_11_100_1c9a27_1\" class=\"quform-option-label quform-option-label-11_100_1\"><span class=\"quform-option-text\">He le\u00eddo y acepto las condiciones legales<\/span><\/label><\/div><\/div><\/div><\/div><\/div><\/div><div class=\"quform-element quform-element-checkbox quform-element-11_101 quform-cf quform-element-optional\"><div class=\"quform-spacer\"><div class=\"quform-label quform-label-11_101\"><label class=\"quform-label-text\" id=\"quform_11_101_1c9a27_label\">Publicidad<\/label><\/div><div class=\"quform-inner quform-inner-checkbox quform-inner-11_101 quform-field-size-slim\"><div class=\"quform-input quform-input-checkbox quform-input-11_101 quform-cf\"><div class=\"quform-options quform-cf quform-options-block quform-options-simple\" role=\"group\" aria-labelledby=\"quform_11_101_1c9a27_label\"><div class=\"quform-option\"><input type=\"checkbox\" name=\"quform_11_101[]\" id=\"quform_11_101_1c9a27_1\" class=\"quform-field quform-field-checkbox quform-field-11_101 quform-field-11_101_1\" value=\"Acepto recibir informaci\u00f3n de Humicontrol SL y delegaciones para atender mi petici\u00f3n\" \/><label for=\"quform_11_101_1c9a27_1\" class=\"quform-option-label quform-option-label-11_101_1\"><span class=\"quform-option-text\">Acepto recibir informaci\u00f3n de Humicontrol SL y delegaciones para atender mi petici\u00f3n<\/span><\/label><\/div><\/div><\/div><\/div><\/div><\/div><\/div><\/div><div class=\"quform-element quform-element-submit quform-element-11_2 quform-cf quform-button-style-theme quform-button-width-medium\"><div class=\"quform-button-submit quform-button-submit-default quform-button-submit-11_2 quform-button-icon-right\"><button name=\"quform_submit\" type=\"submit\" class=\"quform-submit\" value=\"submit\"><span class=\"quform-button-text quform-button-submit-text\">Enviar Mensaje<\/span><span class=\"quform-button-icon quform-button-submit-icon\"><i class=\"fa fa-chevron-right\"><\/i><\/span><\/button><\/div><div class=\"quform-loading quform-loading-position-left quform-loading-type-spinner-1\"><div class=\"quform-loading-inner\"><div class=\"quform-loading-spinner\"><div class=\"quform-loading-spinner-inner\"><\/div><\/div><\/div><\/div><\/div><div class=\"quform-element-tree\"><label for=\"quform_11_0_1c9a27\">This field should be left blank<\/label><input type=\"text\" id=\"quform_11_0_1c9a27\" name=\"quform_11_0\" class=\"quform-field quform-field-tree quform-field-11_0\" tabindex=\"-1\" autocomplete=\"off\" \/><\/div><\/div><\/div><\/div><\/div><\/form><\/div>[\/et_pb_code][\/et_pb_column][\/et_pb_row][\/et_pb_section]<\/p>\n","protected":false},"excerpt":{"rendered":"<p>PARTNERS Si su empresa est\u00e1 especializada en tratamientos de humedad de cimientos, esta es una gran oportunidad de negocio para ustedUna oportunidad de negocio con tecnolog\u00eda punta &nbsp; Si su empresa est\u00e1 especializada en tratamientos de humedad de cimientos, tiene una web dirigida a este mercado y quiere adoptar la tecnolog\u00eda Humicontrol, s\u00f3lo tiene que [&hellip;]<\/p>\n","protected":false},"author":2,"featured_media":0,"parent":0,"menu_order":0,"comment_status":"closed","ping_status":"closed","template":"","meta":{"_et_pb_use_builder":"on","_et_pb_old_content":"","_et_gb_content_width":"","footnotes":""},"class_list":["post-233503","page","type-page","status-publish","hentry"],"_links":{"self":[{"href":"https:\/\/humicontrol.com\/es-lat\/wp-json\/wp\/v2\/pages\/233503","targetHints":{"allow":["GET"]}}],"collection":[{"href":"https:\/\/humicontrol.com\/es-lat\/wp-json\/wp\/v2\/pages"}],"about":[{"href":"https:\/\/humicontrol.com\/es-lat\/wp-json\/wp\/v2\/types\/page"}],"author":[{"embeddable":true,"href":"https:\/\/humicontrol.com\/es-lat\/wp-json\/wp\/v2\/users\/2"}],"replies":[{"embeddable":true,"href":"https:\/\/humicontrol.com\/es-lat\/wp-json\/wp\/v2\/comments?post=233503"}],"version-history":[{"count":0,"href":"https:\/\/humicontrol.com\/es-lat\/wp-json\/wp\/v2\/pages\/233503\/revisions"}],"wp:attachment":[{"href":"https:\/\/humicontrol.com\/es-lat\/wp-json\/wp\/v2\/media?parent=233503"}],"curies":[{"name":"wp","href":"https:\/\/api.w.org\/{rel}","templated":true}]}}