{"id":233515,"date":"2022-03-18T02:34:06","date_gmt":"2022-03-18T02:34:06","guid":{"rendered":"https:\/\/humicontrol.negociactiu.cat\/ramon-mestre\/"},"modified":"2022-10-12T15:40:40","modified_gmt":"2022-10-12T15:40:40","slug":"ramon-mestre","status":"publish","type":"page","link":"https:\/\/humicontrol.com\/es-lat\/ramon-mestre\/","title":{"rendered":"Ramon Mestre"},"content":{"rendered":"<p>[et_pb_section fb_built=&#8221;1&#8243; inner_shadow=&#8221;on&#8221; next_background_color=&#8221;#ffffff&#8221; _builder_version=&#8221;4.17.6&#8243; background_color=&#8221;#c6c6c6&#8243; background_image=&#8221;https:\/\/humicontrol.com\/wp-content\/uploads\/2022\/03\/slide-ramon-mestre.jpg&#8221; background_position=&#8221;bottom_center&#8221; background_vertical_offset=&#8221;30%&#8221; background_blend=&#8221;overlay&#8221; min_height=&#8221;360px&#8221; height=&#8221;360px&#8221; max_height=&#8221;360px&#8221; custom_margin=&#8221;0px||||false|false&#8221; custom_padding=&#8221;50px||50px||true|false&#8221; bottom_divider_style=&#8221;asymmetric2&#8243; bottom_divider_flip=&#8221;horizontal&#8221; bottom_divider_height_tablet=&#8221;&#8221; bottom_divider_height_phone=&#8221;50px&#8221; bottom_divider_height_last_edited=&#8221;on|phone&#8221; background_last_edited=&#8221;on|phone&#8221; background_position_phone=&#8221;center_right&#8221; background_vertical_offset_phone=&#8221;-55%&#8221; global_colors_info=&#8221;{}&#8221;][et_pb_row column_structure=&#8221;1_2,1_2&#8243; make_equal=&#8221;on&#8221; _builder_version=&#8221;4.16&#8243; custom_padding=&#8221;0px||0px|||&#8221; global_colors_info=&#8221;{}&#8221;][et_pb_column type=&#8221;1_2&#8243; _builder_version=&#8221;4.16&#8243; background_enable_color=&#8221;off&#8221; pac_dcm_carousel_specific_module_num=&#8221;0&#8243; global_colors_info=&#8221;{}&#8221;][et_pb_text _builder_version=&#8221;4.16.1&#8243; text_font=&#8221;||||||||&#8221; text_text_color=&#8221;#000000&#8243; text_font_size=&#8221;24px&#8221; text_line_height=&#8221;1.2em&#8221; header_font=&#8221;|800|||||||&#8221; background_enable_color=&#8221;off&#8221; custom_margin=&#8221;||20px||false|false&#8221; custom_padding=&#8221;25px|0px||0px|false|false&#8221; text_font_size_tablet=&#8221;24px&#8221; text_font_size_phone=&#8221;16px&#8221; text_font_size_last_edited=&#8221;on|phone&#8221; header_font_size_tablet=&#8221;&#8221; header_font_size_phone=&#8221;30px&#8221; header_font_size_last_edited=&#8221;on|desktop&#8221; global_colors_info=&#8221;{}&#8221;]<\/p>\n<h1>Ramon Mestre<\/h1>\n<p>Soy CEO de Humicontrol<br \/>y mi vida ha ido siempre ligada<br \/>al mundo de las humedades<\/p>\n<p>[\/et_pb_text][\/et_pb_column][et_pb_column type=&#8221;1_2&#8243; _builder_version=&#8221;4.16&#8243; pac_dcm_carousel_specific_module_num=&#8221;0&#8243; global_colors_info=&#8221;{}&#8221;][\/et_pb_column][\/et_pb_row][\/et_pb_section][et_pb_section fb_built=&#8221;1&#8243; custom_padding_last_edited=&#8221;on|phone&#8221; _builder_version=&#8221;4.17.6&#8243; custom_padding=&#8221;85px||40px||false|&#8221; custom_padding_tablet=&#8221;85px||40px||false|&#8221; custom_padding_phone=&#8221;40px||40px||false|false&#8221; border_width_top=&#8221;1px&#8221; global_colors_info=&#8221;{}&#8221;][et_pb_row column_structure=&#8221;1_2,1_2&#8243; _builder_version=&#8221;4.17.6&#8243; background_color=&#8221;rgba(203,187,160,0.1)&#8221; global_colors_info=&#8221;{}&#8221;][et_pb_column type=&#8221;1_2&#8243; _builder_version=&#8221;4.17.6&#8243; custom_padding=&#8221;30px|||30px|false|false&#8221; custom_padding_tablet=&#8221;30px|||30px|false|false&#8221; custom_padding_phone=&#8221;30px|30px||30px|false|false&#8221; custom_padding_last_edited=&#8221;on|phone&#8221; pac_dcm_carousel_specific_module_num=&#8221;0&#8243; global_colors_info=&#8221;{}&#8221;][et_pb_text _builder_version=&#8221;4.16.1&#8243; header_3_font=&#8221;|700|||||||&#8221; header_3_font_size=&#8221;36px&#8221; custom_margin=&#8221;||0px||false|false&#8221; custom_padding=&#8221;||11px|||&#8221; global_colors_info=&#8221;{}&#8221;]<\/p>\n<h3 style=\"text-align: left;\">Buscando en mi ba\u00fal de <strong>los recuerdos<\/strong><\/h3>\n<p>[\/et_pb_text][et_pb_text _builder_version=&#8221;4.17.6&#8243; text_orientation=&#8221;justified&#8221; custom_padding=&#8221;||0px|||&#8221; hover_enabled=&#8221;0&#8243; global_colors_info=&#8221;{}&#8221; sticky_enabled=&#8221;0&#8243;]<\/p>\n<p style=\"text-align: justify;\">Encontr\u00e9 este dibujo que hice hace muchos a\u00f1os.<\/p>\n<p style=\"text-align: justify;\">Aqu\u00ed estoy yo, delante de una pared con humedad de cimecimientos y con un higr\u00f3metro en la mano. &#8220;\u00a1Humedades! \u00bfSi? \u00a1Viva!&#8221;<\/p>\n<p style=\"text-align: justify;\">Soy Ramon Mestre, CEO de Humicontrol, y como ya intuyes <strong>mi vida ha ido siempre ligada a esta peculiar especialidad<\/strong> dentro del campo de la rehabilitaci\u00f3n de edificios.<\/p>\n<p style=\"text-align: justify;\">Este dibujo lo hice con 8 a\u00f1os, y desde entonces he tenido tiempo de aprenderlo todo sobre el mundo de la humedad de cimientos.<\/p>\n<p>[\/et_pb_text][\/et_pb_column][et_pb_column type=&#8221;1_2&#8243; _builder_version=&#8221;4.16&#8243; pac_dcm_carousel_specific_module_num=&#8221;0&#8243; global_colors_info=&#8221;{}&#8221;][et_pb_image src=&#8221;https:\/\/humicontrol.com\/wp-content\/uploads\/2022\/04\/DIBUIX-8-ANYS_horitzontal.jpg&#8221; title_text=&#8221;DIBUIX-8 ANYS_horitzontal&#8221; align=&#8221;center&#8221; _builder_version=&#8221;4.16.1&#8243; height=&#8221;311px&#8221; custom_margin=&#8221;-100px||||false|false&#8221; custom_margin_tablet=&#8221;0px||||false|false&#8221; custom_margin_phone=&#8221;0px||||false|false&#8221; custom_margin_last_edited=&#8221;on|tablet&#8221; custom_padding=&#8221;||||false|false&#8221; global_colors_info=&#8221;{}&#8221;][\/et_pb_image][\/et_pb_column][\/et_pb_row][et_pb_row _builder_version=&#8221;4.16.1&#8243; _module_preset=&#8221;default&#8221; global_colors_info=&#8221;{}&#8221;][et_pb_column type=&#8221;4_4&#8243; _builder_version=&#8221;4.16.1&#8243; _module_preset=&#8221;default&#8221; pac_dcm_carousel_specific_module_num=&#8221;0&#8243; global_colors_info=&#8221;{}&#8221;][et_pb_text _builder_version=&#8221;4.17.6&#8243; _module_preset=&#8221;default&#8221; hover_enabled=&#8221;0&#8243; global_colors_info=&#8221;{}&#8221; sticky_enabled=&#8221;0&#8243;]<\/p>\n<h3 style=\"text-align: center;\"><strong>&#8220;Humed\u00f3logo&#8221; de vocaci\u00f3n<\/strong><\/h3>\n<p style=\"text-align: justify;\">Cosas de la vida, hay qui\u00e9n desde peque\u00f1o ha vivido las pir\u00e1mides de Egipto como nadie y se ha convertido en egipt\u00f3logo.<\/p>\n<p style=\"text-align: justify;\">Hay quien desde peque\u00f1o se ha dedicado a observar a los p\u00e1jaros para acabar siendo un reconocido ornit\u00f3logo.<br \/>Y ya ves, yo desde peque\u00f1o me fij\u00e9 en las humedades y <strong>me he convertido en un &#8220;humed\u00f3logo&#8221;<\/strong>.<\/p>\n<p style=\"text-align: justify;\">En <strong>Humicontrol<\/strong> hemos dedicado todas nuestras energ\u00edas a <strong>desarrollar soluciones tecnol\u00f3gicas<\/strong> para asegurar que nuestros clientes no tengan que padecer nunca m\u00e1s la humedad de cimientos en bajos y s\u00f3tanos.<\/p>\n<p style=\"text-align: justify;\">El <strong>nuevo dispositivo MURSEC ECO multifrecuencia de electro-\u00f3smosis inal\u00e1mbrica con SmartPolar\u00ae<\/strong> representa una tercera revoluci\u00f3n tecnol\u00f3gica en el tratamiento de la humedad de cimientos despu\u00e9s de la ya conocida t\u00e9cnica MURSEC ECO de electro-\u00f3smosis inal\u00e1mbrica, del sistema MURSEC de electro-\u00f3smosis activa y de la t\u00e9cnica TRABER de electro-\u00f3smosis f\u00f3resis, mejorando las prestaciones y reduciendo su coste.<\/p>\n<p style=\"text-align: justify;\">Humicontrol est\u00e1 creciendo no s\u00f3lo en Espa\u00f1a sino tambi\u00e9n en el resto de Europa y en Am\u00e9rica Latina.<\/p>\n<p style=\"text-align: justify;\">Si algo he aprendido en todo este tiempo, es que <strong>las humedades son un problema complejo<\/strong>.<\/p>\n<p style=\"text-align: justify;\">Y aqu\u00ed estoy, para poder compartir contigo todo mi conocimiento y experiencia en este campo, y en definitiva ayudarte a solucionar los problemas de humedad de cimientos.<\/p>\n<p>[\/et_pb_text][\/et_pb_column][\/et_pb_row][\/et_pb_section][et_pb_section fb_built=&#8221;1&#8243; fullwidth=&#8221;on&#8221; _builder_version=&#8221;4.16.1&#8243; _module_preset=&#8221;default&#8221; global_colors_info=&#8221;{}&#8221;][et_pb_fullwidth_image src=&#8221;https:\/\/humicontrol.com\/wp-content\/uploads\/2022\/04\/DIBUIX-8-ANYS_vertical-peu-de-text-gris.png&#8221; title_text=&#8221;DIBUIX-8 ANYS_vertical peu de text-gris&#8221; _builder_version=&#8221;4.16.1&#8243; _module_preset=&#8221;default&#8221; max_height=&#8221;330px&#8221; global_colors_info=&#8221;{}&#8221;][\/et_pb_fullwidth_image][\/et_pb_section]<\/p>\n","protected":false},"excerpt":{"rendered":"<p>Ramon Mestre Soy CEO de Humicontroly mi vida ha ido siempre ligadaal mundo de las humedadesBuscando en mi ba\u00fal de los recuerdosEncontr\u00e9 este dibujo que hice hace muchos a\u00f1os. Aqu\u00ed estoy yo, delante de una pared con humedad de cimecimientos y con un higr\u00f3metro en la mano. &#8220;\u00a1Humedades! \u00bfSi? \u00a1Viva!&#8221; Soy Ramon Mestre, CEO de [&hellip;]<\/p>\n","protected":false},"author":2,"featured_media":0,"parent":0,"menu_order":0,"comment_status":"closed","ping_status":"closed","template":"","meta":{"_et_pb_use_builder":"on","_et_pb_old_content":"","_et_gb_content_width":"","footnotes":""},"class_list":["post-233515","page","type-page","status-publish","hentry"],"_links":{"self":[{"href":"https:\/\/humicontrol.com\/es-lat\/wp-json\/wp\/v2\/pages\/233515","targetHints":{"allow":["GET"]}}],"collection":[{"href":"https:\/\/humicontrol.com\/es-lat\/wp-json\/wp\/v2\/pages"}],"about":[{"href":"https:\/\/humicontrol.com\/es-lat\/wp-json\/wp\/v2\/types\/page"}],"author":[{"embeddable":true,"href":"https:\/\/humicontrol.com\/es-lat\/wp-json\/wp\/v2\/users\/2"}],"replies":[{"embeddable":true,"href":"https:\/\/humicontrol.com\/es-lat\/wp-json\/wp\/v2\/comments?post=233515"}],"version-history":[{"count":0,"href":"https:\/\/humicontrol.com\/es-lat\/wp-json\/wp\/v2\/pages\/233515\/revisions"}],"wp:attachment":[{"href":"https:\/\/humicontrol.com\/es-lat\/wp-json\/wp\/v2\/media?parent=233515"}],"curies":[{"name":"wp","href":"https:\/\/api.w.org\/{rel}","templated":true}]}}