{"id":239961,"date":"2022-03-18T09:04:27","date_gmt":"2022-03-18T09:04:27","guid":{"rendered":"https:\/\/humicontrol.com\/aviso-legal\/"},"modified":"2025-01-13T09:48:20","modified_gmt":"2025-01-13T09:48:20","slug":"aviso-legal","status":"publish","type":"page","link":"https:\/\/humicontrol.com\/es-lat\/aviso-legal\/","title":{"rendered":"Aviso legal"},"content":{"rendered":"<p>[et_pb_section fb_built=&#8221;1&#8243; _builder_version=&#8221;4.16.1&#8243; _module_preset=&#8221;default&#8221; global_colors_info=&#8221;{}&#8221;][et_pb_row _builder_version=&#8221;4.16.1&#8243; _module_preset=&#8221;default&#8221; global_colors_info=&#8221;{}&#8221;][et_pb_column type=&#8221;4_4&#8243; _builder_version=&#8221;4.16.1&#8243; _module_preset=&#8221;default&#8221; pac_dcm_carousel_specific_module_num=&#8221;0&#8243; global_colors_info=&#8221;{}&#8221;][et_pb_text _builder_version=&#8221;4.20.0&#8243; _module_preset=&#8221;default&#8221; hover_enabled=&#8221;0&#8243; sticky_enabled=&#8221;0&#8243;]<\/p>\n<p><span><nav aria-label=\"breadcrumbs\" class=\"rank-math-breadcrumb\"><p><span class=\"last\">Inicio<\/span><\/p><\/nav><\/span><\/p>\n<p>[\/et_pb_text][et_pb_text _builder_version=&#8221;4.16.1&#8243; _module_preset=&#8221;default&#8221; global_colors_info=&#8221;{}&#8221;]<\/p>\n<h1><strong>AVISO LEGAL<\/strong><\/h1>\n<p>[\/et_pb_text][et_pb_text _builder_version=&#8221;4.16.1&#8243; _module_preset=&#8221;default&#8221; global_colors_info=&#8221;{}&#8221;]<\/p>\n<p><strong><span>B08708364<\/span>CLAUSULAS Y AVISOS LEGALES<\/strong> de www.humicontrol.com<\/p>\n<p><strong>1.- NORMAS DE USO DEL WEBSITE<\/strong>.<\/p>\n<ul>\n<li>1.1.- El acceso a este Website es responsabilidad exclusiva de los usuarios.<\/li>\n<li>1.2.- El acceso o \u201cvisita\u201d a este Website no supone entablar ninguna relaci\u00f3n comercial con Humicontrol SL y el usuario.<\/li>\n<li>1.3.- El acceso y navegaci\u00f3n de este Website supone aceptar y conocer las advertencias, avisos legales y condiciones de uso previstos en \u00e9l. Aquel usuario que est\u00e9 en contra de las mismas o no est\u00e9 dispuesto a cumplirlas, se le proh\u00edbe el acceso al mismo. <\/li>\n<\/ul>\n<p><strong>2.- ACCESO AL WEBSITE Y SEGURIDAD.<\/strong><\/p>\n<p>El usuario se obliga a hacer uso de los servicios ofrecidos en este website de forma diligente, correcta y l\u00edcita y se abstendr\u00e1 expresamente de realizar cualquier tipo de las acciones descritas a continuaci\u00f3n:<\/p>\n<ul>\n<li>Utilizar los servicios ofrecidos en este website de forma contraria a las leyes, a la moral, al orden p\u00fablico o a las buenas costumbres.<\/li>\n<li>Reproducir, copiar, distribuir transformar o modificar los servicios o contenido del website a no ser que cuente con autorizaci\u00f3n escrita y expresa del titular del website. Si dicha autorizaci\u00f3n se acepta, el autorizado deber\u00e1 en todo momento citar la fuente de la que proviene la informaci\u00f3n. <\/li>\n<li>Violar los derechos de propiedad intelectual o industrial de Humicontrol SL<\/li>\n<li>Emplear los servicios y la informaci\u00f3n obtenida a trav\u00e9s del Website para remitir publicidad, venta directa o cualquier otra clase de finalidad comercial. El usuario responder\u00e1 de los da\u00f1os y perjuicios que Humicontrol SL pueda sufrir, directa o indirectamente como consecuencia del incumplimiento de las obligaciones derivadas del aviso legal o la ley en relaci\u00f3n a la utilizaci\u00f3n del Website. <\/li>\n<\/ul>\n<p><strong>3.- ACTUALIDAD Y MODIFICACI\u00d3N DE LA INFORMACI\u00d3N<\/strong><\/p>\n<p>La informaci\u00f3n que aparece en este website es la vigente en la fecha de su \u00faltima actualizaci\u00f3n. Humicontrol SL se reserva el derecho a actualizar, modificar o eliminar la informaci\u00f3n de este website, pudiendo limitar o no permitir el acceso a este website. No se podr\u00e1 alterar, cambiar, modificar, o adaptar este website. Sin embargo Humicontrol SL se reserva la facultad de efectuar, en cualquier momento, cuantos cambios y modificaciones estime convenientes, pudiendo hacer uso de tal facultad en cualquier momento y sin previo aviso.   <\/p>\n<p><strong>4.- DERECHOS DE PROPIEDAD:<\/strong><\/p>\n<p>Todos los contenidos del Website, tales como textos, gr\u00e1ficos, fotograf\u00edas, logotipos, iconos e im\u00e1genes, as\u00ed como el dise\u00f1o gr\u00e1fico, c\u00f3digo fuente, y software son de exclusiva propiedad de Humicontrol SL y est\u00e1n sujetos a los derechos de propiedad intelectual e industrial protegidos por la legislaci\u00f3n internacional y nacional, sin que pueda entenderse que el uso o acceso a la web y\/o a los Servicios atribuya al Usuario derecho alguno sobre las citadas marcas, nombres comerciales y\/o signos distintivos.<\/p>\n<p>Queda terminantemente prohibida la utilizaci\u00f3n de todos los elementos de propiedad intelectual e industrial con fines comerciales, as\u00ed como su distribuci\u00f3n, modificaci\u00f3n, alteraci\u00f3n o descompilaci\u00f3n<\/p>\n<p>El incumplimiento de tales obligaciones, pueden dar lugar a responsabilidad criminal, seg\u00fan el c\u00f3digo penal Vigente y las leyes especiales de protecci\u00f3n de la propiedad intelectual e industrial.<\/p>\n<p><strong>5.- CL\u00c1USULA DE CONFIDENCIALIDAD Y PROTECCI\u00d3N DE DATOS PERSONALES.<\/strong><\/p>\n<p>En cumplimiento con lo establecido en el Nuevo Reglamento General de Protecci\u00f3n de Datos, informamos a los usuarios de que sus datos personales facilitados mediante el uso de formularios ser\u00e1n incluidos en el tratamiento de datos de clientes de la empresa Humicontrol, S.L. con CIF <span>B08708364<\/span>.<\/p>\n<p>El sitio web a trav\u00e9s de los formularios de contacto, podr\u00e1 recoger datos personales como por ejemplo: nombre, domicilio, direcci\u00f3n de correo electr\u00f3nica o tel\u00e9fono.<\/p>\n<p>Nuestro sitio web emplea la informaci\u00f3n con el fin de proporcionar el mejor servicio posible. Concretamente para dar respuesta a las peticiones de informaci\u00f3n y contacto que el cliente nos solicita y para el env\u00edo de informaci\u00f3n de inter\u00e9s para el usuario. <\/p>\n<p>Humicontrol, S.L. tratar\u00e1 de forma electr\u00f3nica los datos anteriormente mencionados, comprometi\u00e9ndose a mantener la m\u00e1s estricta confidencialidad con respecto a los datos facilitados por el usuario. Estos datos s\u00f3lo podr\u00e1n ser utilizados por Humicontrol, S.L. y por los colaboradores necesarios para prestar el servicio. <\/p>\n<p>Los datos proporcionados se conservaran mientras se mantenga la relaci\u00f3n comercial o durante los a\u00f1os necesarios para cumplir con las obligaciones legales.<\/p>\n<p>El usuario podr\u00e1 ejercer su derecho a acceso, rectificaci\u00f3n, oposici\u00f3n o cancelaci\u00f3n cuando ya no sea necesario para el mantenimiento de la relaci\u00f3n comercial, mediante solicitud por correo postal a Humicontrol, S.L., c\/Padilla 240, interior, 08013 Barcelona o a trav\u00e9s del correo electr\u00f3nico <a href=\"mailto:info@humicontrol.com\">info@humicontrol.com<\/a>, incluyendo la copia del DNI, NIE o documento identificativo equivalente.<\/p>\n<p><strong>6.- EXCLUSI\u00d3N DE GARANT\u00cdAS Y RESPONSABILIDAD.<\/strong><\/p>\n<p>Humicontrol SL no se responsabiliza ni garantiza de que el acceso a este website sea ininterrumpido o que \u00e9ste libre de error. En ning\u00fan caso Humicontrol SL ser\u00e1 responsable por las p\u00e9rdidas, da\u00f1os o perjuicios de cualquier tipo que puedan surgir por el acceso y uso de la p\u00e1gina Web, incluy\u00e9ndose (pero no limit\u00e1ndose) a los ocasionados a los sistemas inform\u00e1ticos o los provocados por la introducci\u00f3n de virus. Humicontrol SL no se hace responsable de los da\u00f1os que pudiesen ocasionarse a los usuarios por uso inadecuado del mismo.  <\/p>\n<p>Humicontrol SL no asume responsabilidad alguna por las discrepancias que pudieran existir entre los documentos impresos y la versi\u00f3n electr\u00f3nica publicada en este website. En caso de discrepancia entre ambas, prevalecer\u00e1 la versi\u00f3n impresa. <\/p>\n<p>Humicontrol SL realiza los m\u00e1ximos esfuerzos para evitar cualquier error en los contenidos que pudieran aparecer en este website, no garantiza, ni se responsabiliza de las consecuencias que pudieran derivarse de los errores de los contenidos que pudieran aparecer en este Website.<\/p>\n<p>Humicontrol SL no asume la responsabilidad por el contenido de cualquier foro o debate en el ciberespacio, boletines o cualquier otro tipo de transmisiones, que est\u00e9n vinculados a este website y cooperar\u00e1, si es requerido por autoridad judicial o por las autoridades pertinentes en la identificaci\u00f3n de las personas responsables de aquellos contenidos que violen la ley. Las garant\u00edas que Humicontrol SL ofrece de sus productos y t\u00e9cnicas se rigen por los contratos que en su momento se establezcan entre Humicontrol SL y sus clientes directos. Toda informaci\u00f3n publicada en la web de Humicontrol SL es orientativa. Humicontrol SL no se responsabiliza de aquellas condiciones que no hayan sido establecidas directamente por Humicontrol SL.   <\/p>\n<p><strong>7.- JURISDICCI\u00d3N Y COMPETENCIA.<\/strong><\/p>\n<p>Con car\u00e1cter general, las relaciones entre Humicontrol SL y sus clientes o usuarios, derivadas de la contrataci\u00f3n de los productos y servicios contenidos en la presente Web se encuentra sometido a la legislaci\u00f3n y jurisdicci\u00f3n espa\u00f1ola, y estableci\u00e9ndose o aplic\u00e1ndose la misma en caso de conflicto entre ambas partes. (Humicontrol SL y sus Clientes \/ usuarios). <\/p>\n<p>[\/et_pb_text][\/et_pb_column][\/et_pb_row][\/et_pb_section]<\/p>\n","protected":false},"excerpt":{"rendered":"<p><nav aria-label=\"breadcrumbs\" class=\"rank-math-breadcrumb\"><p><span class=\"last\">Inicio<\/span><\/p><\/nav>AVISO LEGALB08708364CLAUSULAS Y AVISOS LEGALES de www.humicontrol.com 1.- NORMAS DE USO DEL WEBSITE. 1.1.- El acceso a este Website es responsabilidad exclusiva de los usuarios. 1.2.- El acceso o \u201cvisita\u201d a este Website no supone entablar ninguna relaci\u00f3n comercial con Humicontrol SL y el usuario. 1.3.- El acceso y navegaci\u00f3n de este Website supone aceptar [&hellip;]<\/p>\n","protected":false},"author":2,"featured_media":0,"parent":0,"menu_order":0,"comment_status":"closed","ping_status":"closed","template":"","meta":{"_et_pb_use_builder":"on","_et_pb_old_content":"","_et_gb_content_width":"","footnotes":""},"class_list":["post-239961","page","type-page","status-publish","hentry"],"_links":{"self":[{"href":"https:\/\/humicontrol.com\/es-lat\/wp-json\/wp\/v2\/pages\/239961","targetHints":{"allow":["GET"]}}],"collection":[{"href":"https:\/\/humicontrol.com\/es-lat\/wp-json\/wp\/v2\/pages"}],"about":[{"href":"https:\/\/humicontrol.com\/es-lat\/wp-json\/wp\/v2\/types\/page"}],"author":[{"embeddable":true,"href":"https:\/\/humicontrol.com\/es-lat\/wp-json\/wp\/v2\/users\/2"}],"replies":[{"embeddable":true,"href":"https:\/\/humicontrol.com\/es-lat\/wp-json\/wp\/v2\/comments?post=239961"}],"version-history":[{"count":0,"href":"https:\/\/humicontrol.com\/es-lat\/wp-json\/wp\/v2\/pages\/239961\/revisions"}],"wp:attachment":[{"href":"https:\/\/humicontrol.com\/es-lat\/wp-json\/wp\/v2\/media?parent=239961"}],"curies":[{"name":"wp","href":"https:\/\/api.w.org\/{rel}","templated":true}]}}