{"id":233496,"date":"2022-03-18T02:34:38","date_gmt":"2022-03-18T01:34:38","guid":{"rendered":"https:\/\/humicontrol.negociactiu.cat\/partenaires\/"},"modified":"2025-10-22T09:35:56","modified_gmt":"2025-10-22T07:35:56","slug":"partenaires","status":"publish","type":"page","link":"https:\/\/humicontrol.com\/fr\/partenaires\/","title":{"rendered":"Partenaires"},"content":{"rendered":"<p>[et_pb_section fb_built=\u00a0\u00bb1&Prime; inner_shadow=\u00a0\u00bbon\u00a0\u00bb next_background_color=\u00a0\u00bb#ffffff\u00a0\u00bb _builder_version=\u00a0\u00bb4.16.1&Prime; background_color=\u00a0\u00bb#c6c6c6&Prime; background_image=\u00a0\u00bbhttps:\/\/humicontrol.com\/wp-content\/uploads\/2022\/04\/IMG_1834-1-scaled.jpg\u00a0\u00bb background_blend=\u00a0\u00bboverlay\u00a0\u00bb min_height=\u00a0\u00bb360px\u00a0\u00bb height=\u00a0\u00bb360px\u00a0\u00bb max_height=\u00a0\u00bb360px\u00a0\u00bb custom_margin=\u00a0\u00bb0px||||false|false\u00a0\u00bb custom_padding=\u00a0\u00bb50px||50px||true|false\u00a0\u00bb bottom_divider_style=\u00a0\u00bbasymmetric2&Prime; bottom_divider_flip=\u00a0\u00bbhorizontal\u00a0\u00bb global_colors_info=\u00a0\u00bb{}\u00a0\u00bb][et_pb_row column_structure=\u00a0\u00bb1_2,1_2&Prime; make_equal=\u00a0\u00bbon\u00a0\u00bb _builder_version=\u00a0\u00bb4.16&Prime; custom_padding=\u00a0\u00bb0px||0px|||\u00a0\u00bb global_colors_info=\u00a0\u00bb{}\u00a0\u00bb][et_pb_column type=\u00a0\u00bb1_2&Prime; _builder_version=\u00a0\u00bb4.16&Prime; background_enable_color=\u00a0\u00bboff\u00a0\u00bb pac_dcm_carousel_specific_module_num=\u00a0\u00bb0&Prime; global_colors_info=\u00a0\u00bb{}\u00a0\u00bb][et_pb_text _builder_version=\u00a0\u00bb4.16.1&Prime; text_font=\u00a0\u00bb||||||||\u00a0\u00bb text_text_color=\u00a0\u00bb#000000&Prime; text_font_size=\u00a0\u00bb24px\u00a0\u00bb text_line_height=\u00a0\u00bb1.2em\u00a0\u00bb header_font=\u00a0\u00bb|800|||||||\u00a0\u00bb background_enable_color=\u00a0\u00bboff\u00a0\u00bb custom_margin=\u00a0\u00bb||20px||false|false\u00a0\u00bb custom_padding=\u00a0\u00bb25px|0px||0px|false|false\u00a0\u00bb text_font_size_tablet=\u00a0\u00bb24px\u00a0\u00bb text_font_size_phone=\u00a0\u00bb16px\u00a0\u00bb text_font_size_last_edited=\u00a0\u00bbon|phone\u00a0\u00bb header_font_size_tablet=\u00a0\u00bb\u00a0\u00bb header_font_size_phone=\u00a0\u00bb30px\u00a0\u00bb header_font_size_last_edited=\u00a0\u00bbon|phone\u00a0\u00bb global_colors_info=\u00a0\u00bb{}\u00a0\u00bb]<\/p>\n<h1>PARTENAIRES<\/h1>\n<p>Si votre entreprise est <strong>sp\u00e9cialis\u00e9e dans le traitement de l&rsquo;humidit\u00e9<\/strong>, voici une bonne <strong>opportunit\u00e9 d&rsquo;affaires pour<\/strong> vous.<\/p>\n<p>[\/et_pb_text][\/et_pb_column][et_pb_column type=\u00a0\u00bb1_2&Prime; _builder_version=\u00a0\u00bb4.16&Prime; pac_dcm_carousel_specific_module_num=\u00a0\u00bb0&Prime; global_colors_info=\u00a0\u00bb{}\u00a0\u00bb][\/et_pb_column][\/et_pb_row][\/et_pb_section][et_pb_section fb_built=\u00a0\u00bb1&Prime; _builder_version=\u00a0\u00bb4.16&Prime; custom_padding=\u00a0\u00bb50px||0px||false|\u00a0\u00bb global_colors_info=\u00a0\u00bb{}\u00a0\u00bb][et_pb_row _builder_version=\u00a0\u00bb4.16&Prime; custom_padding=\u00a0\u00bb||60px|||\u00a0\u00bb global_colors_info=\u00a0\u00bb{}\u00a0\u00bb][et_pb_column type=\u00a0\u00bb4_4&Prime; _builder_version=\u00a0\u00bb4.16&Prime; pac_dcm_carousel_specific_module_num=\u00a0\u00bb0&Prime; global_colors_info=\u00a0\u00bb{}\u00a0\u00bb][et_pb_text _builder_version=\u00a0\u00bb4.17.6&Prime; _module_preset=\u00a0\u00bbdefault\u00a0\u00bb header_3_font=\u00a0\u00bb|700|||||||\u00a0\u00bb global_colors_info=\u00a0\u00bb{}\u00a0\u00bb]<\/p>\n<h3 style=\"text-align: center;\">Fonctionne avec la technologie la plus avanc\u00e9e<\/h3>\n<p>&nbsp;<\/p>\n<p><span style=\"font-size: 16px;\"><strong>Si votre entreprise est sp\u00e9cialis\u00e9e dans le traitement de les remont\u00e9es capillaires, que vous disposez d&rsquo;un site Internet consacr\u00e9 \u00e0 cette pathologie et que vous souhaitez travailler avec la technologie la plus avanc\u00e9e, il vous suffit de remplir le formulaire ci-joint.<\/strong><\/span><\/p>\n<p>Il est de plus en plus \u00e9vident que les entreprises doivent <strong>se sp\u00e9cialiser afin d&rsquo;\u00eatre les meilleures dans leur domaine<\/strong> et d&rsquo;\u00eatre en mesure d&rsquo;apporter une valeur ajout\u00e9e \u00e0 leurs clients.<\/p>\n<p>Avec des milliers de traitements effectu\u00e9s, nous avons acquis une connaissance approfondie de tout le processus de diagnostic et de r\u00e9solution de l&rsquo;humidit\u00e9 capillaire avec un maximum de garanties.<\/p>\n<p><strong>Humicontrol est en pleine expansion en France qu&rsquo;au niveau international.<\/strong><\/p>\n<p>Nous disposons d&rsquo;une <strong>technologie de pointe \u00e0 un prix tr\u00e8s comp\u00e9titif<\/strong>, et de tout le <strong>savoir-faire<\/strong> pour vous permettre de d\u00e9velopper avec succ\u00e8s le march\u00e9 dans votre r\u00e9gion.<\/p>\n<p>Si vous voulez devenir un partenaire d&rsquo;Humicontrol, remplissez le formulaire, vous serez tr\u00e8s int\u00e9ress\u00e9 par ce que je vais vous dire.<\/p>\n<p>[\/et_pb_text][et_pb_code _builder_version=\u00a0\u00bb4.16.1&Prime; _module_preset=\u00a0\u00bbdefault\u00a0\u00bb global_colors_info=\u00a0\u00bb{}\u00a0\u00bb][\/et_pb_code][et_pb_video_slider show_image_overlay=\u00a0\u00bbon\u00a0\u00bb _builder_version=\u00a0\u00bb4.20.2&Prime; _module_preset=\u00a0\u00bbdefault\u00a0\u00bb global_colors_info=\u00a0\u00bb{}\u00a0\u00bb][et_pb_video_slider_item src=\u00a0\u00bbhttps:\/\/www.youtube.com\/watch?v=YIavbuQfRqY\u00a0\u00bb image_src=\u00a0\u00bbhttps:\/\/humicontrol.com\/wp-content\/uploads\/2023\/03\/partner_ramon_eng.jpg\u00a0\u00bb _builder_version=\u00a0\u00bb4.20.2&Prime; _module_preset=\u00a0\u00bbdefault\u00a0\u00bb global_colors_info=\u00a0\u00bb{}\u00a0\u00bb show_image_overlay=\u00a0\u00bbon\u00a0\u00bb][\/et_pb_video_slider_item][\/et_pb_video_slider][\/et_pb_column][\/et_pb_row][et_pb_row column_structure=\u00a0\u00bb1_3,1_3,1_3&Prime; use_custom_gutter=\u00a0\u00bbon\u00a0\u00bb gutter_width=\u00a0\u00bb1&Prime; make_equal=\u00a0\u00bbon\u00a0\u00bb _builder_version=\u00a0\u00bb4.16.1&Prime; width=\u00a0\u00bb100%\u00a0\u00bb max_width=\u00a0\u00bb100%\u00a0\u00bb height=\u00a0\u00bb250px\u00a0\u00bb custom_margin=\u00a0\u00bb||0px||false|false\u00a0\u00bb custom_padding=\u00a0\u00bb0px||0px||false|false\u00a0\u00bb global_colors_info=\u00a0\u00bb{}\u00a0\u00bb][et_pb_column type=\u00a0\u00bb1_3&Prime; _builder_version=\u00a0\u00bb4.16.1&Prime; background_image=\u00a0\u00bbhttps:\/\/humicontrol.com\/wp-content\/uploads\/2022\/04\/Imatge-part-baixa-de-Partner-1-scaled.jpg\u00a0\u00bb pac_dcm_carousel_specific_module_num=\u00a0\u00bb0&Prime; global_colors_info=\u00a0\u00bb{}\u00a0\u00bb][\/et_pb_column][et_pb_column type=\u00a0\u00bb1_3&Prime; _builder_version=\u00a0\u00bb4.16.1&Prime; background_image=\u00a0\u00bbhttps:\/\/humicontrol.com\/wp-content\/uploads\/2022\/04\/Imatge-part-baixa-de-Partner-2.jpg\u00a0\u00bb pac_dcm_carousel_specific_module_num=\u00a0\u00bb0&Prime; global_colors_info=\u00a0\u00bb{}\u00a0\u00bb][\/et_pb_column][et_pb_column type=\u00a0\u00bb1_3&Prime; _builder_version=\u00a0\u00bb4.16.1&Prime; background_image=\u00a0\u00bbhttps:\/\/humicontrol.com\/wp-content\/uploads\/2022\/04\/Imatge-part-baixa-de-Partner-3-e1650620548921.jpg\u00a0\u00bb pac_dcm_carousel_specific_module_num=\u00a0\u00bb0&Prime; global_colors_info=\u00a0\u00bb{}\u00a0\u00bb][\/et_pb_column][\/et_pb_row][\/et_pb_section][et_pb_section fb_built=\u00a0\u00bb1&Prime; _builder_version=\u00a0\u00bb4.16.1&Prime; _module_preset=\u00a0\u00bbdefault\u00a0\u00bb global_colors_info=\u00a0\u00bb{}\u00a0\u00bb][et_pb_row _builder_version=\u00a0\u00bb4.16.1&Prime; _module_preset=\u00a0\u00bbdefault\u00a0\u00bb global_colors_info=\u00a0\u00bb{}\u00a0\u00bb][et_pb_column type=\u00a0\u00bb4_4&Prime; _builder_version=\u00a0\u00bb4.16.1&Prime; _module_preset=\u00a0\u00bbdefault\u00a0\u00bb pac_dcm_carousel_specific_module_num=\u00a0\u00bb0&Prime; global_colors_info=\u00a0\u00bb{}\u00a0\u00bb][et_pb_code _builder_version=\u00a0\u00bb4.17.6&Prime; _module_preset=\u00a0\u00bbdefault\u00a0\u00bb global_colors_info=\u00a0\u00bb{}\u00a0\u00bb]<div id=\"quform-5593b5\" class=\"quform quform-18 quform-support-page-caching\"><form id=\"quform-form-5593b5\" class=\"quform-form quform-form-18\" action=\"\/fr\/wp-json\/wp\/v2\/pages\/233496#quform-5593b5\" method=\"post\" enctype=\"multipart\/form-data\" novalidate=\"novalidate\" data-options=\"{&quot;id&quot;:18,&quot;uniqueId&quot;:&quot;5593b5&quot;,&quot;theme&quot;:&quot;&quot;,&quot;ajax&quot;:true,&quot;logic&quot;:{&quot;logic&quot;:[],&quot;dependents&quot;:[],&quot;elementIds&quot;:[],&quot;dependentElementIds&quot;:[],&quot;animate&quot;:true},&quot;currentPageId&quot;:1,&quot;errorsIcon&quot;:&quot;&quot;,&quot;updateFancybox&quot;:true,&quot;hasPages&quot;:false,&quot;pages&quot;:[1],&quot;pageProgressType&quot;:&quot;numbers&quot;,&quot;tooltipsEnabled&quot;:true,&quot;tooltipClasses&quot;:&quot;qtip-quform-dark qtip-shadow&quot;,&quot;tooltipMy&quot;:&quot;left center&quot;,&quot;tooltipAt&quot;:&quot;right center&quot;,&quot;isRtl&quot;:false,&quot;scrollOffset&quot;:-50,&quot;scrollSpeed&quot;:800}\"><button class=\"quform-default-submit\" name=\"quform_submit\" type=\"submit\" value=\"submit\" aria-hidden=\"true\" tabindex=\"-1\"><\/button><div class=\"quform-form-inner quform-form-inner-18\"><input type=\"hidden\" name=\"quform_form_id\" value=\"18\" \/><input type=\"hidden\" name=\"quform_form_uid\" value=\"5593b5\" \/><input type=\"hidden\" name=\"quform_count\" value=\"1\" \/><input type=\"hidden\" name=\"form_url\" value=\"https:\/\/humicontrol.com\/fr\/wp-json\/wp\/v2\/pages\/233496\" \/><input type=\"hidden\" name=\"referring_url\" value=\"\" \/><input type=\"hidden\" name=\"post_id\" value=\"\" \/><input type=\"hidden\" name=\"post_title\" value=\"\" \/><input type=\"hidden\" name=\"quform_current_page_id\" value=\"1\" \/><input type=\"hidden\" name=\"quform_csrf_token\" value=\"VeWGVa54BRJ0B6Bifa8zevY5T7KfGyFslU6WfSxx\" \/><div class=\"quform-elements quform-elements-18 quform-cf quform-responsive-elements-phone-landscape\"><div class=\"quform-element quform-element-page quform-page-1 quform-page-18_1 quform-cf quform-group-style-plain quform-first-page quform-last-page quform-current-page\"><div class=\"quform-child-elements\"><div class=\"quform-element quform-element-row quform-element-row-18_11 quform-1-columns quform-element-row-size-fixed quform-responsive-columns-phone-landscape\"><div class=\"quform-element quform-element-column quform-element-18_12\"><div class=\"quform-element quform-element-row quform-element-row-18_43 quform-3-columns quform-element-row-size-fixed quform-responsive-columns-phone-landscape\"><div class=\"quform-element quform-element-column quform-element-18_44\"><div class=\"quform-element quform-element-name quform-element-18_3 quform-cf quform-element-required\"><div class=\"quform-spacer\"><div class=\"quform-inner quform-inner-name quform-inner-18_3 quform-field-size-slim\"><div class=\"quform-input quform-input-name quform-input-18_3 quform-cf\"><div class=\"quform-element-row quform-1-columns quform-element-row-size-fixed quform-responsive-columns-phone-landscape\"><div class=\"quform-element-column\"><div class=\"quform-element quform-element-text quform-element-18_3_2 quform-cf quform-element-required\"><div class=\"quform-spacer\"><div class=\"quform-inner quform-inner-text quform-inner-18_3_2 quform-field-size-slim\"><div class=\"quform-input quform-input-text quform-input-18_3_2 quform-cf\"><input type=\"text\" id=\"quform_18_3_2_5593b5\" name=\"quform_18_3[2]\" class=\"quform-field quform-field-text quform-field-18_3_2\" placeholder=\"NOM DE L&#039;ENTREPRISE\" \/><\/div><\/div><\/div><\/div><\/div><\/div><\/div><\/div><\/div><\/div><\/div><div class=\"quform-element quform-element-column quform-element-18_45\"><div class=\"quform-element quform-element-name quform-element-18_102 quform-cf quform-element-required\"><div class=\"quform-spacer\"><div class=\"quform-inner quform-inner-name quform-inner-18_102 quform-field-size-slim\"><div class=\"quform-input quform-input-name quform-input-18_102 quform-cf\"><div class=\"quform-element-row quform-1-columns quform-element-row-size-fixed quform-responsive-columns-phone-landscape\"><div class=\"quform-element-column\"><div class=\"quform-element quform-element-text quform-element-18_102_2 quform-cf quform-element-required\"><div class=\"quform-spacer\"><div class=\"quform-inner quform-inner-text quform-inner-18_102_2 quform-field-size-slim\"><div class=\"quform-input quform-input-text quform-input-18_102_2 quform-cf\"><input type=\"text\" id=\"quform_18_102_2_5593b5\" name=\"quform_18_102[2]\" class=\"quform-field quform-field-text quform-field-18_102_2\" placeholder=\"NOM ET SURNOM\" \/><\/div><\/div><\/div><\/div><\/div><\/div><\/div><\/div><\/div><\/div><\/div><div class=\"quform-element quform-element-column quform-element-18_58\"><div class=\"quform-element quform-element-text quform-element-18_61 quform-cf quform-labels-inside quform-element-required\"><div class=\"quform-spacer\"><div class=\"quform-inner quform-inner-text quform-inner-18_61 quform-field-size-slim\"><div class=\"quform-input quform-input-text quform-input-18_61 quform-cf\"><input type=\"text\" id=\"quform_18_61_5593b5\" name=\"quform_18_61\" class=\"quform-field quform-field-text quform-field-18_61\" placeholder=\"T\u00c9L\u00c9PHONE\" \/><\/div><\/div><\/div><\/div><\/div><\/div><div class=\"quform-element quform-element-row quform-element-row-18_109 quform-3-columns quform-element-row-size-fixed quform-responsive-columns-phone-landscape\"><div class=\"quform-element quform-element-column quform-element-18_110\"><div class=\"quform-element quform-element-email quform-element-18_115 quform-cf quform-labels-inside quform-element-required\"><div class=\"quform-spacer\"><div class=\"quform-inner quform-inner-email quform-inner-18_115 quform-field-size-slim\"><div class=\"quform-input quform-input-email quform-input-18_115 quform-cf\"><input type=\"email\" id=\"quform_18_115_5593b5\" name=\"quform_18_115\" class=\"quform-field quform-field-email quform-field-18_115\" placeholder=\"E-MAIL\" \/><\/div><\/div><\/div><\/div><\/div><div class=\"quform-element quform-element-column quform-element-18_113\"><div class=\"quform-element quform-element-text quform-element-18_112 quform-cf quform-labels-inside quform-element-required\"><div class=\"quform-spacer\"><div class=\"quform-inner quform-inner-text quform-inner-18_112 quform-field-size-slim\"><div class=\"quform-input quform-input-text quform-input-18_112 quform-cf\"><input type=\"text\" id=\"quform_18_112_5593b5\" name=\"quform_18_112\" class=\"quform-field quform-field-text quform-field-18_112\" placeholder=\"VILLE\" \/><\/div><\/div><\/div><\/div><\/div><div class=\"quform-element quform-element-column quform-element-18_116\"><div class=\"quform-element quform-element-text quform-element-18_117 quform-cf quform-labels-inside quform-element-required\"><div class=\"quform-spacer\"><div class=\"quform-inner quform-inner-text quform-inner-18_117 quform-field-size-slim\"><div class=\"quform-input quform-input-text quform-input-18_117 quform-cf\"><input type=\"text\" id=\"quform_18_117_5593b5\" name=\"quform_18_117\" class=\"quform-field quform-field-text quform-field-18_117\" placeholder=\"PAYS\" \/><\/div><\/div><\/div><\/div><\/div><\/div><div class=\"quform-element quform-element-row quform-element-row-18_46 quform-1-columns quform-element-row-size-fixed quform-responsive-columns-phone-landscape\"><div class=\"quform-element quform-element-column quform-element-18_47\"><div class=\"quform-element quform-element-text quform-element-18_106 quform-cf quform-labels-inside quform-element-optional\"><div class=\"quform-spacer\"><div class=\"quform-inner quform-inner-text quform-inner-18_106 quform-field-size-slim\"><div class=\"quform-input quform-input-text quform-input-18_106 quform-cf\"><input type=\"text\" id=\"quform_18_106_5593b5\" name=\"quform_18_106\" class=\"quform-field quform-field-text quform-field-18_106\" placeholder=\"WEB\" \/><\/div><\/div><\/div><\/div><\/div><\/div><div class=\"quform-element quform-element-row quform-element-row-18_69 quform-1-columns quform-element-row-size-fixed quform-responsive-columns-phone-landscape\"><div class=\"quform-element quform-element-column quform-element-18_70\"><div class=\"quform-element quform-element-textarea quform-element-18_29 quform-cf quform-labels-inside quform-element-optional\"><div class=\"quform-spacer\"><div class=\"quform-inner quform-inner-textarea quform-inner-18_29 quform-field-size-slim\"><div class=\"quform-input quform-input-textarea quform-input-18_29 quform-cf\"><textarea id=\"quform_18_29_5593b5\" name=\"quform_18_29\" class=\"quform-field quform-field-textarea quform-field-18_29\" placeholder=\"Parlez-nous bri\u00e8vement de votre entreprise\"><\/textarea><\/div><\/div><\/div><\/div><\/div><\/div><\/div><\/div><div class=\"quform-element quform-element-row quform-element-row-18_78 quform-1-columns quform-element-row-size-fixed quform-responsive-columns-phone-landscape\"><div class=\"quform-element quform-element-column quform-element-18_79\"><div class=\"quform-element quform-element-html quform-element-18_108 quform-cf\"><div class=\"quform-spacer\"><strong>Nous \u00e9valuerons rapidement votre demande et vous contacterons personnellement afin que vous puissiez r\u00e9ussir avec cette opportunit\u00e9 d'affaires le plus t\u00f4t possible.<\/strong><\/div><\/div><\/div><\/div><div class=\"quform-element quform-element-row quform-element-row-18_97 quform-1-columns quform-element-row-size-fixed quform-responsive-columns-phone-landscape\"><div class=\"quform-element quform-element-column quform-element-18_98\"><div class=\"quform-element quform-element-checkbox quform-element-18_100 quform-cf quform-element-required\"><div class=\"quform-spacer\"><div class=\"quform-label quform-label-18_100\"><label class=\"quform-label-text\" id=\"quform_18_100_5593b5_label\">Pol\u00edtica de privacidad<span class=\"quform-required\">*<\/span><\/label><\/div><div class=\"quform-inner quform-inner-checkbox quform-inner-18_100 quform-field-size-slim\"><div class=\"quform-input quform-input-checkbox quform-input-18_100 quform-cf\"><div class=\"quform-options quform-cf quform-options-block quform-options-simple\" role=\"group\" aria-labelledby=\"quform_18_100_5593b5_label\"><div class=\"quform-option\"><input type=\"checkbox\" name=\"quform_18_100[]\" id=\"quform_18_100_5593b5_1\" class=\"quform-field quform-field-checkbox quform-field-18_100 quform-field-18_100_1\" value=\"J&#039;ai lu et j&#039;accepte les conditions l\u00e9gales\" \/><label for=\"quform_18_100_5593b5_1\" class=\"quform-option-label quform-option-label-18_100_1\"><span class=\"quform-option-text\">J'ai lu et j'accepte les conditions l\u00e9gales<\/span><\/label><\/div><\/div><\/div><\/div><\/div><\/div><div class=\"quform-element quform-element-checkbox quform-element-18_101 quform-cf quform-element-optional\"><div class=\"quform-spacer\"><div class=\"quform-label quform-label-18_101\"><label class=\"quform-label-text\" id=\"quform_18_101_5593b5_label\">Publicidad<\/label><\/div><div class=\"quform-inner quform-inner-checkbox quform-inner-18_101 quform-field-size-slim\"><div class=\"quform-input quform-input-checkbox quform-input-18_101 quform-cf\"><div class=\"quform-options quform-cf quform-options-block quform-options-simple\" role=\"group\" aria-labelledby=\"quform_18_101_5593b5_label\"><div class=\"quform-option\"><input type=\"checkbox\" name=\"quform_18_101[]\" id=\"quform_18_101_5593b5_1\" class=\"quform-field quform-field-checkbox quform-field-18_101 quform-field-18_101_1\" value=\"J&#039;accepte de recevoir des informations de Humicontrol SL et Partenaire pour r\u00e9pondre \u00e0 ma demande\" \/><label for=\"quform_18_101_5593b5_1\" class=\"quform-option-label quform-option-label-18_101_1\"><span class=\"quform-option-text\">J'accepte de recevoir des informations de Humicontrol SL et Partenaire pour r\u00e9pondre \u00e0 ma demande<\/span><\/label><\/div><\/div><\/div><\/div><\/div><\/div><\/div><\/div><div class=\"quform-element quform-element-submit quform-element-18_2 quform-cf quform-button-style-theme quform-button-width-medium\"><div class=\"quform-button-submit quform-button-submit-default quform-button-submit-18_2 quform-button-icon-right\"><button name=\"quform_submit\" type=\"submit\" class=\"quform-submit\" value=\"submit\"><span class=\"quform-button-text quform-button-submit-text\">Soumettre<\/span><span class=\"quform-button-icon quform-button-submit-icon\"><i class=\"fa fa-chevron-right\"><\/i><\/span><\/button><\/div><div class=\"quform-loading quform-loading-position-left quform-loading-type-spinner-1\"><div class=\"quform-loading-inner\"><div class=\"quform-loading-spinner\"><div class=\"quform-loading-spinner-inner\"><\/div><\/div><\/div><\/div><\/div><div class=\"quform-element-tree\"><label for=\"quform_18_0_5593b5\">This field should be left blank<\/label><input type=\"text\" id=\"quform_18_0_5593b5\" name=\"quform_18_0\" class=\"quform-field quform-field-tree quform-field-18_0\" tabindex=\"-1\" autocomplete=\"off\" \/><\/div><\/div><\/div><\/div><\/div><\/form><\/div>[\/et_pb_code][\/et_pb_column][\/et_pb_row][\/et_pb_section]<\/p>\n","protected":false},"excerpt":{"rendered":"<p>PARTENAIRES Si votre entreprise est sp\u00e9cialis\u00e9e dans le traitement de l&rsquo;humidit\u00e9, voici une bonne opportunit\u00e9 d&rsquo;affaires pour vous.Fonctionne avec la technologie la plus avanc\u00e9e &nbsp; Si votre entreprise est sp\u00e9cialis\u00e9e dans le traitement de les remont\u00e9es capillaires, que vous disposez d&rsquo;un site Internet consacr\u00e9 \u00e0 cette pathologie et que vous souhaitez travailler avec la technologie [&hellip;]<\/p>\n","protected":false},"author":2,"featured_media":0,"parent":0,"menu_order":0,"comment_status":"closed","ping_status":"closed","template":"","meta":{"_et_pb_use_builder":"on","_et_pb_old_content":"","_et_gb_content_width":"","footnotes":""},"class_list":["post-233496","page","type-page","status-publish","hentry"],"_links":{"self":[{"href":"https:\/\/humicontrol.com\/fr\/wp-json\/wp\/v2\/pages\/233496","targetHints":{"allow":["GET"]}}],"collection":[{"href":"https:\/\/humicontrol.com\/fr\/wp-json\/wp\/v2\/pages"}],"about":[{"href":"https:\/\/humicontrol.com\/fr\/wp-json\/wp\/v2\/types\/page"}],"author":[{"embeddable":true,"href":"https:\/\/humicontrol.com\/fr\/wp-json\/wp\/v2\/users\/2"}],"replies":[{"embeddable":true,"href":"https:\/\/humicontrol.com\/fr\/wp-json\/wp\/v2\/comments?post=233496"}],"version-history":[{"count":0,"href":"https:\/\/humicontrol.com\/fr\/wp-json\/wp\/v2\/pages\/233496\/revisions"}],"wp:attachment":[{"href":"https:\/\/humicontrol.com\/fr\/wp-json\/wp\/v2\/media?parent=233496"}],"curies":[{"name":"wp","href":"https:\/\/api.w.org\/{rel}","templated":true}]}}