{"id":233507,"date":"2022-03-18T02:34:06","date_gmt":"2022-03-18T02:34:06","guid":{"rendered":"https:\/\/humicontrol.negociactiu.cat\/ramon-mestre\/"},"modified":"2023-03-01T11:00:39","modified_gmt":"2023-03-01T11:00:39","slug":"ramon-mestre","status":"publish","type":"page","link":"https:\/\/humicontrol.com\/fr\/ramon-mestre\/","title":{"rendered":"Ramon Mestre"},"content":{"rendered":"<p>[et_pb_section fb_built=\u00a0\u00bb1&Prime; inner_shadow=\u00a0\u00bbon\u00a0\u00bb next_background_color=\u00a0\u00bb#ffffff\u00a0\u00bb _builder_version=\u00a0\u00bb4.17.6&Prime; background_color=\u00a0\u00bb#c6c6c6&Prime; background_image=\u00a0\u00bbhttps:\/\/humicontrol.com\/wp-content\/uploads\/2022\/03\/slide-ramon-mestre.jpg\u00a0\u00bb background_position=\u00a0\u00bbbottom_center\u00a0\u00bb background_vertical_offset=\u00a0\u00bb30%\u00a0\u00bb background_blend=\u00a0\u00bboverlay\u00a0\u00bb min_height=\u00a0\u00bb360px\u00a0\u00bb height=\u00a0\u00bb360px\u00a0\u00bb max_height=\u00a0\u00bb360px\u00a0\u00bb custom_margin=\u00a0\u00bb0px||||false|false\u00a0\u00bb custom_padding=\u00a0\u00bb50px||50px||true|false\u00a0\u00bb bottom_divider_style=\u00a0\u00bbasymmetric2&Prime; bottom_divider_flip=\u00a0\u00bbhorizontal\u00a0\u00bb hover_enabled=\u00a0\u00bb0&Prime; global_colors_info=\u00a0\u00bb{}\u00a0\u00bb bottom_divider_height_last_edited=\u00a0\u00bbon|phone\u00a0\u00bb bottom_divider_height_phone=\u00a0\u00bb50px\u00a0\u00bb background_last_edited=\u00a0\u00bbon|phone\u00a0\u00bb background_vertical_offset_phone=\u00a0\u00bb-55%\u00a0\u00bb background_position_phone=\u00a0\u00bbcenter_right\u00a0\u00bb sticky_enabled=\u00a0\u00bb0&Prime;][et_pb_row column_structure=\u00a0\u00bb1_2,1_2&Prime; make_equal=\u00a0\u00bbon\u00a0\u00bb _builder_version=\u00a0\u00bb4.16&Prime; custom_padding=\u00a0\u00bb0px||0px|||\u00a0\u00bb global_colors_info=\u00a0\u00bb{}\u00a0\u00bb][et_pb_column type=\u00a0\u00bb1_2&Prime; _builder_version=\u00a0\u00bb4.16&Prime; background_enable_color=\u00a0\u00bboff\u00a0\u00bb pac_dcm_carousel_specific_module_num=\u00a0\u00bb0&Prime; global_colors_info=\u00a0\u00bb{}\u00a0\u00bb][et_pb_text _builder_version=\u00a0\u00bb4.16.1&Prime; text_font=\u00a0\u00bb||||||||\u00a0\u00bb text_text_color=\u00a0\u00bb#000000&Prime; text_font_size=\u00a0\u00bb24px\u00a0\u00bb text_line_height=\u00a0\u00bb1.2em\u00a0\u00bb header_font=\u00a0\u00bb|800|||||||\u00a0\u00bb background_enable_color=\u00a0\u00bboff\u00a0\u00bb custom_margin=\u00a0\u00bb||20px||false|false\u00a0\u00bb custom_padding=\u00a0\u00bb25px|0px||0px|false|false\u00a0\u00bb text_font_size_tablet=\u00a0\u00bb24px\u00a0\u00bb text_font_size_phone=\u00a0\u00bb16px\u00a0\u00bb text_font_size_last_edited=\u00a0\u00bbon|phone\u00a0\u00bb header_font_size_tablet=\u00a0\u00bb\u00a0\u00bb header_font_size_phone=\u00a0\u00bb30px\u00a0\u00bb header_font_size_last_edited=\u00a0\u00bbon|desktop\u00a0\u00bb global_colors_info=\u00a0\u00bb{}\u00a0\u00bb]<\/p>\n<h1>Ramon Mestre<\/h1>\n<p>Je suis PDG d&rsquo;Humicontrol<br \/>et ma vie a toujours \u00e9t\u00e9 li\u00e9e<br \/>au monde de l&rsquo;humidit\u00e9<\/p>\n<p>[\/et_pb_text][\/et_pb_column][et_pb_column type=\u00a0\u00bb1_2&Prime; _builder_version=\u00a0\u00bb4.16&Prime; pac_dcm_carousel_specific_module_num=\u00a0\u00bb0&Prime; global_colors_info=\u00a0\u00bb{}\u00a0\u00bb][\/et_pb_column][\/et_pb_row][\/et_pb_section][et_pb_section fb_built=\u00a0\u00bb1&Prime; _builder_version=\u00a0\u00bb4.17.6&Prime; custom_padding=\u00a0\u00bb85px||40px||false|\u00a0\u00bb hover_enabled=\u00a0\u00bb0&Prime; border_width_top=\u00a0\u00bb1px\u00a0\u00bb global_colors_info=\u00a0\u00bb{}\u00a0\u00bb custom_padding_last_edited=\u00a0\u00bbon|phone\u00a0\u00bb custom_padding_phone=\u00a0\u00bb40px||40px||false|false\u00a0\u00bb sticky_enabled=\u00a0\u00bb0&Prime; custom_padding_tablet=\u00a0\u00bb85px||40px||false|\u00a0\u00bb][et_pb_row column_structure=\u00a0\u00bb1_2,1_2&Prime; _builder_version=\u00a0\u00bb4.17.6&Prime; background_color=\u00a0\u00bbrgba(203,187,160,0.1)\u00a0\u00bb hover_enabled=\u00a0\u00bb0&Prime; global_colors_info=\u00a0\u00bb{}\u00a0\u00bb sticky_enabled=\u00a0\u00bb0&Prime;][et_pb_column type=\u00a0\u00bb1_2&Prime; _builder_version=\u00a0\u00bb4.17.6&Prime; custom_padding=\u00a0\u00bb30px|||30px|false|false\u00a0\u00bb hover_enabled=\u00a0\u00bb0&Prime; pac_dcm_carousel_specific_module_num=\u00a0\u00bb0&Prime; global_colors_info=\u00a0\u00bb{}\u00a0\u00bb custom_padding_last_edited=\u00a0\u00bbon|phone\u00a0\u00bb custom_padding_phone=\u00a0\u00bb30px|30px||30px|false|false\u00a0\u00bb sticky_enabled=\u00a0\u00bb0&Prime; custom_padding_tablet=\u00a0\u00bb30px|||30px|false|false\u00a0\u00bb][et_pb_text _builder_version=\u00a0\u00bb4.16.1&Prime; header_3_font=\u00a0\u00bb|700|||||||\u00a0\u00bb header_3_font_size=\u00a0\u00bb36px\u00a0\u00bb custom_margin=\u00a0\u00bb||0px||false|false\u00a0\u00bb custom_padding=\u00a0\u00bb||11px|||\u00a0\u00bb global_colors_info=\u00a0\u00bb{}\u00a0\u00bb]<\/p>\n<h3 style=\"text-align: left;\">Je fouille dans mon coffre \u00e0 <strong>souvenirs<\/strong><\/h3>\n<p>[\/et_pb_text][et_pb_text _builder_version=\u00a0\u00bb4.16.1&Prime; text_orientation=\u00a0\u00bbjustified\u00a0\u00bb custom_padding=\u00a0\u00bb||0px|||\u00a0\u00bb global_colors_info=\u00a0\u00bb{}\u00a0\u00bb]<\/p>\n<p style=\"text-align: justify;\">Econtr\u00e9 este dibujo que hice hace muchos a\u00f1os.<\/p>\n<p style=\"text-align: justify;\">Aqu\u00ed estoy yo, delante de una pared con humedades por capilaridad y con un higr\u00f3metro en la mano. \u00ab\u00a0\u00a1Humedades! \u00bfSi? \u00a1Viva!\u00a0\u00bb<\/p>\n<p style=\"text-align: justify;\">Soy Ramon Mestre, CEO de Humicontrol, y como ya intuyes <strong>mi vida ha ido siempre ligada a esta peculiar especialidad<\/strong> dentro del campo de la rehabilitaci\u00f3n de edificios.<\/p>\n<p style=\"text-align: justify;\">Este dibujo lo hice con 8 a\u00f1os, y desde entonces he tenido tiempo de aprenderlo todo sobre el mundo de las humedades por capilaridad.<\/p>\n<p>[\/et_pb_text][\/et_pb_column][et_pb_column type=\u00a0\u00bb1_2&Prime; _builder_version=\u00a0\u00bb4.16&Prime; pac_dcm_carousel_specific_module_num=\u00a0\u00bb0&Prime; global_colors_info=\u00a0\u00bb{}\u00a0\u00bb][et_pb_image src=\u00a0\u00bbhttps:\/\/humicontrol.com\/wp-content\/uploads\/2022\/04\/DIBUIX-8-ANYS_horitzontal.jpg\u00a0\u00bb title_text=\u00a0\u00bbDIBUIX-8 ANYS_horitzontal\u00a0\u00bb align=\u00a0\u00bbcenter\u00a0\u00bb _builder_version=\u00a0\u00bb4.16.1&Prime; height=\u00a0\u00bb311px\u00a0\u00bb custom_margin=\u00a0\u00bb-100px||||false|false\u00a0\u00bb custom_margin_tablet=\u00a0\u00bb0px||||false|false\u00a0\u00bb custom_margin_phone=\u00a0\u00bb0px||||false|false\u00a0\u00bb custom_margin_last_edited=\u00a0\u00bbon|tablet\u00a0\u00bb custom_padding=\u00a0\u00bb||||false|false\u00a0\u00bb global_colors_info=\u00a0\u00bb{}\u00a0\u00bb][\/et_pb_image][\/et_pb_column][\/et_pb_row][et_pb_row _builder_version=\u00a0\u00bb4.16.1&Prime; _module_preset=\u00a0\u00bbdefault\u00a0\u00bb global_colors_info=\u00a0\u00bb{}\u00a0\u00bb][et_pb_column type=\u00a0\u00bb4_4&Prime; _builder_version=\u00a0\u00bb4.16.1&Prime; _module_preset=\u00a0\u00bbdefault\u00a0\u00bb pac_dcm_carousel_specific_module_num=\u00a0\u00bb0&Prime; global_colors_info=\u00a0\u00bb{}\u00a0\u00bb][et_pb_text _builder_version=\u00a0\u00bb4.16.1&Prime; _module_preset=\u00a0\u00bbdefault\u00a0\u00bb global_colors_info=\u00a0\u00bb{}\u00a0\u00bb]<\/p>\n<h3 style=\"text-align: center;\"><strong>\u00ab\u00a0Humed\u00f3logo\u00a0\u00bb de vocaci\u00f3n<\/strong><\/h3>\n<p style=\"text-align: justify;\">Cosas de la vida, hay qui\u00e9n desde peque\u00f1o ha vivido las pir\u00e1mides de Egipto como nadie y se ha convertido en egipt\u00f3logo.<\/p>\n<p style=\"text-align: justify;\">Hay quien desde peque\u00f1o se ha dedicado a observar a los p\u00e1jaros para acabar siendo un reconocido ornit\u00f3logo.<br \/>Y ya ves, yo desde peque\u00f1o me fij\u00e9 en las humedades y <strong>me he convertido en un \u00ab\u00a0humed\u00f3logo\u00a0\u00bb<\/strong>.<\/p>\n<p style=\"text-align: justify;\">En <strong>Humicontrol<\/strong> hemos dedicado todas nuestras energ\u00edas a <strong>desarrollar soluciones tecnol\u00f3gicas<\/strong> para asegurar que nuestros clientes no tengan que padecer nunca m\u00e1s las humedades en bajos y s\u00f3tanos.<\/p>\n<p style=\"text-align: justify;\">El <strong>nuevo dispositivo MURSEC ECO multifrecuencia de electro-\u00f3smosis inal\u00e1mbrica con SmartPolar\u00ae<\/strong> representa una tercera revoluci\u00f3n tecnol\u00f3gica en el tratamiento de la humedad despu\u00e9s de la ya conocida t\u00e9cnica MURSEC ECO de electro-\u00f3smosis inal\u00e1mbrica, del sistema MURSEC de electro-\u00f3smosis activa y de la t\u00e9cnica TRABER de electro-\u00f3smosis f\u00f3resis, mejorando las prestaciones y reduciendo su coste.<\/p>\n<p style=\"text-align: justify;\">Humicontrol est\u00e1 creciendo no s\u00f3lo en Espa\u00f1a sino tambi\u00e9n en el resto de Europa y en Am\u00e9rica Latina.<\/p>\n<p style=\"text-align: justify;\">Si algo he aprendido en todo este tiempo, es que <strong>las humedades son un problema complejo<\/strong>.<\/p>\n<p style=\"text-align: justify;\">Y aqu\u00ed estoy, para poder compartir contigo todo mi conocimiento y experiencia en este campo, y en definitiva ayudarte a solucionar los problemas de humedades por capilaridad.<\/p>\n<p>[\/et_pb_text][\/et_pb_column][\/et_pb_row][\/et_pb_section][et_pb_section fb_built=\u00a0\u00bb1&Prime; fullwidth=\u00a0\u00bbon\u00a0\u00bb _builder_version=\u00a0\u00bb4.16.1&Prime; _module_preset=\u00a0\u00bbdefault\u00a0\u00bb global_colors_info=\u00a0\u00bb{}\u00a0\u00bb][et_pb_fullwidth_image src=\u00a0\u00bbhttps:\/\/humicontrol.com\/wp-content\/uploads\/2022\/04\/DIBUIX-8-ANYS_vertical-peu-de-text-gris.png\u00a0\u00bb title_text=\u00a0\u00bbDIBUIX-8 ANYS_vertical peu de texte-gris\u00a0\u00bb _builder_version=\u00a0\u00bb4.16.1&Prime; _module_preset=\u00a0\u00bbdefault\u00a0\u00bb max_height=\u00a0\u00bb330px\u00a0\u00bb global_colors_info=\u00a0\u00bb{}\u00a0\u00bb][\/et_pb_fullwidth_image][\/et_pb_section]<\/p>\n","protected":false},"excerpt":{"rendered":"<p>Ramon Mestre Je suis PDG d&rsquo;Humicontrolet ma vie a toujours \u00e9t\u00e9 li\u00e9eau monde de l&rsquo;humidit\u00e9Je fouille dans mon coffre \u00e0 souvenirsEcontr\u00e9 este dibujo que hice hace muchos a\u00f1os. Aqu\u00ed estoy yo, delante de una pared con humedades por capilaridad y con un higr\u00f3metro en la mano. \u00ab\u00a0\u00a1Humedades! \u00bfSi? \u00a1Viva!\u00a0\u00bb Soy Ramon Mestre, CEO de Humicontrol, [&hellip;]<\/p>\n","protected":false},"author":2,"featured_media":0,"parent":0,"menu_order":0,"comment_status":"closed","ping_status":"closed","template":"","meta":{"_et_pb_use_builder":"on","_et_pb_old_content":"","_et_gb_content_width":"","footnotes":""},"class_list":["post-233507","page","type-page","status-publish","hentry"],"_links":{"self":[{"href":"https:\/\/humicontrol.com\/fr\/wp-json\/wp\/v2\/pages\/233507","targetHints":{"allow":["GET"]}}],"collection":[{"href":"https:\/\/humicontrol.com\/fr\/wp-json\/wp\/v2\/pages"}],"about":[{"href":"https:\/\/humicontrol.com\/fr\/wp-json\/wp\/v2\/types\/page"}],"author":[{"embeddable":true,"href":"https:\/\/humicontrol.com\/fr\/wp-json\/wp\/v2\/users\/2"}],"replies":[{"embeddable":true,"href":"https:\/\/humicontrol.com\/fr\/wp-json\/wp\/v2\/comments?post=233507"}],"version-history":[{"count":0,"href":"https:\/\/humicontrol.com\/fr\/wp-json\/wp\/v2\/pages\/233507\/revisions"}],"wp:attachment":[{"href":"https:\/\/humicontrol.com\/fr\/wp-json\/wp\/v2\/media?parent=233507"}],"curies":[{"name":"wp","href":"https:\/\/api.w.org\/{rel}","templated":true}]}}