{"id":234983,"date":"2022-10-05T08:54:25","date_gmt":"2022-10-05T06:54:25","guid":{"rendered":"https:\/\/humicontrol.com\/?page_id=234983"},"modified":"2022-10-05T09:25:11","modified_gmt":"2022-10-05T09:25:11","slug":"merci-davoir-contacte","status":"publish","type":"page","link":"https:\/\/humicontrol.com\/fr\/merci-davoir-contacte\/","title":{"rendered":"Merci d&rsquo;avoir contact\u00e9"},"content":{"rendered":"<p>[et_pb_section fb_built=\u00a0\u00bb1&Prime; _builder_version=\u00a0\u00bb4.17.6&Prime; _module_preset=\u00a0\u00bbdefault\u00a0\u00bb global_colors_info=\u00a0\u00bb{}\u00a0\u00bb][et_pb_row _builder_version=\u00a0\u00bb4.17.6&Prime; _module_preset=\u00a0\u00bbdefault\u00a0\u00bb global_colors_info=\u00a0\u00bb{}\u00a0\u00bb][et_pb_column type=\u00a0\u00bb4_4&Prime; _builder_version=\u00a0\u00bb4.17.6&Prime; _module_preset=\u00a0\u00bbdefault\u00a0\u00bb pac_dcm_carousel_specific_module_num=\u00a0\u00bb0&Prime; global_colors_info=\u00a0\u00bb{}\u00a0\u00bb][et_pb_text _builder_version=\u00a0\u00bb4.17.6&Prime; _module_preset=\u00a0\u00bbdefault\u00a0\u00bb text_font=\u00a0\u00bb|700|||||||\u00a0\u00bb text_font_size=\u00a0\u00bb20px\u00a0\u00bb text_orientation=\u00a0\u00bbcenter\u00a0\u00bb hover_enabled=\u00a0\u00bb0&Prime; global_colors_info=\u00a0\u00bb{}\u00a0\u00bb sticky_enabled=\u00a0\u00bb0&Prime;]<\/p>\n<p>Merci d&rsquo;avoir contact\u00e9.<\/p>\n<p>Votre demande sera trait\u00e9e dans les plus brefs d\u00e9lais.<\/p>\n<p>[\/et_pb_text][\/et_pb_column][\/et_pb_row][\/et_pb_section]<\/p>\n","protected":false},"excerpt":{"rendered":"<p>Merci d&rsquo;avoir contact\u00e9. Votre demande sera trait\u00e9e dans les plus brefs d\u00e9lais.<\/p>\n","protected":false},"author":2,"featured_media":0,"parent":0,"menu_order":0,"comment_status":"closed","ping_status":"closed","template":"","meta":{"_et_pb_use_builder":"on","_et_pb_old_content":"","_et_gb_content_width":"","footnotes":""},"class_list":["post-234983","page","type-page","status-publish","hentry"],"_links":{"self":[{"href":"https:\/\/humicontrol.com\/fr\/wp-json\/wp\/v2\/pages\/234983","targetHints":{"allow":["GET"]}}],"collection":[{"href":"https:\/\/humicontrol.com\/fr\/wp-json\/wp\/v2\/pages"}],"about":[{"href":"https:\/\/humicontrol.com\/fr\/wp-json\/wp\/v2\/types\/page"}],"author":[{"embeddable":true,"href":"https:\/\/humicontrol.com\/fr\/wp-json\/wp\/v2\/users\/2"}],"replies":[{"embeddable":true,"href":"https:\/\/humicontrol.com\/fr\/wp-json\/wp\/v2\/comments?post=234983"}],"version-history":[{"count":0,"href":"https:\/\/humicontrol.com\/fr\/wp-json\/wp\/v2\/pages\/234983\/revisions"}],"wp:attachment":[{"href":"https:\/\/humicontrol.com\/fr\/wp-json\/wp\/v2\/media?parent=234983"}],"curies":[{"name":"wp","href":"https:\/\/api.w.org\/{rel}","templated":true}]}}