{"id":233500,"date":"2022-03-18T02:34:38","date_gmt":"2022-03-18T01:34:38","guid":{"rendered":"https:\/\/humicontrol.negociactiu.cat\/partner\/"},"modified":"2025-10-22T09:37:53","modified_gmt":"2025-10-22T07:37:53","slug":"partner","status":"publish","type":"page","link":"https:\/\/humicontrol.com\/it\/partner\/","title":{"rendered":"Partner"},"content":{"rendered":"<p>[et_pb_section fb_built=&#8221;1&#8243; inner_shadow=&#8221;on&#8221; next_background_color=&#8221;#ffffff&#8221; _builder_version=&#8221;4.17.6&#8243; background_color=&#8221;#c6c6c6&#8243; background_image=&#8221;https:\/\/humicontrol.com\/wp-content\/uploads\/2022\/04\/IMG_1834-1-scaled.jpg&#8221; background_blend=&#8221;overlay&#8221; min_height=&#8221;360px&#8221; height=&#8221;360px&#8221; max_height=&#8221;360px&#8221; custom_margin=&#8221;0px||||false|false&#8221; custom_padding=&#8221;50px||50px||true|false&#8221; bottom_divider_style=&#8221;asymmetric2&#8243; bottom_divider_flip=&#8221;horizontal&#8221; bottom_divider_height_tablet=&#8221;&#8221; bottom_divider_height_phone=&#8221;50px&#8221; bottom_divider_height_last_edited=&#8221;on|phone&#8221; global_colors_info=&#8221;{}&#8221;][et_pb_row column_structure=&#8221;1_2,1_2&#8243; make_equal=&#8221;on&#8221; _builder_version=&#8221;4.16&#8243; custom_padding=&#8221;0px||0px|||&#8221; global_colors_info=&#8221;{}&#8221;][et_pb_column type=&#8221;1_2&#8243; _builder_version=&#8221;4.16&#8243; background_enable_color=&#8221;off&#8221; pac_dcm_carousel_specific_module_num=&#8221;0&#8243; global_colors_info=&#8221;{}&#8221;][et_pb_text _builder_version=&#8221;4.17.6&#8243; text_font=&#8221;||||||||&#8221; text_text_color=&#8221;#000000&#8243; text_font_size=&#8221;24px&#8221; text_line_height=&#8221;1.2em&#8221; header_font=&#8221;|800|||||||&#8221; background_enable_color=&#8221;off&#8221; custom_margin=&#8221;||20px||false|false&#8221; custom_padding=&#8221;25px|0px||0px|false|false&#8221; text_font_size_tablet=&#8221;24px&#8221; text_font_size_phone=&#8221;16px&#8221; text_font_size_last_edited=&#8221;on|phone&#8221; header_font_size_tablet=&#8221;&#8221; header_font_size_phone=&#8221;30px&#8221; header_font_size_last_edited=&#8221;on|phone&#8221; global_colors_info=&#8221;{}&#8221;]<\/p>\n<h1>PARTNER<\/h1>\n<p>Se la vostra azienda \u00e8 <strong>specializzata nel trattamento dell&#8217;umidit\u00e0 di risalita<\/strong>, ecco una buona <strong>opportunit\u00e0 di business per<\/strong> voi<\/p>\n<p>[\/et_pb_text][\/et_pb_column][et_pb_column type=&#8221;1_2&#8243; _builder_version=&#8221;4.16&#8243; pac_dcm_carousel_specific_module_num=&#8221;0&#8243; global_colors_info=&#8221;{}&#8221;][\/et_pb_column][\/et_pb_row][\/et_pb_section][et_pb_section fb_built=&#8221;1&#8243; _builder_version=&#8221;4.16&#8243; custom_padding=&#8221;50px||0px||false|&#8221; global_colors_info=&#8221;{}&#8221;][et_pb_row _builder_version=&#8221;4.17.6&#8243; custom_padding=&#8221;0px||60px|||&#8221; global_colors_info=&#8221;{}&#8221;][et_pb_column type=&#8221;4_4&#8243; _builder_version=&#8221;4.16&#8243; pac_dcm_carousel_specific_module_num=&#8221;0&#8243; global_colors_info=&#8221;{}&#8221;][et_pb_text _builder_version=&#8221;4.17.6&#8243; _module_preset=&#8221;default&#8221; text_font=&#8221;||||||||&#8221; header_3_font=&#8221;|600|||||||&#8221; text_orientation=&#8221;center&#8221; custom_margin=&#8221;||20px||false|false&#8221; global_colors_info=&#8221;{}&#8221;]<\/p>\n<h3>Un&#8217;opportunit\u00e0 di business <br \/>con tecnologia all&#8217;avanguardia<\/h3>\n<p>[\/et_pb_text][et_pb_text _builder_version=&#8221;4.17.6&#8243; _module_preset=&#8221;default&#8221; global_colors_info=&#8221;{}&#8221;]<\/p>\n<p><strong>Se la tua azienda \u00e8 specializzata nel trattamento dell&#8217;umidit\u00e0 di risalita, hai un sito web dedicato a questa patologia e vuoi lavorare con la tecnologia pi\u00f9 avanzata, devi solo compilare il modulo allegato.<\/strong><\/p>\n<p>Sta diventando sempre pi\u00f9 chiaro che le aziende<strong> devono specializzarsi per essere le migliori nel loro campo<\/strong> e per poter fornire valore aggiunto ai propri clienti.<\/p>\n<p>Con migliaia di trattamenti effettuati, abbiamo acquisito una conoscenza approfondita dell&#8217;intero processo per diagnosticare e risolvere l&#8217;umidit\u00e0 per capillarit\u00e0 con le massime garanzie.<\/p>\n<p><strong>Humicontrol \u00e8 in procinto di espandersi a livello internazionale.<\/strong><\/p>\n<p>Disponiamo di <strong>tecnologia all&#8217;avanguardia a un prezzo molto competitivo<\/strong> e di tutto il <strong>know-how<\/strong> per consentirvi di sviluppare con successo il mercato nella vostra zona.<\/p>\n<p>Se vuoi diventare un Partner Humicontrol, compila il form, sarai molto interessato a quello che sto per dirti.<\/p>\n<p>[\/et_pb_text][et_pb_code _builder_version=&#8221;4.16.1&#8243; _module_preset=&#8221;default&#8221; global_colors_info=&#8221;{}&#8221;][\/et_pb_code][et_pb_video_slider show_image_overlay=&#8221;on&#8221; _builder_version=&#8221;4.20.2&#8243; _module_preset=&#8221;default&#8221; global_colors_info=&#8221;{}&#8221;][et_pb_video_slider_item src=&#8221;https:\/\/youtu.be\/YIavbuQfRqY&#8221; image_src=&#8221;https:\/\/humicontrol.com\/wp-content\/uploads\/2023\/03\/partner_ramon_eng.jpg&#8221; _builder_version=&#8221;4.20.2&#8243; _module_preset=&#8221;default&#8221; global_colors_info=&#8221;{}&#8221; show_image_overlay=&#8221;on&#8221;][\/et_pb_video_slider_item][\/et_pb_video_slider][\/et_pb_column][\/et_pb_row][et_pb_row column_structure=&#8221;1_3,1_3,1_3&#8243; use_custom_gutter=&#8221;on&#8221; gutter_width=&#8221;1&#8243; make_equal=&#8221;on&#8221; disabled_on=&#8221;on|off|off&#8221; _builder_version=&#8221;4.17.6&#8243; width=&#8221;100%&#8221; max_width=&#8221;100%&#8221; height=&#8221;250px&#8221; custom_margin=&#8221;||0px||false|false&#8221; custom_padding=&#8221;0px||0px||false|false&#8221; global_colors_info=&#8221;{}&#8221;][et_pb_column type=&#8221;1_3&#8243; _builder_version=&#8221;4.16.1&#8243; background_image=&#8221;https:\/\/humicontrol.com\/wp-content\/uploads\/2022\/04\/Imatge-part-baixa-de-Partner-1-scaled.jpg&#8221; pac_dcm_carousel_specific_module_num=&#8221;0&#8243; global_colors_info=&#8221;{}&#8221;][\/et_pb_column][et_pb_column type=&#8221;1_3&#8243; _builder_version=&#8221;4.16.1&#8243; background_image=&#8221;https:\/\/humicontrol.com\/wp-content\/uploads\/2022\/04\/Imatge-part-baixa-de-Partner-2.jpg&#8221; pac_dcm_carousel_specific_module_num=&#8221;0&#8243; global_colors_info=&#8221;{}&#8221;][\/et_pb_column][et_pb_column type=&#8221;1_3&#8243; _builder_version=&#8221;4.16.1&#8243; background_image=&#8221;https:\/\/humicontrol.com\/wp-content\/uploads\/2022\/04\/Imatge-part-baixa-de-Partner-3-e1650620548921.jpg&#8221; pac_dcm_carousel_specific_module_num=&#8221;0&#8243; global_colors_info=&#8221;{}&#8221;][\/et_pb_column][\/et_pb_row][\/et_pb_section][et_pb_section fb_built=&#8221;1&#8243; custom_padding_last_edited=&#8221;on|phone&#8221; _builder_version=&#8221;4.17.6&#8243; _module_preset=&#8221;default&#8221; custom_margin=&#8221;||||false|false&#8221; custom_padding=&#8221;||||false|false&#8221; custom_padding_tablet=&#8221;||||false|false&#8221; custom_padding_phone=&#8221;0px||||false|false&#8221; global_colors_info=&#8221;{}&#8221;][et_pb_row _builder_version=&#8221;4.16.1&#8243; _module_preset=&#8221;default&#8221; global_colors_info=&#8221;{}&#8221;][et_pb_column type=&#8221;4_4&#8243; _builder_version=&#8221;4.16.1&#8243; _module_preset=&#8221;default&#8221; pac_dcm_carousel_specific_module_num=&#8221;0&#8243; global_colors_info=&#8221;{}&#8221;][et_pb_code _builder_version=&#8221;4.20.2&#8243; _module_preset=&#8221;default&#8221; global_colors_info=&#8221;{}&#8221;]<div id=\"quform-a8a8e8\" class=\"quform quform-23 quform-support-page-caching\"><form id=\"quform-form-a8a8e8\" class=\"quform-form quform-form-23\" action=\"\/it\/wp-json\/wp\/v2\/pages\/233500#quform-a8a8e8\" method=\"post\" enctype=\"multipart\/form-data\" novalidate=\"novalidate\" data-options=\"{&quot;id&quot;:23,&quot;uniqueId&quot;:&quot;a8a8e8&quot;,&quot;theme&quot;:&quot;&quot;,&quot;ajax&quot;:true,&quot;logic&quot;:{&quot;logic&quot;:[],&quot;dependents&quot;:[],&quot;elementIds&quot;:[],&quot;dependentElementIds&quot;:[],&quot;animate&quot;:true},&quot;currentPageId&quot;:1,&quot;errorsIcon&quot;:&quot;&quot;,&quot;updateFancybox&quot;:true,&quot;hasPages&quot;:false,&quot;pages&quot;:[1],&quot;pageProgressType&quot;:&quot;numbers&quot;,&quot;tooltipsEnabled&quot;:true,&quot;tooltipClasses&quot;:&quot;qtip-quform-dark qtip-shadow&quot;,&quot;tooltipMy&quot;:&quot;left center&quot;,&quot;tooltipAt&quot;:&quot;right center&quot;,&quot;isRtl&quot;:false,&quot;scrollOffset&quot;:-50,&quot;scrollSpeed&quot;:800}\"><button class=\"quform-default-submit\" name=\"quform_submit\" type=\"submit\" value=\"submit\" aria-hidden=\"true\" tabindex=\"-1\"><\/button><div class=\"quform-form-inner quform-form-inner-23\"><input type=\"hidden\" name=\"quform_form_id\" value=\"23\" \/><input type=\"hidden\" name=\"quform_form_uid\" value=\"a8a8e8\" \/><input type=\"hidden\" name=\"quform_count\" value=\"1\" \/><input type=\"hidden\" name=\"form_url\" value=\"https:\/\/humicontrol.com\/it\/wp-json\/wp\/v2\/pages\/233500\" \/><input type=\"hidden\" name=\"referring_url\" value=\"\" \/><input type=\"hidden\" name=\"post_id\" value=\"\" \/><input type=\"hidden\" name=\"post_title\" value=\"\" \/><input type=\"hidden\" name=\"quform_current_page_id\" value=\"1\" \/><input type=\"hidden\" name=\"quform_csrf_token\" value=\"IANxxV5IbQ4XUAjjLWQCq9WPJznzQmXnPQuwGPvQ\" \/><div class=\"quform-elements quform-elements-23 quform-cf quform-responsive-elements-phone-landscape\"><div class=\"quform-element quform-element-page quform-page-1 quform-page-23_1 quform-cf quform-group-style-plain quform-first-page quform-last-page quform-current-page\"><div class=\"quform-child-elements\"><div class=\"quform-element quform-element-row quform-element-row-23_11 quform-1-columns quform-element-row-size-fixed quform-responsive-columns-phone-landscape\"><div class=\"quform-element quform-element-column quform-element-23_12\"><div class=\"quform-element quform-element-row quform-element-row-23_43 quform-3-columns quform-element-row-size-fixed quform-responsive-columns-phone-landscape\"><div class=\"quform-element quform-element-column quform-element-23_44\"><div class=\"quform-element quform-element-name quform-element-23_3 quform-cf quform-element-required\"><div class=\"quform-spacer\"><div class=\"quform-inner quform-inner-name quform-inner-23_3 quform-field-size-slim\"><div class=\"quform-input quform-input-name quform-input-23_3 quform-cf\"><div class=\"quform-element-row quform-1-columns quform-element-row-size-fixed quform-responsive-columns-phone-landscape\"><div class=\"quform-element-column\"><div class=\"quform-element quform-element-text quform-element-23_3_2 quform-cf quform-element-required\"><div class=\"quform-spacer\"><div class=\"quform-inner quform-inner-text quform-inner-23_3_2 quform-field-size-slim\"><div class=\"quform-input quform-input-text quform-input-23_3_2 quform-cf\"><input type=\"text\" id=\"quform_23_3_2_a8a8e8\" name=\"quform_23_3[2]\" class=\"quform-field quform-field-text quform-field-23_3_2\" placeholder=\"NOME DELLA DITTA\" \/><\/div><\/div><\/div><\/div><\/div><\/div><\/div><\/div><\/div><\/div><\/div><div class=\"quform-element quform-element-column quform-element-23_45\"><div class=\"quform-element quform-element-name quform-element-23_102 quform-cf quform-element-required\"><div class=\"quform-spacer\"><div class=\"quform-inner quform-inner-name quform-inner-23_102 quform-field-size-slim\"><div class=\"quform-input quform-input-name quform-input-23_102 quform-cf\"><div class=\"quform-element-row quform-1-columns quform-element-row-size-fixed quform-responsive-columns-phone-landscape\"><div class=\"quform-element-column\"><div class=\"quform-element quform-element-text quform-element-23_102_2 quform-cf quform-element-required\"><div class=\"quform-spacer\"><div class=\"quform-inner quform-inner-text quform-inner-23_102_2 quform-field-size-slim\"><div class=\"quform-input quform-input-text quform-input-23_102_2 quform-cf\"><input type=\"text\" id=\"quform_23_102_2_a8a8e8\" name=\"quform_23_102[2]\" class=\"quform-field quform-field-text quform-field-23_102_2\" placeholder=\"NOME E COGNOME\" \/><\/div><\/div><\/div><\/div><\/div><\/div><\/div><\/div><\/div><\/div><\/div><div class=\"quform-element quform-element-column quform-element-23_58\"><div class=\"quform-element quform-element-text quform-element-23_61 quform-cf quform-labels-inside quform-element-required\"><div class=\"quform-spacer\"><div class=\"quform-inner quform-inner-text quform-inner-23_61 quform-field-size-slim\"><div class=\"quform-input quform-input-text quform-input-23_61 quform-cf\"><input type=\"text\" id=\"quform_23_61_a8a8e8\" name=\"quform_23_61\" class=\"quform-field quform-field-text quform-field-23_61\" placeholder=\"TELEFONO\" \/><\/div><\/div><\/div><\/div><\/div><\/div><div class=\"quform-element quform-element-row quform-element-row-23_109 quform-3-columns quform-element-row-size-fixed quform-responsive-columns-phone-landscape\"><div class=\"quform-element quform-element-column quform-element-23_110\"><div class=\"quform-element quform-element-email quform-element-23_115 quform-cf quform-labels-inside quform-element-required\"><div class=\"quform-spacer\"><div class=\"quform-inner quform-inner-email quform-inner-23_115 quform-field-size-slim\"><div class=\"quform-input quform-input-email quform-input-23_115 quform-cf\"><input type=\"email\" id=\"quform_23_115_a8a8e8\" name=\"quform_23_115\" class=\"quform-field quform-field-email quform-field-23_115\" placeholder=\"E-MAIL\" \/><\/div><\/div><\/div><\/div><\/div><div class=\"quform-element quform-element-column quform-element-23_113\"><div class=\"quform-element quform-element-text quform-element-23_112 quform-cf quform-labels-inside quform-element-required\"><div class=\"quform-spacer\"><div class=\"quform-inner quform-inner-text quform-inner-23_112 quform-field-size-slim\"><div class=\"quform-input quform-input-text quform-input-23_112 quform-cf\"><input type=\"text\" id=\"quform_23_112_a8a8e8\" name=\"quform_23_112\" class=\"quform-field quform-field-text quform-field-23_112\" placeholder=\"CITT\u00c0\" \/><\/div><\/div><\/div><\/div><\/div><div class=\"quform-element quform-element-column quform-element-23_116\"><div class=\"quform-element quform-element-text quform-element-23_117 quform-cf quform-labels-inside quform-element-required\"><div class=\"quform-spacer\"><div class=\"quform-inner quform-inner-text quform-inner-23_117 quform-field-size-slim\"><div class=\"quform-input quform-input-text quform-input-23_117 quform-cf\"><input type=\"text\" id=\"quform_23_117_a8a8e8\" name=\"quform_23_117\" class=\"quform-field quform-field-text quform-field-23_117\" placeholder=\"PAESE\" \/><\/div><\/div><\/div><\/div><\/div><\/div><div class=\"quform-element quform-element-row quform-element-row-23_46 quform-1-columns quform-element-row-size-fixed quform-responsive-columns-phone-landscape\"><div class=\"quform-element quform-element-column quform-element-23_47\"><div class=\"quform-element quform-element-text quform-element-23_106 quform-cf quform-labels-inside quform-element-optional\"><div class=\"quform-spacer\"><div class=\"quform-inner quform-inner-text quform-inner-23_106 quform-field-size-slim\"><div class=\"quform-input quform-input-text quform-input-23_106 quform-cf\"><input type=\"text\" id=\"quform_23_106_a8a8e8\" name=\"quform_23_106\" class=\"quform-field quform-field-text quform-field-23_106\" placeholder=\"WEB\" \/><\/div><\/div><\/div><\/div><\/div><\/div><div class=\"quform-element quform-element-row quform-element-row-23_69 quform-1-columns quform-element-row-size-fixed quform-responsive-columns-phone-landscape\"><div class=\"quform-element quform-element-column quform-element-23_70\"><div class=\"quform-element quform-element-textarea quform-element-23_29 quform-cf quform-labels-inside quform-element-optional\"><div class=\"quform-spacer\"><div class=\"quform-inner quform-inner-textarea quform-inner-23_29 quform-field-size-slim\"><div class=\"quform-input quform-input-textarea quform-input-23_29 quform-cf\"><textarea id=\"quform_23_29_a8a8e8\" name=\"quform_23_29\" class=\"quform-field quform-field-textarea quform-field-23_29\" placeholder=\"Parlaci brevemente della tua azienda\"><\/textarea><\/div><\/div><\/div><\/div><\/div><\/div><\/div><\/div><div class=\"quform-element quform-element-row quform-element-row-23_78 quform-1-columns quform-element-row-size-fixed quform-responsive-columns-phone-landscape\"><div class=\"quform-element quform-element-column quform-element-23_79\"><div class=\"quform-element quform-element-html quform-element-23_108 quform-cf\"><div class=\"quform-spacer\"><strong>Valuteremo rapidamente la tua candidatura e ti contatteremo personalmente in modo che tu possa avere successo con questa opportunit\u00e0 commerciale il prima possibile.<\/strong><\/div><\/div><\/div><\/div><div class=\"quform-element quform-element-row quform-element-row-23_97 quform-1-columns quform-element-row-size-fixed quform-responsive-columns-phone-landscape\"><div class=\"quform-element quform-element-column quform-element-23_98\"><div class=\"quform-element quform-element-checkbox quform-element-23_100 quform-cf quform-element-required\"><div class=\"quform-spacer\"><div class=\"quform-label quform-label-23_100\"><label class=\"quform-label-text\" id=\"quform_23_100_a8a8e8_label\">Pol\u00edtica de privacidad<span class=\"quform-required\">*<\/span><\/label><\/div><div class=\"quform-inner quform-inner-checkbox quform-inner-23_100 quform-field-size-slim\"><div class=\"quform-input quform-input-checkbox quform-input-23_100 quform-cf\"><div class=\"quform-options quform-cf quform-options-block quform-options-simple\" role=\"group\" aria-labelledby=\"quform_23_100_a8a8e8_label\"><div class=\"quform-option\"><input type=\"checkbox\" name=\"quform_23_100[]\" id=\"quform_23_100_a8a8e8_1\" class=\"quform-field quform-field-checkbox quform-field-23_100 quform-field-23_100_1\" value=\"Sono qui e accetto le condizioni legali\" \/><label for=\"quform_23_100_a8a8e8_1\" class=\"quform-option-label quform-option-label-23_100_1\"><span class=\"quform-option-text\">Sono qui e accetto le condizioni legali<\/span><\/label><\/div><\/div><\/div><\/div><\/div><\/div><div class=\"quform-element quform-element-checkbox quform-element-23_101 quform-cf quform-element-optional\"><div class=\"quform-spacer\"><div class=\"quform-label quform-label-23_101\"><label class=\"quform-label-text\" id=\"quform_23_101_a8a8e8_label\">Publicidad<\/label><\/div><div class=\"quform-inner quform-inner-checkbox quform-inner-23_101 quform-field-size-slim\"><div class=\"quform-input quform-input-checkbox quform-input-23_101 quform-cf\"><div class=\"quform-options quform-cf quform-options-block quform-options-simple\" role=\"group\" aria-labelledby=\"quform_23_101_a8a8e8_label\"><div class=\"quform-option\"><input type=\"checkbox\" name=\"quform_23_101[]\" id=\"quform_23_101_a8a8e8_1\" class=\"quform-field quform-field-checkbox quform-field-23_101 quform-field-23_101_1\" value=\"Accetto di ricevere informazioni da Humicontrol SL e Partner per rispondere alla mia richiesta\" \/><label for=\"quform_23_101_a8a8e8_1\" class=\"quform-option-label quform-option-label-23_101_1\"><span class=\"quform-option-text\">Accetto di ricevere informazioni da Humicontrol SL e Partner per rispondere alla mia richiesta<\/span><\/label><\/div><\/div><\/div><\/div><\/div><\/div><\/div><\/div><div class=\"quform-element quform-element-submit quform-element-23_2 quform-cf quform-button-style-theme quform-button-width-medium\"><div class=\"quform-button-submit quform-button-submit-default quform-button-submit-23_2 quform-button-icon-right\"><button name=\"quform_submit\" type=\"submit\" class=\"quform-submit\" value=\"submit\"><span class=\"quform-button-text quform-button-submit-text\">Invia<\/span><span class=\"quform-button-icon quform-button-submit-icon\"><i class=\"fa fa-chevron-right\"><\/i><\/span><\/button><\/div><div class=\"quform-loading quform-loading-position-left quform-loading-type-spinner-1\"><div class=\"quform-loading-inner\"><div class=\"quform-loading-spinner\"><div class=\"quform-loading-spinner-inner\"><\/div><\/div><\/div><\/div><\/div><div class=\"quform-element-tree\"><label for=\"quform_23_0_a8a8e8\">This field should be left blank<\/label><input type=\"text\" id=\"quform_23_0_a8a8e8\" name=\"quform_23_0\" class=\"quform-field quform-field-tree quform-field-23_0\" tabindex=\"-1\" autocomplete=\"off\" \/><\/div><\/div><\/div><\/div><\/div><\/form><\/div>[\/et_pb_code][\/et_pb_column][\/et_pb_row][\/et_pb_section]<\/p>\n","protected":false},"excerpt":{"rendered":"<p>PARTNER Se la vostra azienda \u00e8 specializzata nel trattamento dell&#8217;umidit\u00e0 di risalita, ecco una buona opportunit\u00e0 di business per voiUn&#8217;opportunit\u00e0 di business con tecnologia all&#8217;avanguardiaSe la tua azienda \u00e8 specializzata nel trattamento dell&#8217;umidit\u00e0 di risalita, hai un sito web dedicato a questa patologia e vuoi lavorare con la tecnologia pi\u00f9 avanzata, devi solo compilare il [&hellip;]<\/p>\n","protected":false},"author":2,"featured_media":0,"parent":0,"menu_order":0,"comment_status":"closed","ping_status":"closed","template":"","meta":{"_et_pb_use_builder":"on","_et_pb_old_content":"","_et_gb_content_width":"","footnotes":""},"class_list":["post-233500","page","type-page","status-publish","hentry"],"_links":{"self":[{"href":"https:\/\/humicontrol.com\/it\/wp-json\/wp\/v2\/pages\/233500","targetHints":{"allow":["GET"]}}],"collection":[{"href":"https:\/\/humicontrol.com\/it\/wp-json\/wp\/v2\/pages"}],"about":[{"href":"https:\/\/humicontrol.com\/it\/wp-json\/wp\/v2\/types\/page"}],"author":[{"embeddable":true,"href":"https:\/\/humicontrol.com\/it\/wp-json\/wp\/v2\/users\/2"}],"replies":[{"embeddable":true,"href":"https:\/\/humicontrol.com\/it\/wp-json\/wp\/v2\/comments?post=233500"}],"version-history":[{"count":0,"href":"https:\/\/humicontrol.com\/it\/wp-json\/wp\/v2\/pages\/233500\/revisions"}],"wp:attachment":[{"href":"https:\/\/humicontrol.com\/it\/wp-json\/wp\/v2\/media?parent=233500"}],"curies":[{"name":"wp","href":"https:\/\/api.w.org\/{rel}","templated":true}]}}