{"id":233510,"date":"2022-03-18T02:34:06","date_gmt":"2022-03-18T02:34:06","guid":{"rendered":"https:\/\/humicontrol.negociactiu.cat\/ramon-mestre\/"},"modified":"2022-10-12T18:55:31","modified_gmt":"2022-10-12T18:55:31","slug":"ramon-mestre","status":"publish","type":"page","link":"https:\/\/humicontrol.com\/it\/ramon-mestre\/","title":{"rendered":"Ramon Mestre"},"content":{"rendered":"<p>[et_pb_section fb_built=&#8221;1&#8243; inner_shadow=&#8221;on&#8221; next_background_color=&#8221;#ffffff&#8221; _builder_version=&#8221;4.16&#8243; background_color=&#8221;#c6c6c6&#8243; background_image=&#8221;https:\/\/humicontrol.com\/wp-content\/uploads\/2022\/03\/slide-ramon-mestre.jpg&#8221; background_position=&#8221;bottom_center&#8221; background_vertical_offset=&#8221;30%&#8221; background_blend=&#8221;overlay&#8221; min_height=&#8221;360px&#8221; height=&#8221;360px&#8221; max_height=&#8221;360px&#8221; custom_margin=&#8221;0px||||false|false&#8221; custom_padding=&#8221;50px||50px||true|false&#8221; bottom_divider_style=&#8221;asymmetric2&#8243; bottom_divider_flip=&#8221;horizontal&#8221; locked=&#8221;off&#8221; global_colors_info=&#8221;{}&#8221;][et_pb_row column_structure=&#8221;1_2,1_2&#8243; make_equal=&#8221;on&#8221; _builder_version=&#8221;4.16&#8243; custom_padding=&#8221;0px||0px|||&#8221; global_colors_info=&#8221;{}&#8221;][et_pb_column type=&#8221;1_2&#8243; _builder_version=&#8221;4.16&#8243; background_enable_color=&#8221;off&#8221; pac_dcm_carousel_specific_module_num=&#8221;0&#8243; global_colors_info=&#8221;{}&#8221;][et_pb_text _builder_version=&#8221;4.17.6&#8243; text_font=&#8221;||||||||&#8221; text_text_color=&#8221;#000000&#8243; text_font_size=&#8221;24px&#8221; text_line_height=&#8221;1.2em&#8221; header_font=&#8221;|800|||||||&#8221; background_enable_color=&#8221;off&#8221; custom_margin=&#8221;||20px||false|false&#8221; custom_padding=&#8221;25px|0px||0px|false|false&#8221; text_font_size_tablet=&#8221;24px&#8221; text_font_size_phone=&#8221;16px&#8221; text_font_size_last_edited=&#8221;on|phone&#8221; header_font_size_tablet=&#8221;&#8221; header_font_size_phone=&#8221;30px&#8221; header_font_size_last_edited=&#8221;on|desktop&#8221; global_colors_info=&#8221;{}&#8221;]<\/p>\n<h1>Ramon Mestre<\/h1>\n<p>Sono il CEO di Humicontrol<br \/>\ne la mia vita \u00e8 sempre stata legata<br \/>\nal mondo dell&#8217;umidit\u00e0[\/et_pb_text][\/et_pb_column][et_pb_column type=&#8221;1_2&#8243; _builder_version=&#8221;4.16&#8243; pac_dcm_carousel_specific_module_num=&#8221;0&#8243; global_colors_info=&#8221;{}&#8221;][\/et_pb_column][\/et_pb_row][\/et_pb_section][et_pb_section fb_built=&#8221;1&#8243; _builder_version=&#8221;4.16&#8243; custom_padding=&#8221;85px||40px||false|&#8221; border_width_top=&#8221;1px&#8221; locked=&#8221;off&#8221; global_colors_info=&#8221;{}&#8221;][et_pb_row column_structure=&#8221;1_2,1_2&#8243; _builder_version=&#8221;4.16&#8243; background_color=&#8221;rgba(203,187,160,0.1)&#8221; global_colors_info=&#8221;{}&#8221;][et_pb_column type=&#8221;1_2&#8243; _builder_version=&#8221;4.16&#8243; custom_padding=&#8221;30px|||30px|false|false&#8221; pac_dcm_carousel_specific_module_num=&#8221;0&#8243; global_colors_info=&#8221;{}&#8221;][et_pb_text _builder_version=&#8221;4.17.6&#8243; header_3_font=&#8221;|700|||||||&#8221; header_3_font_size=&#8221;36px&#8221; custom_margin=&#8221;||0px||false|false&#8221; custom_padding=&#8221;||11px|||&#8221; global_colors_info=&#8221;{}&#8221;]<\/p>\n<h3 style=\"text-align: left;\">Cerco nella mia <strong>casella di memoria<\/strong><\/h3>\n<p>[\/et_pb_text][et_pb_text _builder_version=&#8221;4.17.6&#8243; text_orientation=&#8221;justified&#8221; custom_padding=&#8221;||0px|||&#8221; global_colors_info=&#8221;{}&#8221;]<\/p>\n<p style=\"text-align: justify;\">Ho trovato questo disegno che ho fatto diversi anni fa.<\/p>\n<p style=\"text-align: justify;\">Eccomi davanti a un muro di umidit\u00e0 in aumento, un igrometro in mano.<br \/>\n&#8220;Umidit\u00e0! S\u00ec? Evviva!&#8221;<\/p>\n<p style=\"text-align: justify;\">Sono Ramon Mestre, CEO di Humicontrol e, come puoi gi\u00e0 intuire, <strong>la mia vita \u00e8 sempre stata legata a questa particolare specialit\u00e0<\/strong> nel campo della ristrutturazione edilizia.<\/p>\n<p style=\"text-align: justify;\">Questo disegno \u00e8 stato realizzato quando avevo 8 anni e da allora ho avuto il tempo di imparare tutto sul mondo dell&#8217;umidit\u00e0 di risalita.<\/p>\n<p>[\/et_pb_text][\/et_pb_column][et_pb_column type=&#8221;1_2&#8243; _builder_version=&#8221;4.16&#8243; pac_dcm_carousel_specific_module_num=&#8221;0&#8243; global_colors_info=&#8221;{}&#8221;][et_pb_image src=&#8221;https:\/\/humicontrol.com\/wp-content\/uploads\/2022\/04\/DIBUIX-8-ANYS_horitzontal.jpg&#8221; title_text=&#8221;DIBUIX-8 ANYS_horitzontal&#8221; align=&#8221;center&#8221; _builder_version=&#8221;4.16.1&#8243; height=&#8221;311px&#8221; custom_margin=&#8221;-100px||||false|false&#8221; custom_margin_tablet=&#8221;0px||||false|false&#8221; custom_margin_phone=&#8221;0px||||false|false&#8221; custom_margin_last_edited=&#8221;on|tablet&#8221; custom_padding=&#8221;||||false|false&#8221; global_colors_info=&#8221;{}&#8221;][\/et_pb_image][\/et_pb_column][\/et_pb_row][et_pb_row _builder_version=&#8221;4.16.1&#8243; _module_preset=&#8221;default&#8221; global_colors_info=&#8221;{}&#8221;][et_pb_column type=&#8221;4_4&#8243; _builder_version=&#8221;4.16.1&#8243; _module_preset=&#8221;default&#8221; pac_dcm_carousel_specific_module_num=&#8221;0&#8243; global_colors_info=&#8221;{}&#8221;][et_pb_text _builder_version=&#8221;4.17.6&#8243; _module_preset=&#8221;default&#8221; hover_enabled=&#8221;0&#8243; global_colors_info=&#8221;{}&#8221; sticky_enabled=&#8221;0&#8243;]<\/p>\n<h3 style=\"text-align: center;\"><strong>Humedologist per vocazione<\/strong><\/h3>\n<p>Cose nella vita, c&#8217;\u00e8 chi fin dall&#8217;infanzia ha vissuto le piramidi d&#8217;Egitto come nessun altro ed \u00e8 diventato un egittologo.<\/p>\n<p>C&#8217;\u00e8 chi si \u00e8 dedicato al birdwatching fin dall&#8217;infanzia fino a diventare un famoso ornitologo.<br \/>E vedi, fin da piccolo ho notato l&#8217;umidit\u00e0 e <strong>sono diventato un &#8220;umidologo&#8221;.<\/strong><\/p>\n<p>In <strong>Humicontrol<\/strong> abbiamo dedicato tutte le nostre energie allo sviluppo di <strong>soluzioni tecnologiche<\/strong> per garantire che i nostri clienti non debbano mai pi\u00f9 soffrire di fondamenta umide negli scantinati e negli scantinati.<\/p>\n<p><strong>Il nuovo dispositivo di elettroosmosi wireless multifrequenza MURSEC ECO con SmartPolar\u00ae<\/strong> rappresenta una terza rivoluzione tecnologica nel trattamento dell&#8217;umidit\u00e0 nelle fondazioni dopo la gi\u00e0 nota tecnica MURSEC ECO di elettroosmosi wireless, il sistema MURSEC di elettroosmosi attiva e della tecnica TRABER di elettro-osmosi foresi, migliorando le prestazioni e riducendo i costi.<\/p>\n<p>Humicontrol sta crescendo in tutta Europa e in America Latina.<\/p>\n<p>Se ho imparato qualcosa in tutto questo tempo, \u00e8 che <strong>l&#8217;umidit\u00e0 \u00e8 un problema complesso.<\/strong><\/p>\n<p>Ed eccomi qui, per poter condividere con voi tutta la mia conoscenza ed esperienza in questo campo e, in definitiva, aiutarvi a risolvere i problemi di umidit\u00e0 del fondotinta.<\/p>\n<p>[\/et_pb_text][\/et_pb_column][\/et_pb_row][\/et_pb_section][et_pb_section fb_built=&#8221;1&#8243; fullwidth=&#8221;on&#8221; _builder_version=&#8221;4.16.1&#8243; _module_preset=&#8221;default&#8221; global_colors_info=&#8221;{}&#8221;][et_pb_fullwidth_image src=&#8221;https:\/\/humicontrol.com\/wp-content\/uploads\/2022\/04\/DIBUIX-8-ANYS_vertical-peu-de-text-gris.png&#8221; title_text=&#8221;DIBUIX-8 ANYS_vertical peu de text-gris&#8221; _builder_version=&#8221;4.16.1&#8243; _module_preset=&#8221;default&#8221; max_height=&#8221;330px&#8221; global_colors_info=&#8221;{}&#8221;][\/et_pb_fullwidth_image][\/et_pb_section]<\/p>\n","protected":false},"excerpt":{"rendered":"<p>Ramon Mestre Sono il CEO di Humicontrol e la mia vita \u00e8 sempre stata legata al mondo dell&#8217;umidit\u00e0Cerco nella mia casella di memoriaHo trovato questo disegno che ho fatto diversi anni fa. Eccomi davanti a un muro di umidit\u00e0 in aumento, un igrometro in mano. &#8220;Umidit\u00e0! S\u00ec? Evviva!&#8221; Sono Ramon Mestre, CEO di Humicontrol e, [&hellip;]<\/p>\n","protected":false},"author":2,"featured_media":0,"parent":0,"menu_order":0,"comment_status":"closed","ping_status":"closed","template":"","meta":{"_et_pb_use_builder":"on","_et_pb_old_content":"","_et_gb_content_width":"","footnotes":""},"class_list":["post-233510","page","type-page","status-publish","hentry"],"_links":{"self":[{"href":"https:\/\/humicontrol.com\/it\/wp-json\/wp\/v2\/pages\/233510","targetHints":{"allow":["GET"]}}],"collection":[{"href":"https:\/\/humicontrol.com\/it\/wp-json\/wp\/v2\/pages"}],"about":[{"href":"https:\/\/humicontrol.com\/it\/wp-json\/wp\/v2\/types\/page"}],"author":[{"embeddable":true,"href":"https:\/\/humicontrol.com\/it\/wp-json\/wp\/v2\/users\/2"}],"replies":[{"embeddable":true,"href":"https:\/\/humicontrol.com\/it\/wp-json\/wp\/v2\/comments?post=233510"}],"version-history":[{"count":0,"href":"https:\/\/humicontrol.com\/it\/wp-json\/wp\/v2\/pages\/233510\/revisions"}],"wp:attachment":[{"href":"https:\/\/humicontrol.com\/it\/wp-json\/wp\/v2\/media?parent=233510"}],"curies":[{"name":"wp","href":"https:\/\/api.w.org\/{rel}","templated":true}]}}