{"id":239968,"date":"2022-03-18T09:04:27","date_gmt":"2022-03-18T09:04:27","guid":{"rendered":"https:\/\/humicontrol.com\/avviso-legale\/"},"modified":"2025-01-13T09:48:23","modified_gmt":"2025-01-13T09:48:23","slug":"avviso-legale","status":"publish","type":"page","link":"https:\/\/humicontrol.com\/it\/avviso-legale\/","title":{"rendered":"Avviso legale"},"content":{"rendered":"<p>[et_pb_section fb_built=&#8221;1&#8243; _builder_version=&#8221;4.16.1&#8243; _module_preset=&#8221;default&#8221; global_colors_info=&#8221;{}&#8221;][et_pb_row _builder_version=&#8221;4.16.1&#8243; _module_preset=&#8221;default&#8221; global_colors_info=&#8221;{}&#8221;][et_pb_column type=&#8221;4_4&#8243; _builder_version=&#8221;4.16.1&#8243; _module_preset=&#8221;default&#8221; pac_dcm_carousel_specific_module_num=&#8221;0&#8243; global_colors_info=&#8221;{}&#8221;][et_pb_text _builder_version=&#8221;4.20.0&#8243; _module_preset=&#8221;default&#8221; hover_enabled=&#8221;0&#8243; sticky_enabled=&#8221;0&#8243;]<\/p>\n<p><span><nav aria-label=\"breadcrumbs\" class=\"rank-math-breadcrumb\"><p><span class=\"last\">Inicio<\/span><\/p><\/nav><\/span><\/p>\n<p>[\/et_pb_text][et_pb_text _builder_version=&#8221;4.16.1&#8243; _module_preset=&#8221;default&#8221; global_colors_info=&#8221;{}&#8221;]<\/p>\n<h1><strong>AVVISO LEGALE<\/strong><\/h1>\n<p>[\/et_pb_text][et_pb_text _builder_version=&#8221;4.16.1&#8243; _module_preset=&#8221;default&#8221; global_colors_info=&#8221;{}&#8221;]<\/p>\n<p><strong><span>B08708364<\/span> CLAUSOLE E NOTE LEGALI<\/strong> di www.humicontrol.com<\/p>\n<p><strong>1.- REGOLE DI UTILIZZO DEL SITO<\/strong>.<\/p>\n<ul>\n<li>1.1.- L&#8217;accesso a questo Sito \u00e8 di esclusiva responsabilit\u00e0 degli utenti.<\/li>\n<li>1.2.- L&#8217;accesso o la \u201cvisita\u201d a questo Sito Web non implica l&#8217;instaurazione di alcun rapporto commerciale tra Humicontrol SL e l&#8217;utente.<\/li>\n<li>1.3.- L&#8217;accesso e la navigazione nel presente Sito implica l&#8217;accettazione e la conoscenza delle avvertenze, delle note legali e delle condizioni d&#8217;uso ivi previste. A qualsiasi utente che sia contrario ad essi o non sia disposto a rispettarli \u00e8 vietato accedervi. <\/li>\n<\/ul>\n<p><strong>2.- ACCESSO AL SITO E SICUREZZA.<\/strong><\/p>\n<p>L\u2019utente si impegna ad utilizzare i servizi offerti nel presente sito web con diligenza, correttezza e liceit\u00e0 e si asterr\u00e0 espressamente dal compiere qualunque tipologia di azioni di seguito descritte:<\/p>\n<ul>\n<li>Utilizzare i servizi offerti su questo sito in modo contrario alle leggi, alla moralit\u00e0, all&#8217;ordine pubblico o ai buoni costumi.<\/li>\n<li>Riprodurre, copiare, distribuire, trasformare o modificare i servizi o il contenuto del sito web a meno che non si abbia espressa autorizzazione scritta da parte del proprietario del sito web. Qualora detta autorizzazione venga accettata, il soggetto autorizzato dovr\u00e0 sempre citare la fonte da cui proviene l&#8217;informazione. <\/li>\n<li>Violare i diritti di propriet\u00e0 intellettuale o industriale di Humicontrol SL<\/li>\n<li>Utilizzare i servizi e le informazioni ottenute attraverso il Sito per inviare pubblicit\u00e0, vendite dirette o qualsiasi altro tipo di scopo commerciale. L&#8217;utente sar\u00e0 responsabile di eventuali danni che Humicontrol SL potrebbe subire, direttamente o indirettamente, a causa del mancato rispetto degli obblighi derivanti dalle note legali o dalla legge in relazione all&#8217;utilizzo del Sito Web. <\/li>\n<\/ul>\n<p><strong>3.- ATTUALIT\u00c0 E MODIFICA DELL&#8217;INFORMATIVA<\/strong><\/p>\n<p>Le informazioni visualizzate su questo sito Web sono aggiornate alla data del suo ultimo aggiornamento. Humicontrol SL si riserva il diritto di aggiornare, modificare o cancellare le informazioni presenti su questo sito web e pu\u00f2 limitare o non consentire l&#8217;accesso a questo sito web. Questo sito web non pu\u00f2 essere alterato, cambiato, modificato o adattato. Tuttavia, Humicontrol SL si riserva il diritto di apportare, in qualsiasi momento, tutti i cambiamenti e le modifiche che ritenga opportune e potr\u00e0 avvalersi di tale potere in qualsiasi momento e senza preavviso.   <\/p>\n<p><strong>4.- DIRITTI DI PROPRIET\u00c0:<\/strong><\/p>\n<p>Tutti i contenuti del Sito Web, come testi, grafica, fotografie, loghi, icone e immagini, cos\u00ec come il design grafico, il codice sorgente e il software sono di propriet\u00e0 esclusiva di Humicontrol SL e sono soggetti a diritti di propriet\u00e0 intellettuale e industriale protetti. dalla normativa internazionale e nazionale, senza che possa intendersi che l&#8217;uso o l&#8217;accesso al sito web e\/o ai Servizi attribuisca all&#8217;Utente alcun diritto sui predetti marchi, nomi commerciali e\/o segni distintivi.<\/p>\n<p>\u00c8 severamente vietato l&#8217;utilizzo di tutti gli elementi di propriet\u00e0 intellettuale e industriale per scopi commerciali, nonch\u00e9 la loro distribuzione, modifica, alterazione o decompilazione.<\/p>\n<p>L&#8217;inosservanza di tali obblighi potr\u00e0 dar luogo a responsabilit\u00e0 penale, ai sensi del vigente codice penale e delle leggi speciali a tutela della propriet\u00e0 intellettuale e industriale.<\/p>\n<p><strong>5.- CLAUSOLA DI RISERVATEZZA E PROTEZIONE DEI DATI PERSONALI.<\/strong><\/p>\n<p>In conformit\u00e0 con le disposizioni del Nuovo Regolamento Generale sulla Protezione dei Dati, informiamo gli utenti che i dati personali forniti attraverso l&#8217;utilizzo dei moduli saranno inclusi nel trattamento dei dati dei clienti della societ\u00e0 Humicontrol, S.L. con CIF <span>B08708364<\/span>.<\/p>\n<p>Il sito web, attraverso i moduli di contatto, pu\u00f2 raccogliere dati personali quali: nome, indirizzo, indirizzo email o numero di telefono.<\/p>\n<p>Il nostro sito web utilizza le informazioni per fornire il miglior servizio possibile. Nello specifico per rispondere alle richieste di informazioni e di contatto che il cliente ci richiede e per inviare informazioni di interesse per l&#8217;utente. <\/p>\n<p>Humicontrol, S.L. tratter\u00e0 i predetti dati in formato elettronico, impegnandosi a mantenere la pi\u00f9 stretta riservatezza rispetto ai dati forniti dall&#8217;utente. Questi dati potranno essere utilizzati esclusivamente da Humicontrol, S.L. e per i collaboratori necessari all&#8217;erogazione del servizio. <\/p>\n<p>I dati forniti verranno conservati per tutto il tempo in cui verr\u00e0 mantenuto il rapporto commerciale o per gli anni necessari per adempiere agli obblighi di legge.<\/p>\n<p>L&#8217;utente potr\u00e0 esercitare il diritto di accesso, rettifica, opposizione o cancellazione quando non sia pi\u00f9 necessario per il mantenimento del rapporto commerciale, mediante richiesta tramite posta ordinaria a Humicontrol, S.L., c\/Padilla 240, interior, 08013 Barcelona o via e-mail elettronico <a href=\"mailto:info@humicontrol.com\">info@humicontrol.com<\/a>, inclusa una copia del DNI, NIE o documento di identificazione equivalente.<\/p>\n<p><strong>6.- ESCLUSIONE DI GARANZIE E RESPONSABILIT\u00c0.<\/strong><\/p>\n<p>Humicontrol SL non \u00e8 responsabile n\u00e9 garantisce che l&#8217;accesso a questo sito web sia ininterrotto o privo di errori. In nessun caso Humicontrol SL sar\u00e0 responsabile per perdite, danni o perdite di qualsiasi tipo che potrebbero derivare dall&#8217;accesso e dall&#8217;uso del Sito, inclusi (ma non limitati a) quelli causati ai sistemi informatici o quelli causati dall&#8217;introduzione di virus. Humicontrol SL non \u00e8 responsabile per eventuali danni che potrebbero essere causati agli utenti a causa di un uso improprio dello stesso.  <\/p>\n<p>Humicontrol SL non si assume alcuna responsabilit\u00e0 per eventuali discrepanze che potrebbero esistere tra i documenti stampati e la versione elettronica pubblicata su questo sito. In caso di discrepanza tra le due, prevarr\u00e0 la versione stampata. <\/p>\n<p>Humicontrol SL fa tutto il possibile per evitare eventuali errori nei contenuti che potrebbero apparire su questo sito Web; non garantisce n\u00e9 \u00e8 responsabile delle conseguenze che potrebbero derivare da errori nei contenuti che potrebbero apparire su questo sito Web.<\/p>\n<p>Humicontrol SL non si assume alcuna responsabilit\u00e0 per il contenuto di forum o dibattiti nel cyberspazio, bollettini o qualsiasi altro tipo di trasmissione, che siano collegati a questo sito web e collaborer\u00e0, se richiesto dall&#8217;autorit\u00e0 giudiziaria o dalle autorit\u00e0 competenti, nell&#8217;identificazione dei persone responsabili di contenuti che violano la legge. Le garanzie che Humicontrol SL offre per i suoi prodotti e le sue tecniche sono regolate dai contratti stabiliti al momento tra Humicontrol SL e i suoi clienti diretti. Tutte le informazioni pubblicate sul sito web di Humicontrol SL sono indicative. Humicontrol SL non \u00e8 responsabile per quelle condizioni che non sono state stabilite direttamente da Humicontrol SL.   <\/p>\n<p><strong>7.- GIURISDIZIONE E COMPETENZA.<\/strong><\/p>\n<p>In generale, i rapporti tra Humicontrol SL e i suoi clienti o utenti, derivanti dalla contrattazione dei prodotti e servizi contenuti in questo sito Web, sono soggetti alla legislazione e giurisdizione spagnola, e la stessa sar\u00e0 stabilita o applicata in caso di conflitto tra entrambe le parti. (Humicontrol SL e i suoi Clienti\/utenti). <\/p>\n<p>[\/et_pb_text][\/et_pb_column][\/et_pb_row][\/et_pb_section]<\/p>\n","protected":false},"excerpt":{"rendered":"<p><nav aria-label=\"breadcrumbs\" class=\"rank-math-breadcrumb\"><p><span class=\"last\">Inicio<\/span><\/p><\/nav>AVVISO LEGALEB08708364 CLAUSOLE E NOTE LEGALI di www.humicontrol.com 1.- REGOLE DI UTILIZZO DEL SITO. 1.1.- L&#8217;accesso a questo Sito \u00e8 di esclusiva responsabilit\u00e0 degli utenti. 1.2.- L&#8217;accesso o la \u201cvisita\u201d a questo Sito Web non implica l&#8217;instaurazione di alcun rapporto commerciale tra Humicontrol SL e l&#8217;utente. 1.3.- L&#8217;accesso e la navigazione nel presente Sito implica [&hellip;]<\/p>\n","protected":false},"author":2,"featured_media":0,"parent":0,"menu_order":0,"comment_status":"closed","ping_status":"closed","template":"","meta":{"_et_pb_use_builder":"on","_et_pb_old_content":"","_et_gb_content_width":"","footnotes":""},"class_list":["post-239968","page","type-page","status-publish","hentry"],"_links":{"self":[{"href":"https:\/\/humicontrol.com\/it\/wp-json\/wp\/v2\/pages\/239968","targetHints":{"allow":["GET"]}}],"collection":[{"href":"https:\/\/humicontrol.com\/it\/wp-json\/wp\/v2\/pages"}],"about":[{"href":"https:\/\/humicontrol.com\/it\/wp-json\/wp\/v2\/types\/page"}],"author":[{"embeddable":true,"href":"https:\/\/humicontrol.com\/it\/wp-json\/wp\/v2\/users\/2"}],"replies":[{"embeddable":true,"href":"https:\/\/humicontrol.com\/it\/wp-json\/wp\/v2\/comments?post=239968"}],"version-history":[{"count":0,"href":"https:\/\/humicontrol.com\/it\/wp-json\/wp\/v2\/pages\/239968\/revisions"}],"wp:attachment":[{"href":"https:\/\/humicontrol.com\/it\/wp-json\/wp\/v2\/media?parent=239968"}],"curies":[{"name":"wp","href":"https:\/\/api.w.org\/{rel}","templated":true}]}}