{"id":242147,"date":"2022-03-18T09:04:27","date_gmt":"2022-03-18T09:04:27","guid":{"rendered":"https:\/\/humicontrol.com\/aviso-legal\/"},"modified":"2024-10-01T10:46:06","modified_gmt":"2024-10-01T10:46:06","slug":"aviso-legal","status":"publish","type":"page","link":"https:\/\/humicontrol.com\/pt-pt\/aviso-legal\/","title":{"rendered":"Aviso legal"},"content":{"rendered":"<p>[et_pb_section fb_built=&#8221;1&#8243; _builder_version=&#8221;4.16.1&#8243; _module_preset=&#8221;default&#8221; global_colors_info=&#8221;{}&#8221;][et_pb_row _builder_version=&#8221;4.16.1&#8243; _module_preset=&#8221;default&#8221; global_colors_info=&#8221;{}&#8221;][et_pb_column type=&#8221;4_4&#8243; _builder_version=&#8221;4.16.1&#8243; _module_preset=&#8221;default&#8221; pac_dcm_carousel_specific_module_num=&#8221;0&#8243; global_colors_info=&#8221;{}&#8221;][et_pb_text _builder_version=&#8221;4.20.0&#8243; _module_preset=&#8221;default&#8221; global_colors_info=&#8221;{}&#8221;]<\/p>\n<p><span><nav aria-label=\"breadcrumbs\" class=\"rank-math-breadcrumb\"><p><span class=\"last\">Inicio<\/span><\/p><\/nav><\/span><\/p>\n<p>[\/et_pb_text][et_pb_text _builder_version=&#8221;4.16.1&#8243; _module_preset=&#8221;default&#8221; global_colors_info=&#8221;{}&#8221;]<\/p>\n<h1><strong>AVISO LEGAL<\/strong><\/h1>\n<p>[\/et_pb_text][et_pb_text _builder_version=&#8221;4.27.0&#8243; _module_preset=&#8221;default&#8221; hover_enabled=&#8221;0&#8243; global_colors_info=&#8221;{}&#8221; sticky_enabled=&#8221;0&#8243;]<strong>CL\u00c1USULAS LEGAIS E AVISO<\/strong> de www.humicontrol.com<\/p>\n<p><strong>1.- NORMAS DE UTILIZA\u00c7\u00c3O DO SITE<\/strong>.<\/p>\n<ul>\n<li>1.1.- O acesso a este Site \u00e9 da exclusiva responsabilidade dos utilizadores.<\/li>\n<li>1.2.- O acesso ou \u201cvisita\u201d a este Site n\u00e3o implica o estabelecimento de qualquer rela\u00e7\u00e3o comercial com a Humicontrol SL e o utilizador.<\/li>\n<li>1.3.- O acesso e navega\u00e7\u00e3o neste Site implica a aceita\u00e7\u00e3o e conhecimento dos avisos, avisos legais e condi\u00e7\u00f5es de utiliza\u00e7\u00e3o nele previstos. Qualquer utilizador que seja contra eles ou n\u00e3o esteja disposto a cumpri-los est\u00e1 proibido de aceder ao mesmo.<\/li>\n<\/ul>\n<p><strong>2.- ACESSO AO SITE E SEGURAN\u00c7A.<\/strong><\/p>\n<p>O utilizador compromete-se a utilizar os servi\u00e7os oferecidos neste site de forma diligente, correta e l\u00edcita e abster-se-\u00e1 expressamente de realizar qualquer tipo de a\u00e7\u00f5es abaixo descritas:<\/p>\n<ul>\n<li>Utilizar os servi\u00e7os oferecidos neste site de forma contr\u00e1ria \u00e0s leis, \u00e0 moral, \u00e0 ordem p\u00fablica ou aos bons costumes.<\/li>\n<li>Reproduzir, copiar, distribuir, transformar ou modificar os servi\u00e7os ou conte\u00fados do site, a menos que tenha autoriza\u00e7\u00e3o expressa por escrito do propriet\u00e1rio do site. Se a referida autoriza\u00e7\u00e3o for aceite, a parte autorizada dever\u00e1 sempre citar a fonte de onde prov\u00e9m a informa\u00e7\u00e3o.<\/li>\n<li>Viole os direitos de propriedade intelectual ou industrial da Humicontrol SL<\/li>\n<li>Utilizar os servi\u00e7os e informa\u00e7\u00f5es obtidas atrav\u00e9s do Site para o envio de publicidade, vendas diretas ou qualquer outro tipo de finalidade comercial. O utilizador ser\u00e1 respons\u00e1vel por quaisquer danos que a Humicontrol SL possa sofrer, direta ou indiretamente, como consequ\u00eancia do incumprimento das obriga\u00e7\u00f5es derivadas do aviso legal ou da lei em rela\u00e7\u00e3o \u00e0 utiliza\u00e7\u00e3o do Site.<\/li>\n<\/ul>\n<p><strong>3.- ATUALIZA\u00c7\u00c3O E MODIFICA\u00c7\u00c3O DA INFORMA\u00c7\u00c3O<\/strong><\/p>\n<p>As informa\u00e7\u00f5es que aparecem neste site s\u00e3o atuais \u00e0 data da sua \u00faltima atualiza\u00e7\u00e3o. A Humicontrol SL reserva-se o direito de atualizar, modificar ou eliminar a informa\u00e7\u00e3o deste site, podendo limitar ou n\u00e3o permitir o acesso a este site. Este site n\u00e3o pode ser alterado, alterado, modificado ou adaptado. No entanto, a Humicontrol SL reserva-se o direito de proceder, a qualquer momento, \u00e0s altera\u00e7\u00f5es e modifica\u00e7\u00f5es que considere oportunas, podendo fazer uso de tal poder a qualquer momento e sem aviso pr\u00e9vio.<\/p>\n<p><strong>4.- DIREITOS DE PROPRIEDADE:<\/strong><\/p>\n<p>Todos os conte\u00fados do Site, tais como textos, gr\u00e1ficos, fotografias, log\u00f3tipos, \u00edcones e imagens, bem como o design gr\u00e1fico, c\u00f3digo fonte e software s\u00e3o propriedade exclusiva da Humicontrol SL e est\u00e3o sujeitos a direitos de propriedade intelectual e industrial protegidos. internacional e nacional, sem que se entenda que a utiliza\u00e7\u00e3o ou acesso ao site e\/ou aos Servi\u00e7os atribui ao Utilizador qualquer direito sobre as referidas marcas, nomes comerciais e\/ou sinais distintivos.<\/p>\n<p>\u00c9 expressamente proibida a utiliza\u00e7\u00e3o de todos os elementos da propriedade intelectual e industrial para fins comerciais, bem como a sua distribui\u00e7\u00e3o, modifica\u00e7\u00e3o, altera\u00e7\u00e3o ou descompila\u00e7\u00e3o.<\/p>\n<p>O incumprimento de tais obriga\u00e7\u00f5es poder\u00e1 dar origem a responsabilidade criminal, de acordo com o c\u00f3digo penal vigente e leis especiais de protec\u00e7\u00e3o da propriedade intelectual e industrial.<\/p>\n<p><strong>5.- CL\u00c1USULA DE CONFIDENCIALIDADE E PROTE\u00c7\u00c3O DE DADOS PESSOAIS.<\/strong><\/p>\n<p>Em cumprimento do disposto no Novo Regulamento Geral de Prote\u00e7\u00e3o de Dados, informamos os utilizadores que os seus dados pessoais fornecidos atrav\u00e9s da utiliza\u00e7\u00e3o de formul\u00e1rios ser\u00e3o inclu\u00eddos no tratamento de dados de clientes da empresa Humicontrol, S.L. com CIF <span>B08708364<\/span>.<\/p>\n<p>O site, atrav\u00e9s dos formul\u00e1rios de contacto, poder\u00e1 recolher dados pessoais tais como: nome, morada, endere\u00e7o de email ou n\u00famero de telefone.<\/p>\n<p>O nosso site utiliza as informa\u00e7\u00f5es para prestar o melhor servi\u00e7o poss\u00edvel. Especificamente para responder aos pedidos de informa\u00e7\u00e3o e contacto que o cliente nos solicita e para enviar informa\u00e7\u00e3o de interesse para o utilizador.<\/p>\n<p>Humicontrol, S.L. processar\u00e1 os referidos dados por via eletr\u00f3nica, comprometendo-se a manter a mais estrita confidencialidade em rela\u00e7\u00e3o aos dados fornecidos pelo utilizador. Estes dados apenas podem ser utilizados pela Humicontrol, S.L. e pelos colaboradores necess\u00e1rios \u00e0 presta\u00e7\u00e3o do servi\u00e7o.<\/p>\n<p>Os dados fornecidos ser\u00e3o conservados enquanto se mantiver a rela\u00e7\u00e3o comercial ou durante os anos necess\u00e1rios ao cumprimento das obriga\u00e7\u00f5es legais.<\/p>\n<p>O utilizador poder\u00e1 exercer o seu direito de acesso, retifica\u00e7\u00e3o, oposi\u00e7\u00e3o ou cancelamento quando j\u00e1 n\u00e3o for necess\u00e1rio para a manuten\u00e7\u00e3o da rela\u00e7\u00e3o comercial, mediante pedido por correio postal para Humicontrol, S.L., c\/Padilla 240, interior, 08013 Barcelona ou por email e -mail <a href=\"mailto:info@humicontrol.com\">info@humicontrol.com<\/a>, incluindo c\u00f3pia do DNI, NIE ou documento de identifica\u00e7\u00e3o equivalente.<\/p>\n<p><strong>6.- EXCLUS\u00c3O DE GARANTIAS E RESPONSABILIDADE.<\/strong><\/p>\n<p>A Humicontrol SL n\u00e3o se responsabiliza nem garante que o acesso a este site seja ininterrupto ou isento de erros. Em caso algum a Humicontrol SL ser\u00e1 respons\u00e1vel pelas perdas, danos ou preju\u00edzos de qualquer esp\u00e9cie que possam surgir do acesso e utiliza\u00e7\u00e3o do Site, incluindo (mas n\u00e3o se limitando a) os causados \u200b\u200b\u200b\u200baos sistemas inform\u00e1ticos ou os causados \u200b\u200b\u200b\u200bpela introdu\u00e7\u00e3o de v\u00edrus. A Humicontrol SL n\u00e3o se responsabiliza por quaisquer danos que possam ser causados \u200b\u200baos utilizadores devido ao uso indevido do mesmo.<\/p>\n<p>A Humicontrol SL n\u00e3o assume qualquer responsabilidade por quaisquer discrep\u00e2ncias que possam existir entre os documentos impressos e a vers\u00e3o eletr\u00f3nica publicada neste site. Em caso de discrep\u00e2ncia entre ambos, prevalecer\u00e1 a vers\u00e3o impressa.<\/p>\n<p>A Humicontrol SL faz todos os esfor\u00e7os para evitar quaisquer erros no conte\u00fado que possam aparecer neste site, n\u00e3o garante nem se responsabiliza pelas consequ\u00eancias que possam surgir dos erros no conte\u00fado que possam aparecer neste site.<\/p>\n<p>A Humicontrol SL n\u00e3o se responsabiliza pelo conte\u00fado de qualquer f\u00f3rum ou debate no ciberespa\u00e7o, boletins ou qualquer outro tipo de transmiss\u00e3o, que estejam ligados a este site e cooperar\u00e1, se tal for exigido pela autoridade judicial ou pelas autoridades competentes, na identifica\u00e7\u00e3o das pessoas respons\u00e1veis por conte\u00fado que viole a lei. As garantias que a Humicontrol SL oferece para os seus produtos e t\u00e9cnicas regem-se pelos contratos ent\u00e3o estabelecidos entre a Humicontrol SL e os seus clientes diretos. Todas as informa\u00e7\u00f5es publicadas no site da Humicontrol SL s\u00e3o indicativas. A Humicontrol SL n\u00e3o se responsabiliza pelas condi\u00e7\u00f5es que n\u00e3o tenham sido estabelecidas diretamente pela Humicontrol SL.<\/p>\n<p><strong>7.- JURISDI\u00c7\u00c3O E COMPET\u00caNCIA.<\/strong><\/p>\n<p>Em geral, as rela\u00e7\u00f5es entre a Humicontrol SL e os seus clientes ou utilizadores, derivadas da contrata\u00e7\u00e3o dos produtos e servi\u00e7os contidos neste Site, est\u00e3o sujeitas \u00e0 legisla\u00e7\u00e3o e jurisdi\u00e7\u00e3o espanhola, e as mesmas ser\u00e3o estabelecidas ou aplicadas em caso de conflito entre ambas as partes . (Humicontrol SL e seus Clientes\/utilizadores).[\/et_pb_text][\/et_pb_column][\/et_pb_row][\/et_pb_section]<\/p>\n","protected":false},"excerpt":{"rendered":"<p><nav aria-label=\"breadcrumbs\" class=\"rank-math-breadcrumb\"><p><span class=\"last\">Inicio<\/span><\/p><\/nav>AVISO LEGALCL\u00c1USULAS LEGAIS E AVISO de www.humicontrol.com 1.- NORMAS DE UTILIZA\u00c7\u00c3O DO SITE. 1.1.- O acesso a este Site \u00e9 da exclusiva responsabilidade dos utilizadores. 1.2.- O acesso ou \u201cvisita\u201d a este Site n\u00e3o implica o estabelecimento de qualquer rela\u00e7\u00e3o comercial com a Humicontrol SL e o utilizador. 1.3.- O acesso e navega\u00e7\u00e3o neste Site [&hellip;]<\/p>\n","protected":false},"author":2,"featured_media":0,"parent":0,"menu_order":0,"comment_status":"closed","ping_status":"closed","template":"","meta":{"_et_pb_use_builder":"on","_et_pb_old_content":"<!-- wp:divi\/placeholder \/-->","_et_gb_content_width":"","footnotes":""},"class_list":["post-242147","page","type-page","status-publish","hentry"],"_links":{"self":[{"href":"https:\/\/humicontrol.com\/pt-pt\/wp-json\/wp\/v2\/pages\/242147","targetHints":{"allow":["GET"]}}],"collection":[{"href":"https:\/\/humicontrol.com\/pt-pt\/wp-json\/wp\/v2\/pages"}],"about":[{"href":"https:\/\/humicontrol.com\/pt-pt\/wp-json\/wp\/v2\/types\/page"}],"author":[{"embeddable":true,"href":"https:\/\/humicontrol.com\/pt-pt\/wp-json\/wp\/v2\/users\/2"}],"replies":[{"embeddable":true,"href":"https:\/\/humicontrol.com\/pt-pt\/wp-json\/wp\/v2\/comments?post=242147"}],"version-history":[{"count":0,"href":"https:\/\/humicontrol.com\/pt-pt\/wp-json\/wp\/v2\/pages\/242147\/revisions"}],"wp:attachment":[{"href":"https:\/\/humicontrol.com\/pt-pt\/wp-json\/wp\/v2\/media?parent=242147"}],"curies":[{"name":"wp","href":"https:\/\/api.w.org\/{rel}","templated":true}]}}