{"id":242174,"date":"2022-10-05T08:54:25","date_gmt":"2022-10-05T06:54:25","guid":{"rendered":"https:\/\/humicontrol.com\/gracias-por-contactar\/"},"modified":"2024-10-02T08:45:23","modified_gmt":"2024-10-02T08:45:23","slug":"obrigado-por-entrar-em-contacto","status":"publish","type":"page","link":"https:\/\/humicontrol.com\/pt-pt\/obrigado-por-entrar-em-contacto\/","title":{"rendered":"Obrigado por entrar em contacto"},"content":{"rendered":"<p>[et_pb_section fb_built=&#8221;1&#8243; _builder_version=&#8221;4.17.6&#8243; _module_preset=&#8221;default&#8221; global_colors_info=&#8221;{}&#8221;][et_pb_row _builder_version=&#8221;4.17.6&#8243; _module_preset=&#8221;default&#8221; global_colors_info=&#8221;{}&#8221;][et_pb_column type=&#8221;4_4&#8243; _builder_version=&#8221;4.17.6&#8243; _module_preset=&#8221;default&#8221; pac_dcm_carousel_specific_module_num=&#8221;0&#8243; global_colors_info=&#8221;{}&#8221;][et_pb_text _builder_version=&#8221;4.20.0&#8243; _module_preset=&#8221;default&#8221; global_colors_info=&#8221;{}&#8221;]<\/p>\n<p><span><nav aria-label=\"breadcrumbs\" class=\"rank-math-breadcrumb\"><p><span class=\"last\">Inicio<\/span><\/p><\/nav><\/span><\/p>\n<p>[\/et_pb_text][et_pb_text _builder_version=&#8221;4.27.0&#8243; _module_preset=&#8221;default&#8221; text_font=&#8221;|700|||||||&#8221; text_font_size=&#8221;20px&#8221; text_orientation=&#8221;center&#8221; hover_enabled=&#8221;0&#8243; global_colors_info=&#8221;{}&#8221; sticky_enabled=&#8221;0&#8243;]Obrigado por entrar em contacto.<\/p>\n<p>A sua solicita\u00e7\u00e3o ser\u00e1 atendida o mais breve poss\u00edvel.[\/et_pb_text][\/et_pb_column][\/et_pb_row][\/et_pb_section]<\/p>\n","protected":false},"excerpt":{"rendered":"<p><nav aria-label=\"breadcrumbs\" class=\"rank-math-breadcrumb\"><p><span class=\"last\">Inicio<\/span><\/p><\/nav>Obrigado por entrar em contacto. A sua solicita\u00e7\u00e3o ser\u00e1 atendida o mais breve poss\u00edvel.<\/p>\n","protected":false},"author":2,"featured_media":0,"parent":0,"menu_order":0,"comment_status":"closed","ping_status":"closed","template":"","meta":{"_et_pb_use_builder":"on","_et_pb_old_content":"[et_pb_section fb_built=\"1\" _builder_version=\"4.17.6\" _module_preset=\"default\" global_colors_info=\"{}\"][et_pb_row _builder_version=\"4.17.6\" _module_preset=\"default\" global_colors_info=\"{}\"][et_pb_column type=\"4_4\" _builder_version=\"4.17.6\" _module_preset=\"default\" pac_dcm_carousel_specific_module_num=\"0\" global_colors_info=\"{}\"][et_pb_text _builder_version=\"4.17.6\" _module_preset=\"default\" text_font=\"|700|||||||\" text_font_size=\"20px\" text_orientation=\"center\" hover_enabled=\"0\" global_colors_info=\"{}\" sticky_enabled=\"0\"]\n\nThank you for contacting.\n\nYour request will be answered as soon as possible.\n\n[\/et_pb_text][\/et_pb_column][\/et_pb_row][\/et_pb_section]","_et_gb_content_width":"","footnotes":""},"class_list":["post-242174","page","type-page","status-publish","hentry"],"_links":{"self":[{"href":"https:\/\/humicontrol.com\/pt-pt\/wp-json\/wp\/v2\/pages\/242174","targetHints":{"allow":["GET"]}}],"collection":[{"href":"https:\/\/humicontrol.com\/pt-pt\/wp-json\/wp\/v2\/pages"}],"about":[{"href":"https:\/\/humicontrol.com\/pt-pt\/wp-json\/wp\/v2\/types\/page"}],"author":[{"embeddable":true,"href":"https:\/\/humicontrol.com\/pt-pt\/wp-json\/wp\/v2\/users\/2"}],"replies":[{"embeddable":true,"href":"https:\/\/humicontrol.com\/pt-pt\/wp-json\/wp\/v2\/comments?post=242174"}],"version-history":[{"count":0,"href":"https:\/\/humicontrol.com\/pt-pt\/wp-json\/wp\/v2\/pages\/242174\/revisions"}],"wp:attachment":[{"href":"https:\/\/humicontrol.com\/pt-pt\/wp-json\/wp\/v2\/media?parent=242174"}],"curies":[{"name":"wp","href":"https:\/\/api.w.org\/{rel}","templated":true}]}}