{"id":242257,"date":"2022-03-18T02:34:38","date_gmt":"2022-03-18T01:34:38","guid":{"rendered":"https:\/\/humicontrol.com\/partners\/"},"modified":"2024-11-06T16:52:55","modified_gmt":"2024-11-06T16:52:55","slug":"parceiros","status":"publish","type":"page","link":"https:\/\/humicontrol.com\/pt-pt\/parceiros\/","title":{"rendered":"Parceiros"},"content":{"rendered":"<p>[et_pb_section fb_built=&#8221;1&#8243; inner_shadow=&#8221;on&#8221; next_background_color=&#8221;#ffffff&#8221; _builder_version=&#8221;4.17.6&#8243; background_color=&#8221;#c6c6c6&#8243; background_image=&#8221;https:\/\/humicontrol.com\/wp-content\/uploads\/2022\/04\/IMG_1834-1-scaled.jpg&#8221; background_blend=&#8221;overlay&#8221; min_height=&#8221;360px&#8221; height=&#8221;360px&#8221; max_height=&#8221;360px&#8221; custom_margin=&#8221;0px||||false|false&#8221; custom_padding=&#8221;50px||50px||true|false&#8221; bottom_divider_style=&#8221;asymmetric2&#8243; bottom_divider_flip=&#8221;horizontal&#8221; bottom_divider_height_tablet=&#8221;&#8221; bottom_divider_height_phone=&#8221;50px&#8221; bottom_divider_height_last_edited=&#8221;on|phone&#8221; global_colors_info=&#8221;{}&#8221;][et_pb_row column_structure=&#8221;1_2,1_2&#8243; make_equal=&#8221;on&#8221; _builder_version=&#8221;4.16&#8243; custom_padding=&#8221;0px||0px|||&#8221; global_colors_info=&#8221;{}&#8221;][et_pb_column type=&#8221;1_2&#8243; _builder_version=&#8221;4.16&#8243; background_enable_color=&#8221;off&#8221; pac_dcm_carousel_specific_module_num=&#8221;0&#8243; global_colors_info=&#8221;{}&#8221;][et_pb_text _builder_version=&#8221;4.27.2&#8243; text_font=&#8221;||||||||&#8221; text_text_color=&#8221;#000000&#8243; text_font_size=&#8221;24px&#8221; text_line_height=&#8221;1.2em&#8221; header_font=&#8221;|800|||||||&#8221; background_enable_color=&#8221;off&#8221; custom_margin=&#8221;||20px||false|false&#8221; custom_padding=&#8221;25px|0px||0px|false|false&#8221; hover_enabled=&#8221;0&#8243; text_font_size_tablet=&#8221;24px&#8221; text_font_size_phone=&#8221;16px&#8221; text_font_size_last_edited=&#8221;on|phone&#8221; header_font_size_tablet=&#8221;&#8221; header_font_size_phone=&#8221;30px&#8221; header_font_size_last_edited=&#8221;on|phone&#8221; global_colors_info=&#8221;{}&#8221; sticky_enabled=&#8221;0&#8243;]<\/p>\n<h1>PARCEIROS<\/h1>\n<p>Se a sua empresa \u00e9 <strong>especializada em tratamento de humidade<\/strong>, eis uma boa <strong>oportunidade de neg\u00f3cio<\/strong><\/p>\n<p>[\/et_pb_text][\/et_pb_column][et_pb_column type=&#8221;1_2&#8243; _builder_version=&#8221;4.16&#8243; pac_dcm_carousel_specific_module_num=&#8221;0&#8243; global_colors_info=&#8221;{}&#8221;][\/et_pb_column][\/et_pb_row][\/et_pb_section][et_pb_section fb_built=&#8221;1&#8243; _builder_version=&#8221;4.16&#8243; custom_padding=&#8221;50px||0px||false|&#8221; global_colors_info=&#8221;{}&#8221;][et_pb_row _builder_version=&#8221;4.17.6&#8243; custom_padding=&#8221;0px||60px|||&#8221; global_colors_info=&#8221;{}&#8221;][et_pb_column type=&#8221;4_4&#8243; _builder_version=&#8221;4.16&#8243; pac_dcm_carousel_specific_module_num=&#8221;0&#8243; global_colors_info=&#8221;{}&#8221;][et_pb_text _builder_version=&#8221;4.20.0&#8243; _module_preset=&#8221;default&#8221; global_colors_info=&#8221;{}&#8221;]<\/p>\n<p><span><nav aria-label=\"breadcrumbs\" class=\"rank-math-breadcrumb\"><p><span class=\"last\">Inicio<\/span><\/p><\/nav><\/span><\/p>\n<p>[\/et_pb_text][et_pb_text _builder_version=&#8221;4.27.0&#8243; _module_preset=&#8221;default&#8221; text_font=&#8221;||||||||&#8221; header_3_font=&#8221;|600|||||||&#8221; text_orientation=&#8221;center&#8221; custom_margin=&#8221;||20px||false|false&#8221; global_colors_info=&#8221;{}&#8221;]<\/p>\n<h3>Uma oportunidade de neg\u00f3cio<br \/>\ncom a tecnologia mais avan\u00e7ada<\/h3>\n<p>[\/et_pb_text][et_pb_text _builder_version=&#8221;4.27.2&#8243; _module_preset=&#8221;default&#8221; hover_enabled=&#8221;0&#8243; global_colors_info=&#8221;{}&#8221; sticky_enabled=&#8221;0&#8243;]<\/p>\n<p><strong>Se a sua empresa \u00e9 especializada no tratamento da humidade capilar, possu\u00ed um site focado nesta patologia e pretende trabalhar com a tecnologia mais avan\u00e7ada, basta preencher o formul\u00e1rio em anexo.<\/strong><\/p>\n<p>\u00c9 cada vez mais evidente a necessidade de <strong>especializa\u00e3o das empresas, para serem as melhores na sua \u00e1rea<\/strong> e serem capazes de proporcionar valor acrescentado aos seus clientes.<\/p>\n<p>Atrav\u00e9s dos milhares de tratamentos realizados adquirimos um conhecimento profundo sobre todo o processo de diagnostico e resolu\u00e7\u00e3o da humidade capilar com a garantia m\u00e1xima.<\/p>\n<p><strong>O Humicontrol est\u00e1 em processo de expans\u00e3o a n\u00edvel internacional.<\/strong><\/p>\n<p>Dispomos de <strong>tecnologia de ponta a um pre\u00e7o muito competitivo<\/strong> e de todo o <strong>know-how<\/strong> para que possa desenvolver com sucesso o mercado na sua \u00e1rea.<\/p>\n<p>Se deseja ser Parceiro Humicontrol, preencha o formul\u00e1rio, ficar\u00e1 muito interessado no que vai ouvir.<\/p>\n<p>[\/et_pb_text][et_pb_code _builder_version=&#8221;4.16.1&#8243; _module_preset=&#8221;default&#8221; global_colors_info=&#8221;{}&#8221;][\/et_pb_code][et_pb_video_slider show_image_overlay=&#8221;on&#8221; _builder_version=&#8221;4.20.2&#8243; _module_preset=&#8221;default&#8221; global_colors_info=&#8221;{}&#8221;][et_pb_video_slider_item src=&#8221;https:\/\/www.youtube.com\/watch?v=oTDx7wrdg2E&#8221; image_src=&#8221;https:\/\/humicontrol.com\/wp-content\/uploads\/2023\/03\/partner_esp_ramon.png&#8221; _builder_version=&#8221;4.20.2&#8243; _module_preset=&#8221;default&#8221; global_colors_info=&#8221;{}&#8221; show_image_overlay=&#8221;on&#8221;][\/et_pb_video_slider_item][\/et_pb_video_slider][\/et_pb_column][\/et_pb_row][et_pb_row column_structure=&#8221;1_3,1_3,1_3&#8243; use_custom_gutter=&#8221;on&#8221; gutter_width=&#8221;1&#8243; make_equal=&#8221;on&#8221; disabled_on=&#8221;on|off|off&#8221; _builder_version=&#8221;4.17.6&#8243; width=&#8221;100%&#8221; max_width=&#8221;100%&#8221; height=&#8221;250px&#8221; custom_margin=&#8221;||0px||false|false&#8221; custom_padding=&#8221;0px||0px||false|false&#8221; global_colors_info=&#8221;{}&#8221;][et_pb_column type=&#8221;1_3&#8243; _builder_version=&#8221;4.16.1&#8243; background_image=&#8221;https:\/\/humicontrol.com\/wp-content\/uploads\/2022\/04\/Imatge-part-baixa-de-Partner-1-scaled.jpg&#8221; pac_dcm_carousel_specific_module_num=&#8221;0&#8243; global_colors_info=&#8221;{}&#8221;][\/et_pb_column][et_pb_column type=&#8221;1_3&#8243; _builder_version=&#8221;4.16.1&#8243; background_image=&#8221;https:\/\/humicontrol.com\/wp-content\/uploads\/2022\/04\/Imatge-part-baixa-de-Partner-2.jpg&#8221; pac_dcm_carousel_specific_module_num=&#8221;0&#8243; global_colors_info=&#8221;{}&#8221;][\/et_pb_column][et_pb_column type=&#8221;1_3&#8243; _builder_version=&#8221;4.16.1&#8243; background_image=&#8221;https:\/\/humicontrol.com\/wp-content\/uploads\/2022\/04\/Imatge-part-baixa-de-Partner-3-e1650620548921.jpg&#8221; pac_dcm_carousel_specific_module_num=&#8221;0&#8243; global_colors_info=&#8221;{}&#8221;][\/et_pb_column][\/et_pb_row][\/et_pb_section][et_pb_section fb_built=&#8221;1&#8243; custom_padding_last_edited=&#8221;on|phone&#8221; _builder_version=&#8221;4.17.6&#8243; _module_preset=&#8221;default&#8221; custom_margin=&#8221;||||false|false&#8221; custom_padding=&#8221;||||false|false&#8221; custom_padding_tablet=&#8221;||||false|false&#8221; custom_padding_phone=&#8221;0px||||false|false&#8221; global_colors_info=&#8221;{}&#8221;][et_pb_row _builder_version=&#8221;4.16.1&#8243; _module_preset=&#8221;default&#8221; global_colors_info=&#8221;{}&#8221;][et_pb_column type=&#8221;4_4&#8243; _builder_version=&#8221;4.16.1&#8243; _module_preset=&#8221;default&#8221; pac_dcm_carousel_specific_module_num=&#8221;0&#8243; global_colors_info=&#8221;{}&#8221;][et_pb_code _builder_version=&#8221;4.27.2&#8243; _module_preset=&#8221;default&#8221; global_colors_info=&#8221;{}&#8221;]<div id=\"quform-df6771\" class=\"quform quform-40 quform-support-page-caching\"><form id=\"quform-form-df6771\" class=\"quform-form quform-form-40\" action=\"\/pt-pt\/wp-json\/wp\/v2\/pages\/242257#quform-df6771\" method=\"post\" enctype=\"multipart\/form-data\" novalidate=\"novalidate\" data-options=\"{&quot;id&quot;:40,&quot;uniqueId&quot;:&quot;df6771&quot;,&quot;theme&quot;:&quot;&quot;,&quot;ajax&quot;:true,&quot;logic&quot;:{&quot;logic&quot;:[],&quot;dependents&quot;:[],&quot;elementIds&quot;:[],&quot;dependentElementIds&quot;:[],&quot;animate&quot;:true},&quot;currentPageId&quot;:1,&quot;errorsIcon&quot;:&quot;&quot;,&quot;updateFancybox&quot;:true,&quot;hasPages&quot;:false,&quot;pages&quot;:[1],&quot;pageProgressType&quot;:&quot;numbers&quot;,&quot;tooltipsEnabled&quot;:true,&quot;tooltipClasses&quot;:&quot;qtip-quform-dark qtip-shadow&quot;,&quot;tooltipMy&quot;:&quot;left center&quot;,&quot;tooltipAt&quot;:&quot;right center&quot;,&quot;isRtl&quot;:false,&quot;scrollOffset&quot;:-50,&quot;scrollSpeed&quot;:800}\"><button class=\"quform-default-submit\" name=\"quform_submit\" type=\"submit\" value=\"submit\" aria-hidden=\"true\" tabindex=\"-1\"><\/button><div class=\"quform-form-inner quform-form-inner-40\"><input type=\"hidden\" name=\"quform_form_id\" value=\"40\" \/><input type=\"hidden\" name=\"quform_form_uid\" value=\"df6771\" \/><input type=\"hidden\" name=\"quform_count\" value=\"1\" \/><input type=\"hidden\" name=\"form_url\" value=\"https:\/\/humicontrol.com\/pt-pt\/wp-json\/wp\/v2\/pages\/242257\" \/><input type=\"hidden\" name=\"referring_url\" value=\"\" \/><input type=\"hidden\" name=\"post_id\" value=\"\" \/><input type=\"hidden\" name=\"post_title\" value=\"\" \/><input type=\"hidden\" name=\"quform_current_page_id\" value=\"1\" \/><input type=\"hidden\" name=\"quform_csrf_token\" value=\"nc0aGtVrmdI37NeykXqnq9kCrLExzZKodG7z8iCU\" \/><div class=\"quform-elements quform-elements-40 quform-cf quform-responsive-elements-phone-landscape\"><div class=\"quform-element quform-element-page quform-page-1 quform-page-40_1 quform-cf quform-group-style-plain quform-first-page quform-last-page quform-current-page\"><div class=\"quform-child-elements\"><div class=\"quform-element quform-element-row quform-element-row-40_11 quform-1-columns quform-element-row-size-fixed quform-responsive-columns-phone-landscape\"><div class=\"quform-element quform-element-column quform-element-40_12\"><div class=\"quform-element quform-element-row quform-element-row-40_43 quform-3-columns quform-element-row-size-fixed quform-responsive-columns-phone-landscape\"><div class=\"quform-element quform-element-column quform-element-40_44\"><div class=\"quform-element quform-element-name quform-element-40_3 quform-cf quform-element-required\"><div class=\"quform-spacer\"><div class=\"quform-inner quform-inner-name quform-inner-40_3 quform-field-size-slim\"><div class=\"quform-input quform-input-name quform-input-40_3 quform-cf\"><div class=\"quform-element-row quform-1-columns quform-element-row-size-fixed quform-responsive-columns-phone-landscape\"><div class=\"quform-element-column\"><div class=\"quform-element quform-element-text quform-element-40_3_2 quform-cf quform-element-required\"><div class=\"quform-spacer\"><div class=\"quform-inner quform-inner-text quform-inner-40_3_2 quform-field-size-slim\"><div class=\"quform-input quform-input-text quform-input-40_3_2 quform-cf\"><input type=\"text\" id=\"quform_40_3_2_df6771\" name=\"quform_40_3[2]\" class=\"quform-field quform-field-text quform-field-40_3_2\" placeholder=\"NOME DA EMPRESA\" \/><\/div><\/div><\/div><\/div><\/div><\/div><\/div><\/div><\/div><\/div><\/div><div class=\"quform-element quform-element-column quform-element-40_45\"><div class=\"quform-element quform-element-name quform-element-40_102 quform-cf quform-element-required\"><div class=\"quform-spacer\"><div class=\"quform-inner quform-inner-name quform-inner-40_102 quform-field-size-slim\"><div class=\"quform-input quform-input-name quform-input-40_102 quform-cf\"><div class=\"quform-element-row quform-1-columns quform-element-row-size-fixed quform-responsive-columns-phone-landscape\"><div class=\"quform-element-column\"><div class=\"quform-element quform-element-text quform-element-40_102_2 quform-cf quform-element-required\"><div class=\"quform-spacer\"><div class=\"quform-inner quform-inner-text quform-inner-40_102_2 quform-field-size-slim\"><div class=\"quform-input quform-input-text quform-input-40_102_2 quform-cf\"><input type=\"text\" id=\"quform_40_102_2_df6771\" name=\"quform_40_102[2]\" class=\"quform-field quform-field-text quform-field-40_102_2\" placeholder=\"NOME E APELIDO\" \/><\/div><\/div><\/div><\/div><\/div><\/div><\/div><\/div><\/div><\/div><\/div><div class=\"quform-element quform-element-column quform-element-40_58\"><div class=\"quform-element quform-element-text quform-element-40_61 quform-cf quform-labels-inside quform-element-required\"><div class=\"quform-spacer\"><div class=\"quform-inner quform-inner-text quform-inner-40_61 quform-field-size-slim\"><div class=\"quform-input quform-input-text quform-input-40_61 quform-cf\"><input type=\"text\" id=\"quform_40_61_df6771\" name=\"quform_40_61\" class=\"quform-field quform-field-text quform-field-40_61\" placeholder=\"TELEFONE\" \/><\/div><\/div><\/div><\/div><\/div><\/div><div class=\"quform-element quform-element-row quform-element-row-40_109 quform-3-columns quform-element-row-size-fixed quform-responsive-columns-phone-landscape\"><div class=\"quform-element quform-element-column quform-element-40_110\"><div class=\"quform-element quform-element-email quform-element-40_115 quform-cf quform-labels-inside quform-element-required\"><div class=\"quform-spacer\"><div class=\"quform-inner quform-inner-email quform-inner-40_115 quform-field-size-slim\"><div class=\"quform-input quform-input-email quform-input-40_115 quform-cf\"><input type=\"email\" id=\"quform_40_115_df6771\" name=\"quform_40_115\" class=\"quform-field quform-field-email quform-field-40_115\" placeholder=\"E-MAIL\" \/><\/div><\/div><\/div><\/div><\/div><div class=\"quform-element quform-element-column quform-element-40_113\"><div class=\"quform-element quform-element-text quform-element-40_112 quform-cf quform-labels-inside quform-element-required\"><div class=\"quform-spacer\"><div class=\"quform-inner quform-inner-text quform-inner-40_112 quform-field-size-slim\"><div class=\"quform-input quform-input-text quform-input-40_112 quform-cf\"><input type=\"text\" id=\"quform_40_112_df6771\" name=\"quform_40_112\" class=\"quform-field quform-field-text quform-field-40_112\" placeholder=\"CIDADE\" \/><\/div><\/div><\/div><\/div><\/div><div class=\"quform-element quform-element-column quform-element-40_116\"><div class=\"quform-element quform-element-text quform-element-40_117 quform-cf quform-labels-inside quform-element-required\"><div class=\"quform-spacer\"><div class=\"quform-inner quform-inner-text quform-inner-40_117 quform-field-size-slim\"><div class=\"quform-input quform-input-text quform-input-40_117 quform-cf\"><input type=\"text\" id=\"quform_40_117_df6771\" name=\"quform_40_117\" class=\"quform-field quform-field-text quform-field-40_117\" placeholder=\"PA\u00cdS\" \/><\/div><\/div><\/div><\/div><\/div><\/div><div class=\"quform-element quform-element-row quform-element-row-40_46 quform-1-columns quform-element-row-size-fixed quform-responsive-columns-phone-landscape\"><div class=\"quform-element quform-element-column quform-element-40_47\"><div class=\"quform-element quform-element-text quform-element-40_106 quform-cf quform-labels-inside quform-element-optional\"><div class=\"quform-spacer\"><div class=\"quform-inner quform-inner-text quform-inner-40_106 quform-field-size-slim\"><div class=\"quform-input quform-input-text quform-input-40_106 quform-cf\"><input type=\"text\" id=\"quform_40_106_df6771\" name=\"quform_40_106\" class=\"quform-field quform-field-text quform-field-40_106\" placeholder=\"WEB\" \/><\/div><\/div><\/div><\/div><\/div><\/div><div class=\"quform-element quform-element-row quform-element-row-40_69 quform-1-columns quform-element-row-size-fixed quform-responsive-columns-phone-landscape\"><div class=\"quform-element quform-element-column quform-element-40_70\"><div class=\"quform-element quform-element-textarea quform-element-40_29 quform-cf quform-labels-inside quform-element-optional\"><div class=\"quform-spacer\"><div class=\"quform-inner quform-inner-textarea quform-inner-40_29 quform-field-size-slim\"><div class=\"quform-input quform-input-textarea quform-input-40_29 quform-cf\"><textarea id=\"quform_40_29_df6771\" name=\"quform_40_29\" class=\"quform-field quform-field-textarea quform-field-40_29\" placeholder=\"Fale-nos brevemente sobre a sua empresa\"><\/textarea><\/div><\/div><\/div><\/div><\/div><\/div><\/div><\/div><div class=\"quform-element quform-element-row quform-element-row-40_78 quform-1-columns quform-element-row-size-fixed quform-responsive-columns-phone-landscape\"><div class=\"quform-element quform-element-column quform-element-40_79\"><div class=\"quform-element quform-element-html quform-element-40_108 quform-cf\"><div class=\"quform-spacer\"><strong>Avaliaremos rapidamente a sua candidatura e entraremos em contacto consigo pessoalmente para o ajudar a tomar esta oportunidade de neg\u00f3cio rapidamente bem-sucedida.<\/strong><\/div><\/div><\/div><\/div><div class=\"quform-element quform-element-row quform-element-row-40_97 quform-1-columns quform-element-row-size-fixed quform-responsive-columns-phone-landscape\"><div class=\"quform-element quform-element-column quform-element-40_98\"><div class=\"quform-element quform-element-checkbox quform-element-40_100 quform-cf quform-element-required\"><div class=\"quform-spacer\"><div class=\"quform-label quform-label-40_100\"><label class=\"quform-label-text\" id=\"quform_40_100_df6771_label\">Pol\u00edtica de privacidad<span class=\"quform-required\">*<\/span><\/label><\/div><div class=\"quform-inner quform-inner-checkbox quform-inner-40_100 quform-field-size-slim\"><div class=\"quform-input quform-input-checkbox quform-input-40_100 quform-cf\"><div class=\"quform-options quform-cf quform-options-block quform-options-simple\" role=\"group\" aria-labelledby=\"quform_40_100_df6771_label\"><div class=\"quform-option\"><input type=\"checkbox\" name=\"quform_40_100[]\" id=\"quform_40_100_df6771_1\" class=\"quform-field quform-field-checkbox quform-field-40_100 quform-field-40_100_1\" value=\"Li e aceito as condi\u00e7\u00f5es legais\" \/><label for=\"quform_40_100_df6771_1\" class=\"quform-option-label quform-option-label-40_100_1\"><span class=\"quform-option-text\">Li e aceito as condi\u00e7\u00f5es legais<\/span><\/label><\/div><\/div><\/div><\/div><\/div><\/div><div class=\"quform-element quform-element-checkbox quform-element-40_101 quform-cf quform-element-optional\"><div class=\"quform-spacer\"><div class=\"quform-label quform-label-40_101\"><label class=\"quform-label-text\" id=\"quform_40_101_df6771_label\">Publicidad<\/label><\/div><div class=\"quform-inner quform-inner-checkbox quform-inner-40_101 quform-field-size-slim\"><div class=\"quform-input quform-input-checkbox quform-input-40_101 quform-cf\"><div class=\"quform-options quform-cf quform-options-block quform-options-simple\" role=\"group\" aria-labelledby=\"quform_40_101_df6771_label\"><div class=\"quform-option\"><input type=\"checkbox\" name=\"quform_40_101[]\" id=\"quform_40_101_df6771_1\" class=\"quform-field quform-field-checkbox quform-field-40_101 quform-field-40_101_1\" value=\"Concordo em receber informa\u00e7\u00f5es da Humicontrol SL e dos seus Parceiros para responder ao meu pedido\" \/><label for=\"quform_40_101_df6771_1\" class=\"quform-option-label quform-option-label-40_101_1\"><span class=\"quform-option-text\">Concordo em receber informa\u00e7\u00f5es da Humicontrol SL e dos seus Parceiros para responder ao meu pedido<\/span><\/label><\/div><\/div><\/div><\/div><\/div><\/div><\/div><\/div><div class=\"quform-element quform-element-submit quform-element-40_2 quform-cf quform-button-style-theme quform-button-width-medium\"><div class=\"quform-button-submit quform-button-submit-default quform-button-submit-40_2 quform-button-icon-right\"><button name=\"quform_submit\" type=\"submit\" class=\"quform-submit\" value=\"submit\"><span class=\"quform-button-text quform-button-submit-text\">Enviar<\/span><span class=\"quform-button-icon quform-button-submit-icon\"><i class=\"fa fa-chevron-right\"><\/i><\/span><\/button><\/div><div class=\"quform-loading quform-loading-position-left quform-loading-type-spinner-1\"><div class=\"quform-loading-inner\"><div class=\"quform-loading-spinner\"><div class=\"quform-loading-spinner-inner\"><\/div><\/div><\/div><\/div><\/div><div class=\"quform-element-tree\"><label for=\"quform_40_0_df6771\">This field should be left blank<\/label><input type=\"text\" id=\"quform_40_0_df6771\" name=\"quform_40_0\" class=\"quform-field quform-field-tree quform-field-40_0\" tabindex=\"-1\" autocomplete=\"off\" \/><\/div><\/div><\/div><\/div><\/div><\/form><\/div>[\/et_pb_code][\/et_pb_column][\/et_pb_row][\/et_pb_section]<\/p>\n","protected":false},"excerpt":{"rendered":"<p>PARCEIROS Se a sua empresa \u00e9 especializada em tratamento de humidade, eis uma boa oportunidade de neg\u00f3cio<nav aria-label=\"breadcrumbs\" class=\"rank-math-breadcrumb\"><p><span class=\"last\">Inicio<\/span><\/p><\/nav>Uma oportunidade de neg\u00f3cio com a tecnologia mais avan\u00e7adaSe a sua empresa \u00e9 especializada no tratamento da humidade capilar, possu\u00ed um site focado nesta patologia e pretende trabalhar com a tecnologia mais avan\u00e7ada, basta preencher o formul\u00e1rio em anexo. [&hellip;]<\/p>\n","protected":false},"author":2,"featured_media":0,"parent":0,"menu_order":0,"comment_status":"closed","ping_status":"closed","template":"","meta":{"_et_pb_use_builder":"on","_et_pb_old_content":"","_et_gb_content_width":"","footnotes":""},"class_list":["post-242257","page","type-page","status-publish","hentry"],"_links":{"self":[{"href":"https:\/\/humicontrol.com\/pt-pt\/wp-json\/wp\/v2\/pages\/242257","targetHints":{"allow":["GET"]}}],"collection":[{"href":"https:\/\/humicontrol.com\/pt-pt\/wp-json\/wp\/v2\/pages"}],"about":[{"href":"https:\/\/humicontrol.com\/pt-pt\/wp-json\/wp\/v2\/types\/page"}],"author":[{"embeddable":true,"href":"https:\/\/humicontrol.com\/pt-pt\/wp-json\/wp\/v2\/users\/2"}],"replies":[{"embeddable":true,"href":"https:\/\/humicontrol.com\/pt-pt\/wp-json\/wp\/v2\/comments?post=242257"}],"version-history":[{"count":0,"href":"https:\/\/humicontrol.com\/pt-pt\/wp-json\/wp\/v2\/pages\/242257\/revisions"}],"wp:attachment":[{"href":"https:\/\/humicontrol.com\/pt-pt\/wp-json\/wp\/v2\/media?parent=242257"}],"curies":[{"name":"wp","href":"https:\/\/api.w.org\/{rel}","templated":true}]}}