{"id":242271,"date":"2022-03-18T02:34:06","date_gmt":"2022-03-18T02:34:06","guid":{"rendered":"https:\/\/humicontrol.com\/ramon-mestre\/"},"modified":"2024-11-06T16:57:24","modified_gmt":"2024-11-06T16:57:24","slug":"ramon-mestre","status":"publish","type":"page","link":"https:\/\/humicontrol.com\/pt-pt\/ramon-mestre\/","title":{"rendered":"Ramon Mestre"},"content":{"rendered":"<p>[et_pb_section fb_built=&#8221;1&#8243; inner_shadow=&#8221;on&#8221; next_background_color=&#8221;#ffffff&#8221; _builder_version=&#8221;4.17.6&#8243; background_color=&#8221;#c6c6c6&#8243; background_image=&#8221;https:\/\/humicontrol.com\/wp-content\/uploads\/2022\/03\/slide-ramon-mestre.jpg&#8221; background_position=&#8221;bottom_center&#8221; background_vertical_offset=&#8221;30%&#8221; background_blend=&#8221;overlay&#8221; min_height=&#8221;360px&#8221; height=&#8221;360px&#8221; max_height=&#8221;360px&#8221; custom_margin=&#8221;0px||||false|false&#8221; custom_padding=&#8221;50px||50px||true|false&#8221; bottom_divider_style=&#8221;asymmetric2&#8243; bottom_divider_flip=&#8221;horizontal&#8221; bottom_divider_height_tablet=&#8221;&#8221; bottom_divider_height_phone=&#8221;50px&#8221; bottom_divider_height_last_edited=&#8221;on|phone&#8221; background_last_edited=&#8221;on|phone&#8221; background_position_phone=&#8221;center_right&#8221; background_vertical_offset_phone=&#8221;-55%&#8221; global_colors_info=&#8221;{}&#8221;][et_pb_row column_structure=&#8221;1_2,1_2&#8243; make_equal=&#8221;on&#8221; _builder_version=&#8221;4.16&#8243; custom_padding=&#8221;0px||0px|||&#8221; global_colors_info=&#8221;{}&#8221;][et_pb_column type=&#8221;1_2&#8243; _builder_version=&#8221;4.16&#8243; background_enable_color=&#8221;off&#8221; pac_dcm_carousel_specific_module_num=&#8221;0&#8243; global_colors_info=&#8221;{}&#8221;][et_pb_text _builder_version=&#8221;4.27.0&#8243; text_font=&#8221;||||||||&#8221; text_text_color=&#8221;#000000&#8243; text_font_size=&#8221;24px&#8221; text_line_height=&#8221;1.2em&#8221; header_font=&#8221;|800|||||||&#8221; background_enable_color=&#8221;off&#8221; custom_margin=&#8221;||20px||false|false&#8221; custom_padding=&#8221;25px|0px||0px|false|false&#8221; text_font_size_tablet=&#8221;24px&#8221; text_font_size_phone=&#8221;16px&#8221; text_font_size_last_edited=&#8221;on|phone&#8221; header_font_size_tablet=&#8221;&#8221; header_font_size_phone=&#8221;30px&#8221; header_font_size_last_edited=&#8221;on|desktop&#8221; global_colors_info=&#8221;{}&#8221;]<\/p>\n<h1>Ramon Mestre<\/h1>\n<p>Sou CEO da Humicontrol<br \/>e a minha vida sempre esteve ligada<br \/>ao mundo da humidade<\/p>\n<p>[\/et_pb_text][\/et_pb_column][et_pb_column type=&#8221;1_2&#8243; _builder_version=&#8221;4.16&#8243; pac_dcm_carousel_specific_module_num=&#8221;0&#8243; global_colors_info=&#8221;{}&#8221;][\/et_pb_column][\/et_pb_row][\/et_pb_section][et_pb_section fb_built=&#8221;1&#8243; custom_padding_last_edited=&#8221;on|phone&#8221; _builder_version=&#8221;4.25.2&#8243; custom_padding=&#8221;85px||40px||false|&#8221; custom_padding_tablet=&#8221;85px||40px||false|&#8221; custom_padding_phone=&#8221;40px||40px||false|false&#8221; global_colors_info=&#8221;{}&#8221;][et_pb_row column_structure=&#8221;1_2,1_2&#8243; _builder_version=&#8221;4.17.6&#8243; background_color=&#8221;rgba(203,187,160,0.1)&#8221; global_colors_info=&#8221;{}&#8221;][et_pb_column type=&#8221;1_2&#8243; _builder_version=&#8221;4.17.6&#8243; custom_padding=&#8221;30px|||30px|false|false&#8221; custom_padding_tablet=&#8221;30px|||30px|false|false&#8221; custom_padding_phone=&#8221;30px|30px||30px|false|false&#8221; custom_padding_last_edited=&#8221;on|phone&#8221; pac_dcm_carousel_specific_module_num=&#8221;0&#8243; global_colors_info=&#8221;{}&#8221;][et_pb_text _builder_version=&#8221;4.27.0&#8243; header_3_font=&#8221;|700|||||||&#8221; header_3_font_size=&#8221;36px&#8221; custom_margin=&#8221;||0px||false|false&#8221; custom_padding=&#8221;||11px|||&#8221; global_colors_info=&#8221;{}&#8221;]<\/p>\n<h3 style=\"text-align: left;\">Procurando no meu ba\u00fa de <strong>mem\u00f3rias<\/strong><\/h3>\n<p>[\/et_pb_text][et_pb_text _builder_version=&#8221;4.27.0&#8243; text_orientation=&#8221;justified&#8221; custom_padding=&#8221;||0px|||&#8221; global_colors_info=&#8221;{}&#8221;]<\/p>\n<p style=\"text-align: justify;\">Encontrei este desenho que fiz h\u00e1 muitos anos.<\/p>\n<p>Aqui estou eu, em frente a uma parede com humidade capilar e com um higr\u00f3metro na m\u00e3o. &#8220;Humidade! Sim? Viva!&#8221;<\/p>\n<p style=\"text-align: justifique;\">Eu sou o Ramon Mestre, CEO da Humicontrol, e como j\u00e1 perceberam <strong>a minha vida sempre esteve ligada a esta especialidade peculiar<\/strong> dentro da \u00e1rea da reabilita\u00e7\u00e3o de edif\u00edcios .<\/p>\n<p style=\"text-align: justify;\">Fiz este desenho quando tinha 8 anos e desde ent\u00e3o tive tempo para aprender tudo sobre o mundo da humidade capilar.<\/p>\n<p>[\/et_pb_text][\/et_pb_column][et_pb_column type=&#8221;1_2&#8243; _builder_version=&#8221;4.16&#8243; pac_dcm_carousel_specific_module_num=&#8221;0&#8243; global_colors_info=&#8221;{}&#8221;][et_pb_image src=&#8221;https:\/\/humicontrol.com\/wp-content\/uploads\/2022\/04\/DIBUIX-8-ANYS_horitzontal.jpg&#8221; title_text=&#8221;DIBUIX-8 ANYS_horitzontal&#8221; align=&#8221;center&#8221; _builder_version=&#8221;4.16.1&#8243; height=&#8221;311px&#8221; custom_margin=&#8221;-100px||||false|false&#8221; custom_margin_tablet=&#8221;0px||||false|false&#8221; custom_margin_phone=&#8221;0px||||false|false&#8221; custom_margin_last_edited=&#8221;on|tablet&#8221; custom_padding=&#8221;||||false|false&#8221; global_colors_info=&#8221;{}&#8221;][\/et_pb_image][\/et_pb_column][\/et_pb_row][et_pb_row _builder_version=&#8221;4.16.1&#8243; _module_preset=&#8221;default&#8221; global_colors_info=&#8221;{}&#8221;][et_pb_column type=&#8221;4_4&#8243; _builder_version=&#8221;4.16.1&#8243; _module_preset=&#8221;default&#8221; pac_dcm_carousel_specific_module_num=&#8221;0&#8243; global_colors_info=&#8221;{}&#8221;][et_pb_text _builder_version=&#8221;4.27.0&#8243; _module_preset=&#8221;default&#8221; global_colors_info=&#8221;{}&#8221;]<\/p>\n<h3 style=\"texto-align: center;\"><strong>&#8220;Humedologista&#8221; por voca\u00e7\u00e3o<\/strong><\/h3>\n<p justifique=\"\">Coisas vida, h\u00e1 quem, desde pequeno, tenha vivido as pir\u00e2mides do Egipto como ningu\u00e9m e se tenha tornado egipt\u00f3logo.<\/p>\n<p justifique=\"\">&gt;H\u00e1 quem desde crian\u00e7a se tenha dedicado \u00e0 observa\u00e7\u00e3o de aves para se tornar um ornit\u00f3logo de renome.<br \/>E veja, desde pequeno que prestei aten\u00e7\u00e3o \u00e0 humidade e <strong>tornei-me &#8220;humedologista&#8221;<\/strong>.<\/p>\n<p style=\"text-align: justify;\">Na <strong>Humicontrol<\/strong> dedicamos todas as nossas energias ao <strong>desenvolvimento de solu\u00e7\u00f5es tecnol\u00f3gicas<\/strong> para garantir que os nossos clientes nunca t\u00eam de sofrer com a humidade em caves e por\u00f5es.<\/p>\n<p style=\"texto-align: justifique;\">O <strong>novo dispositivo MURSEC ECO multifrequ\u00eancia de eletrosmose sem fios SmartPolar\u00ae<\/strong> representa uma terceira revolu\u00e7\u00e3o tecnol\u00f3gica no tratamento da humidade depois da j\u00e1 conhecida t\u00e9cnica MURSEC ECO de eletrosmose sem fios , sistema de eletrosmose activa MURSEC e t\u00e9cnica de eletrosmose de forese TRABER, melhorando o desempenho e reduzindo os custos.<\/p>\n<p style=\"text-align: justify;\">O Humicontrol est\u00e1 a crescer n\u00e3o s\u00f3 em Espanha, mas tamb\u00e9m no resto da Europa e na Am\u00e9rica Latina.<\/p>\n<p style=\"text-align: justify;\">Se aprendi alguma coisa durante todo este tempo, \u00e9 que <strong>a humidade \u00e9 um problema complexo<\/strong>.<\/p>\n<p style=\"text-align: justify;\">E aqui estou eu, para poder partilhar convosco todo o meu conhecimento e experi\u00eancia nesta \u00e1rea e, em \u00faltima an\u00e1lise, ajudar-vos a resolver problemas de humidade capilar.<\/p>\n<p>[\/et_pb_text][\/et_pb_column][\/et_pb_row][\/et_pb_section][et_pb_section fb_built=&#8221;1&#8243; fullwidth=&#8221;on&#8221; _builder_version=&#8221;4.16.1&#8243; _module_preset=&#8221;default&#8221; global_colors_info=&#8221;{}&#8221;][et_pb_fullwidth_image src=&#8221;https:\/\/humicontrol.com\/wp-content\/uploads\/2022\/04\/DIBUIX-8-ANYS_vertical-peu-de-text-gris.png&#8221; title_text=&#8221;DIBUIX-8 ANYS_vertical peu de text-gris&#8221; _builder_version=&#8221;4.16.1&#8243; _module_preset=&#8221;default&#8221; max_height=&#8221;330px&#8221; global_colors_info=&#8221;{}&#8221;][\/et_pb_fullwidth_image][\/et_pb_section]<\/p>\n","protected":false},"excerpt":{"rendered":"<p>Ramon Mestre Sou CEO da Humicontrole a minha vida sempre esteve ligadaao mundo da humidadeProcurando no meu ba\u00fa de mem\u00f3riasEncontrei este desenho que fiz h\u00e1 muitos anos. Aqui estou eu, em frente a uma parede com humidade capilar e com um higr\u00f3metro na m\u00e3o. &#8220;Humidade! Sim? Viva!&#8221; Eu sou o Ramon Mestre, CEO da Humicontrol, [&hellip;]<\/p>\n","protected":false},"author":2,"featured_media":0,"parent":0,"menu_order":0,"comment_status":"closed","ping_status":"closed","template":"","meta":{"_et_pb_use_builder":"on","_et_pb_old_content":"","_et_gb_content_width":"","footnotes":""},"class_list":["post-242271","page","type-page","status-publish","hentry"],"_links":{"self":[{"href":"https:\/\/humicontrol.com\/pt-pt\/wp-json\/wp\/v2\/pages\/242271","targetHints":{"allow":["GET"]}}],"collection":[{"href":"https:\/\/humicontrol.com\/pt-pt\/wp-json\/wp\/v2\/pages"}],"about":[{"href":"https:\/\/humicontrol.com\/pt-pt\/wp-json\/wp\/v2\/types\/page"}],"author":[{"embeddable":true,"href":"https:\/\/humicontrol.com\/pt-pt\/wp-json\/wp\/v2\/users\/2"}],"replies":[{"embeddable":true,"href":"https:\/\/humicontrol.com\/pt-pt\/wp-json\/wp\/v2\/comments?post=242271"}],"version-history":[{"count":0,"href":"https:\/\/humicontrol.com\/pt-pt\/wp-json\/wp\/v2\/pages\/242271\/revisions"}],"wp:attachment":[{"href":"https:\/\/humicontrol.com\/pt-pt\/wp-json\/wp\/v2\/media?parent=242271"}],"curies":[{"name":"wp","href":"https:\/\/api.w.org\/{rel}","templated":true}]}}